{"id":1164,"date":"2019-08-19T09:35:55","date_gmt":"2019-08-19T07:35:55","guid":{"rendered":"https:\/\/tudulinnakultuurikants.ee\/?page_id=1164"},"modified":"2020-02-12T13:29:03","modified_gmt":"2020-02-12T11:29:03","slug":"festival-tudulinna-tuled-2019","status":"publish","type":"page","link":"https:\/\/tudulinnakultuurikants.ee\/?page_id=1164","title":{"rendered":"Festival Tudulinna Tuled 2019"},"content":{"rendered":"<div id=\"pl-1164\"  class=\"panel-layout\" ><div id=\"pg-1164-0\"  class=\"panel-grid panel-has-style\" ><div style=\"padding-top: 30px; padding-bottom: 30px; \" class=\"panel-row-style panel-row-style-for-1164-0\" ><div id=\"pgc-1164-0-0\"  class=\"panel-grid-cell\" ><div id=\"panel-1164-0-0-0\" class=\"so-panel widget widget_text panel-first-child panel-last-child\" data-index=\"0\" ><h3 class=\"widget-title\">Suvefestival Tudulinna Tuled 2019 toimus 16. augustil<\/h3>\t\t\t<div class=\"textwidget\"><p>Imekaunil suvep\u00e4eval kogunesime vana kiriku juurde Tudulinna Linnam\u00e4ele teisele suvefestivalile Tudulinna Tuled. Seekordne programm algas lastele n\u00e4omaalingute tegemisega, millele j\u00e4rgnes NUKU Teatri etendus Okasroosike Tiina T\u00f5nise ja Taavi T\u00f5nissoni esituses. Etendus sai suure publikumenu osaliseks nii laste kui nende vanemate ja vanavanemate seas.<\/p>\n<p>J\u00e4rgmisena astusid lavale loodusenaine Kristel Vilbaste ning muusik Anne Maasik. K\u00f5lasid p\u00f5nevad looduselood nii s\u00f5nas kui helis. Vestlust juhtis Lauri V\u00e4inmaa.<\/p>\n<p>P\u00e4ikeseloojangu l\u00e4henedes astus lavale palavalt armastatud muusik T\u00f5nis M\u00e4gi, kelle ehedas esituses k\u00f5lasid tudulinlastele ja paljudele teistele festivalik\u00fclalistele l\u00e4hemalt ja kaugemalt tema\u00a0hitid l\u00e4bi aastak\u00fcmnete. Erilise vastutulekuna publikule toimus kontsert suures osas soovikontserdi vormis.<\/p>\n<p>P\u00e4rast T\u00f5nis M\u00e4gi kontserti s\u00fcttis h\u00e4marduvas suve\u00f5htus ilus l\u00f5ke, mille \u00fcmber j\u00e4tkus vestlus vabas vormis veel tundideks.<\/p>\n<p>Toitlustuse eest hoolitses Tornikuke Kohvik.<\/p>\n<p>Kogu \u00f5htu jooksul saadud tulu l\u00e4heb Tudulinna vana kiriku taastamiseks.<\/p>\n<p><em><span style=\"color: #201f1e;\">Projekti rahastati Kohaliku Omaalgatuse Programmi vahenditest, samuti toetas meid Alutaguse vallavalitsus, kelle abiga saime endale ka kaunid s\u00f6\u00f6gitelgid. Suur t\u00e4nu m\u00f5lemale!<\/span><\/em><\/p>\n<p>&nbsp;<\/p>\n<p><strong>Tudulinna vana kiriku taastamist saab j\u00e4tkuvalt toetada annetusega MT\u00dc Tudulinna Kultuurikants arveldusarvele EE522200221067794646. <\/strong>Tahaksime edaspidi festivali kontserte ja etendusi l\u00e4bi viia juba kenasti taastatud kirikusaalis.<\/p>\n<\/div>\n\t\t<\/div><\/div><div id=\"pgc-1164-0-1\"  class=\"panel-grid-cell\" ><div id=\"panel-1164-0-1-0\" class=\"so-panel widget widget_media_gallery panel-first-child panel-last-child\" data-index=\"1\" ><h3 class=\"widget-title\">Tudulinna Tuled 2019<\/h3><div id='gallery-1' class='gallery galleryid-1164 gallery-columns-3 gallery-size-thumbnail'><figure class='gallery-item'>\n\t\t\t<div class='gallery-icon landscape'>\n\t\t\t\t<a href='https:\/\/tudulinnakultuurikants.ee\/?attachment_id=1165'><img loading=\"lazy\" decoding=\"async\" width=\"150\" height=\"150\" src=\"https:\/\/tudulinnakultuurikants.ee\/wp-content\/uploads\/2019\/08\/IMG_8682-150x150.jpg\" class=\"attachment-thumbnail size-thumbnail\" alt=\"\" aria-describedby=\"gallery-1-1165\" \/><\/a>\n\t\t\t<\/div>\n\t\t\t\t<figcaption class='wp-caption-text gallery-caption' id='gallery-1-1165'>\n\t\t\t\tN\u00e4omaalingud lastele\n\t\t\t\t<\/figcaption><\/figure><figure class='gallery-item'>\n\t\t\t<div class='gallery-icon landscape'>\n\t\t\t\t<a href='https:\/\/tudulinnakultuurikants.ee\/?attachment_id=1168'><img loading=\"lazy\" decoding=\"async\" width=\"150\" height=\"150\" src=\"https:\/\/tudulinnakultuurikants.ee\/wp-content\/uploads\/2019\/08\/IMG_8700-150x150.jpg\" class=\"attachment-thumbnail size-thumbnail\" alt=\"\" aria-describedby=\"gallery-1-1168\" \/><\/a>\n\t\t\t<\/div>\n\t\t\t\t<figcaption class='wp-caption-text gallery-caption' id='gallery-1-1168'>\n\t\t\t\tOkasroosikese etendus\n\t\t\t\t<\/figcaption><\/figure><figure class='gallery-item'>\n\t\t\t<div class='gallery-icon landscape'>\n\t\t\t\t<a href='https:\/\/tudulinnakultuurikants.ee\/?attachment_id=1166'><img loading=\"lazy\" decoding=\"async\" width=\"150\" height=\"150\" src=\"https:\/\/tudulinnakultuurikants.ee\/wp-content\/uploads\/2019\/08\/IMG_8691-150x150.jpg\" class=\"attachment-thumbnail size-thumbnail\" alt=\"\" aria-describedby=\"gallery-1-1166\" \/><\/a>\n\t\t\t<\/div>\n\t\t\t\t<figcaption class='wp-caption-text gallery-caption' id='gallery-1-1166'>\n\t\t\t\tTiina T\u00f5nis ja Taavi T\u00f5nisson\n\t\t\t\t<\/figcaption><\/figure><figure class='gallery-item'>\n\t\t\t<div class='gallery-icon landscape'>\n\t\t\t\t<a href='https:\/\/tudulinnakultuurikants.ee\/?attachment_id=1170'><img loading=\"lazy\" decoding=\"async\" width=\"150\" height=\"150\" src=\"https:\/\/tudulinnakultuurikants.ee\/wp-content\/uploads\/2019\/08\/IMG_8729-150x150.jpg\" class=\"attachment-thumbnail size-thumbnail\" alt=\"\" aria-describedby=\"gallery-1-1170\" \/><\/a>\n\t\t\t<\/div>\n\t\t\t\t<figcaption class='wp-caption-text gallery-caption' id='gallery-1-1170'>\n\t\t\t\tLauri V\u00e4inmaa, Kristel Vilbaste ja Anne Maasik \n\t\t\t\t<\/figcaption><\/figure><figure class='gallery-item'>\n\t\t\t<div class='gallery-icon landscape'>\n\t\t\t\t<a href='https:\/\/tudulinnakultuurikants.ee\/?attachment_id=1169'><img loading=\"lazy\" decoding=\"async\" width=\"150\" height=\"150\" src=\"https:\/\/tudulinnakultuurikants.ee\/wp-content\/uploads\/2019\/08\/IMG_8725-150x150.jpg\" class=\"attachment-thumbnail size-thumbnail\" alt=\"\" aria-describedby=\"gallery-1-1169\" \/><\/a>\n\t\t\t<\/div>\n\t\t\t\t<figcaption class='wp-caption-text gallery-caption' id='gallery-1-1169'>\n\t\t\t\tT\u00e4nulik publik\n\t\t\t\t<\/figcaption><\/figure><figure class='gallery-item'>\n\t\t\t<div class='gallery-icon landscape'>\n\t\t\t\t<a href='https:\/\/tudulinnakultuurikants.ee\/?attachment_id=1167'><img loading=\"lazy\" decoding=\"async\" width=\"150\" height=\"150\" src=\"https:\/\/tudulinnakultuurikants.ee\/wp-content\/uploads\/2019\/08\/IMG_8696-150x150.jpg\" class=\"attachment-thumbnail size-thumbnail\" alt=\"\" aria-describedby=\"gallery-1-1167\" \/><\/a>\n\t\t\t<\/div>\n\t\t\t\t<figcaption class='wp-caption-text gallery-caption' id='gallery-1-1167'>\n\t\t\t\tRahvast on kogunenud hulgaliselt\n\t\t\t\t<\/figcaption><\/figure><figure class='gallery-item'>\n\t\t\t<div class='gallery-icon landscape'>\n\t\t\t\t<a href='https:\/\/tudulinnakultuurikants.ee\/?attachment_id=1171'><img loading=\"lazy\" decoding=\"async\" width=\"150\" height=\"150\" src=\"https:\/\/tudulinnakultuurikants.ee\/wp-content\/uploads\/2019\/08\/IMG_8739-150x150.jpg\" class=\"attachment-thumbnail size-thumbnail\" alt=\"\" aria-describedby=\"gallery-1-1171\" \/><\/a>\n\t\t\t<\/div>\n\t\t\t\t<figcaption class='wp-caption-text gallery-caption' id='gallery-1-1171'>\n\t\t\t\tLavale on j\u00f5udnud T\u00f5nis M\u00e4gi\n\t\t\t\t<\/figcaption><\/figure><figure class='gallery-item'>\n\t\t\t<div class='gallery-icon landscape'>\n\t\t\t\t<a href='https:\/\/tudulinnakultuurikants.ee\/?attachment_id=1172'><img loading=\"lazy\" decoding=\"async\" width=\"150\" height=\"150\" src=\"https:\/\/tudulinnakultuurikants.ee\/wp-content\/uploads\/2019\/08\/IMG_8744-150x150.jpg\" class=\"attachment-thumbnail size-thumbnail\" alt=\"\" aria-describedby=\"gallery-1-1172\" \/><\/a>\n\t\t\t<\/div>\n\t\t\t\t<figcaption class='wp-caption-text gallery-caption' id='gallery-1-1172'>\n\t\t\t\tT\u00f5nis M\u00e4gi\n\t\t\t\t<\/figcaption><\/figure><figure class='gallery-item'>\n\t\t\t<div class='gallery-icon landscape'>\n\t\t\t\t<a href='https:\/\/tudulinnakultuurikants.ee\/?attachment_id=1173'><img loading=\"lazy\" decoding=\"async\" width=\"150\" height=\"150\" src=\"https:\/\/tudulinnakultuurikants.ee\/wp-content\/uploads\/2019\/08\/IMG_8753-150x150.jpg\" class=\"attachment-thumbnail size-thumbnail\" alt=\"\" aria-describedby=\"gallery-1-1173\" \/><\/a>\n\t\t\t<\/div>\n\t\t\t\t<figcaption class='wp-caption-text gallery-caption' id='gallery-1-1173'>\n\t\t\t\tTaamal Tudulinna vana kirik\n\t\t\t\t<\/figcaption><\/figure><figure class='gallery-item'>\n\t\t\t<div class='gallery-icon landscape'>\n\t\t\t\t<a href='https:\/\/tudulinnakultuurikants.ee\/?attachment_id=1174'><img loading=\"lazy\" decoding=\"async\" width=\"150\" height=\"150\" src=\"https:\/\/tudulinnakultuurikants.ee\/wp-content\/uploads\/2019\/08\/IMG_8757-150x150.jpg\" class=\"attachment-thumbnail size-thumbnail\" alt=\"\" aria-describedby=\"gallery-1-1174\" \/><\/a>\n\t\t\t<\/div>\n\t\t\t\t<figcaption class='wp-caption-text gallery-caption' id='gallery-1-1174'>\n\t\t\t\tKontsert hakkab l\u00f5ppema &#8211; k\u00f5lab Koit\n\t\t\t\t<\/figcaption><\/figure><figure class='gallery-item'>\n\t\t\t<div class='gallery-icon portrait'>\n\t\t\t\t<a href='https:\/\/tudulinnakultuurikants.ee\/?attachment_id=1175'><img loading=\"lazy\" decoding=\"async\" width=\"150\" height=\"150\" src=\"https:\/\/tudulinnakultuurikants.ee\/wp-content\/uploads\/2019\/08\/IMG_8762-e1566200199885-150x150.jpg\" class=\"attachment-thumbnail size-thumbnail\" alt=\"\" aria-describedby=\"gallery-1-1175\" \/><\/a>\n\t\t\t<\/div>\n\t\t\t\t<figcaption class='wp-caption-text gallery-caption' id='gallery-1-1175'>\n\t\t\t\tL\u00f5ke \n\t\t\t\t<\/figcaption><\/figure>\n\t\t<\/div>\n<\/div><\/div><\/div><\/div><\/div>","protected":false},"excerpt":{"rendered":"<p>Imekaunil suvep\u00e4eval kogunesime vana kiriku juurde Tudulinna Linnam\u00e4ele teisele suvefestivalile Tudulinna Tuled. Seekordne programm algas lastele n\u00e4omaalingute tegemisega, millele j\u00e4rgnes NUKU Teatri etendus Okasroosike Tiina T\u00f5nise ja Taavi T\u00f5nissoni esituses. Etendus sai suure publikumenu osaliseks nii laste kui nende vanemate ja vanavanemate seas. J\u00e4rgmisena astusid lavale loodusenaine Kristel Vilbaste ning&nbsp;[ &hellip; ]<\/p>\n","protected":false},"author":2,"featured_media":0,"parent":0,"menu_order":0,"comment_status":"closed","ping_status":"closed","template":"","meta":{"_bbp_topic_count":0,"_bbp_reply_count":0,"_bbp_total_topic_count":0,"_bbp_total_reply_count":0,"_bbp_voice_count":0,"_bbp_anonymous_reply_count":0,"_bbp_topic_count_hidden":0,"_bbp_reply_count_hidden":0,"_bbp_forum_subforum_count":0,"footnotes":"","_links_to":"","_links_to_target":""},"class_list":["post-1164","page","type-page","status-publish","hentry","list-style-post"],"_links":{"self":[{"href":"https:\/\/tudulinnakultuurikants.ee\/index.php?rest_route=\/wp\/v2\/pages\/1164","targetHints":{"allow":["GET"]}}],"collection":[{"href":"https:\/\/tudulinnakultuurikants.ee\/index.php?rest_route=\/wp\/v2\/pages"}],"about":[{"href":"https:\/\/tudulinnakultuurikants.ee\/index.php?rest_route=\/wp\/v2\/types\/page"}],"author":[{"embeddable":true,"href":"https:\/\/tudulinnakultuurikants.ee\/index.php?rest_route=\/wp\/v2\/users\/2"}],"replies":[{"embeddable":true,"href":"https:\/\/tudulinnakultuurikants.ee\/index.php?rest_route=%2Fwp%2Fv2%2Fcomments&post=1164"}],"version-history":[{"count":16,"href":"https:\/\/tudulinnakultuurikants.ee\/index.php?rest_route=\/wp\/v2\/pages\/1164\/revisions"}],"predecessor-version":[{"id":1384,"href":"https:\/\/tudulinnakultuurikants.ee\/index.php?rest_route=\/wp\/v2\/pages\/1164\/revisions\/1384"}],"wp:attachment":[{"href":"https:\/\/tudulinnakultuurikants.ee\/index.php?rest_route=%2Fwp%2Fv2%2Fmedia&parent=1164"}],"curies":[{"name":"wp","href":"https:\/\/api.w.org\/{rel}","templated":true}]}}