{"id":1196,"date":"2019-08-31T11:49:10","date_gmt":"2019-08-31T09:49:10","guid":{"rendered":"https:\/\/tudulinnakultuurikants.ee\/?page_id=1196"},"modified":"2019-08-31T11:49:10","modified_gmt":"2019-08-31T09:49:10","slug":"revival-of-the-old-church","status":"publish","type":"page","link":"https:\/\/tudulinnakultuurikants.ee\/?page_id=1196&lang=en","title":{"rendered":"Revival of the Old Church"},"content":{"rendered":"<div id=\"pl-1196\"  class=\"panel-layout\" ><div id=\"pg-1196-0\"  class=\"panel-grid panel-has-style\" ><div style=\"padding-top: 30px; padding-bottom: 30px; \" class=\"panel-row-style panel-row-style-for-1196-0\" ><div id=\"pgc-1196-0-0\"  class=\"panel-grid-cell\" ><div id=\"panel-1196-0-0-0\" class=\"so-panel widget widget_text panel-first-child panel-last-child\" data-index=\"0\" ><h3 class=\"widget-title\">The story of renovation<\/h3>\t\t\t<div class=\"textwidget\"><p>&nbsp;<\/p>\n<p><strong>Thoughts will be thoughts\u2026<\/strong><\/p>\n<p>Since the Restoration of Independence in Estonia, the people of Tudulinna have been increasingly thinking about restoring the wooden church and finding a new function for it. Unfortunately, for a long time the church project had no manager, since it was considered too difficult and expensive, and there were no good ideas as to what to do with the church after renovation. As the years went by, the church gradually continued to fall apart. But it persisted, as it had for 250 years.<\/p>\n<\/div>\n\t\t<\/div><\/div><div id=\"pgc-1196-0-1\"  class=\"panel-grid-cell\" ><div id=\"panel-1196-0-1-0\" class=\"so-panel widget widget_media_image panel-first-child panel-last-child\" data-index=\"1\" ><figure style=\"width: 800px\" class=\"wp-caption alignnone\"><img loading=\"lazy\" decoding=\"async\" width=\"800\" height=\"600\" src=\"https:\/\/tudulinnakultuurikants.ee\/wp-content\/uploads\/2019\/04\/Vana-kirik-2009.jpg\" class=\"image wp-image-310  attachment-full size-full\" alt=\"\" style=\"max-width: 100%; height: auto;\" srcset=\"https:\/\/tudulinnakultuurikants.ee\/wp-content\/uploads\/2019\/04\/Vana-kirik-2009.jpg 800w, https:\/\/tudulinnakultuurikants.ee\/wp-content\/uploads\/2019\/04\/Vana-kirik-2009-300x225.jpg 300w, https:\/\/tudulinnakultuurikants.ee\/wp-content\/uploads\/2019\/04\/Vana-kirik-2009-768x576.jpg 768w, https:\/\/tudulinnakultuurikants.ee\/wp-content\/uploads\/2019\/04\/Vana-kirik-2009-710x533.jpg 710w\" sizes=\"auto, (max-width: 800px) 100vw, 800px\" \/><figcaption class=\"wp-caption-text\">Vana kirik 2009 aastal<\/figcaption><\/figure><\/div><\/div><\/div><\/div><div id=\"pg-1196-1\"  class=\"panel-grid panel-has-style\" ><div style=\"padding-top: 30px; padding-bottom: 30px; \" class=\"panel-row-style panel-row-style-for-1196-1\" ><div id=\"pgc-1196-1-0\"  class=\"panel-grid-cell\" ><div id=\"panel-1196-1-0-0\" class=\"so-panel widget widget_text panel-first-child panel-last-child\" data-index=\"2\" >\t\t\t<div class=\"textwidget\"><p><strong>What if we try?<\/strong><\/p>\n<p>In the midsummer of 2017, people began to take action. From the beginning it was clear that there was no point in rebuilding a functioning church, since the other church (Church of Peace) currently used by the townspeople was located on the same hill. Lauri V\u00e4inmaa proposed the idea of establishing a non-profit organization with a goal to organize and coordinate the restoration process and then create a new life for the old church building.<\/p>\n<p>Preparations for setting up a non-profit organization, formulating the NPO\u2019s goals more precisely, drafting the statutes and introducing the idea more widely went by quickly..<\/p>\n<\/div>\n\t\t<\/div><\/div><div id=\"pgc-1196-1-1\"  class=\"panel-grid-cell\" ><\/div><\/div><\/div><div id=\"pg-1196-2\"  class=\"panel-grid panel-has-style\" ><div style=\"padding-top: 30px; padding-bottom: 30px; \" class=\"panel-row-style panel-row-style-for-1196-2\" ><div id=\"pgc-1196-2-0\"  class=\"panel-grid-cell\" ><div id=\"panel-1196-2-0-0\" class=\"so-panel widget widget_text panel-first-child panel-last-child\" data-index=\"4\" >\t\t\t<div class=\"textwidget\"><p><strong>First steps<\/strong><\/p>\n<p>On July 20<sup>th<\/sup>, 2017 at 5 pm, a number of enthusiastic locals gathered at the Tudulinna Community Centre. The aim was to make another (probably the last) joint attempt to save the old wooden church from ruin and help it thrive again. The known history of the church was introduced to those present. With the support of 14 ambitious enthusiasts, the NPO Tudulinna Kultuurikants was founded with the aim of restoring the wooden church externally and creating a multifunctional cultural centre. A five-member management board consisting of Lauri V\u00e4inmaa (Chairman), Aili Reiman, Merike Vaarmets, Annes Kingu and Andres Meresmaa was elected.<\/p>\n<p>Already in September 2017, special conditions were received from the National Heritage Board for the restoration of the old church in Tudulinna. These were the starting points for the restoration project.<\/p>\n<p>In October, the first major undertaking was the clean-up of the old church. More than twenty locals gathered to participate. Together, the church hall and the surrounding area were cleaned of debris, shrubs that began to grow around the exterior walls were removed and entrances were closed. The building\u2019s \u201copen door policy\u201d had come to an end.<\/p>\n<\/div>\n\t\t<\/div><\/div><div id=\"pgc-1196-2-1\"  class=\"panel-grid-cell\" ><div id=\"panel-1196-2-1-0\" class=\"so-panel widget widget_media_image panel-first-child panel-last-child\" data-index=\"5\" ><figure style=\"width: 1024px\" class=\"wp-caption alignnone\"><img loading=\"lazy\" decoding=\"async\" width=\"1024\" height=\"683\" src=\"https:\/\/tudulinnakultuurikants.ee\/wp-content\/uploads\/2019\/05\/IMG_7682-1024x683.jpg\" class=\"image wp-image-376  attachment-large size-large\" alt=\"\" style=\"max-width: 100%; height: auto;\" srcset=\"https:\/\/tudulinnakultuurikants.ee\/wp-content\/uploads\/2019\/05\/IMG_7682-1024x683.jpg 1024w, https:\/\/tudulinnakultuurikants.ee\/wp-content\/uploads\/2019\/05\/IMG_7682-300x200.jpg 300w, https:\/\/tudulinnakultuurikants.ee\/wp-content\/uploads\/2019\/05\/IMG_7682-768x512.jpg 768w, https:\/\/tudulinnakultuurikants.ee\/wp-content\/uploads\/2019\/05\/IMG_7682-270x180.jpg 270w, https:\/\/tudulinnakultuurikants.ee\/wp-content\/uploads\/2019\/05\/IMG_7682-710x473.jpg 710w, https:\/\/tudulinnakultuurikants.ee\/wp-content\/uploads\/2019\/05\/IMG_7682-272x182.jpg 272w\" sizes=\"auto, (max-width: 1024px) 100vw, 1024px\" \/><figcaption class=\"wp-caption-text\">Talgulised 2017 aasta hiliss\u00fcgisel.  Foto: Andres Meresmaa<\/figcaption><\/figure><\/div><\/div><\/div><\/div><div id=\"pg-1196-3\"  class=\"panel-grid panel-has-style\" ><div style=\"padding-top: 30px; padding-bottom: 30px; \" class=\"panel-row-style panel-row-style-for-1196-3\" ><div id=\"pgc-1196-3-0\"  class=\"panel-grid-cell\" ><div id=\"panel-1196-3-0-0\" class=\"so-panel widget widget_text panel-first-child panel-last-child\" data-index=\"6\" >\t\t\t<div class=\"textwidget\"><p><strong>Let\u2019s keep thinking<\/strong><\/p>\n<p>From the beginning, it was clear that there were two major challenges to be addressed: the restoration of the church and its subsequent maintenance. In January 2018, brainstorming sessions organized by the board of the NPO took place in the Tudulinna schoolhouse, attended by nearly 30 people, from Tartu, Tallinn, Rakvere and elsewhere. Together, we sought ideas to allow the old church to find a new sustainable function, finance restoration work, engage partners and attract wider interest. The brainstorming proved to be very substantial and the ideas put forward there have been used in the preparation of the action plan. Many great proposals are just waiting for the right moment.<\/p>\n<\/div>\n\t\t<\/div><\/div><div id=\"pgc-1196-3-1\"  class=\"panel-grid-cell\" ><div id=\"panel-1196-3-1-0\" class=\"so-panel widget widget_media_image panel-first-child panel-last-child\" data-index=\"7\" ><figure style=\"width: 1024px\" class=\"wp-caption alignnone\"><img loading=\"lazy\" decoding=\"async\" width=\"1024\" height=\"683\" src=\"https:\/\/tudulinnakultuurikants.ee\/wp-content\/uploads\/2019\/05\/IMG_7858-1024x683.jpg\" class=\"image wp-image-377  attachment-large size-large\" alt=\"\" style=\"max-width: 100%; height: auto;\" srcset=\"https:\/\/tudulinnakultuurikants.ee\/wp-content\/uploads\/2019\/05\/IMG_7858-1024x683.jpg 1024w, https:\/\/tudulinnakultuurikants.ee\/wp-content\/uploads\/2019\/05\/IMG_7858-300x200.jpg 300w, https:\/\/tudulinnakultuurikants.ee\/wp-content\/uploads\/2019\/05\/IMG_7858-768x512.jpg 768w, https:\/\/tudulinnakultuurikants.ee\/wp-content\/uploads\/2019\/05\/IMG_7858-270x180.jpg 270w, https:\/\/tudulinnakultuurikants.ee\/wp-content\/uploads\/2019\/05\/IMG_7858-710x473.jpg 710w, https:\/\/tudulinnakultuurikants.ee\/wp-content\/uploads\/2019\/05\/IMG_7858-272x182.jpg 272w\" sizes=\"auto, (max-width: 1024px) 100vw, 1024px\" \/><figcaption class=\"wp-caption-text\">M\u00f5ttetalgulised Tudulinna koolimajas.  Foto: Andres Meresmaa<\/figcaption><\/figure><\/div><\/div><\/div><\/div><div id=\"pg-1196-4\"  class=\"panel-grid panel-has-style\" ><div style=\"padding-top: 30px; padding-bottom: 30px; \" class=\"panel-row-style panel-row-style-for-1196-4\" ><div id=\"pgc-1196-4-0\"  class=\"panel-grid-cell\" ><div id=\"panel-1196-4-0-0\" class=\"so-panel widget widget_text panel-first-child panel-last-child\" data-index=\"8\" >\t\t\t<div class=\"textwidget\"><p><strong>Together is better<\/strong><\/p>\n<p>The church\u2019s restoration is not just a hobby for a narrow interest group (NPO). The goal is to benefit the entire Tudulinna community. It was therefore decided to work with other locals and local organizations early on. The idea was realized in the form of a Goodwill Agreement (Hea Tahte Kokkulepe &#8211; HTK), which was concluded between Tudulinna Kultuurikants, the rural municipality of Alutaguse, the Estonian Evangelical Lutheran Church\u2019s Tudulinna Church of Peace and Vana Veski NPO (Estonian for Old Mill). The contract was solemnly signed in front of the old church on June 10<sup>th<\/sup>, 2018, on the Day of Good Deeds.<\/p>\n<p>During the same event, an information stand was opened for tourists introducing three historic building monuments on Linnam\u00e4e: Tudulinna Old Church, Tudulinna Church of Peace and the Tudulinna M\u00f6ldri Farm Windmill.<\/p>\n<p>A concert was held in the old church after more than 70 years, with the Oonurme mixed choir, kannel player Kristi M\u00fchling and actress Tiina T\u00f5nis performing.<\/p>\n<\/div>\n\t\t<\/div><\/div><div id=\"pgc-1196-4-1\"  class=\"panel-grid-cell\" ><div id=\"panel-1196-4-1-0\" class=\"so-panel widget widget_media_image panel-first-child panel-last-child\" data-index=\"9\" ><figure style=\"width: 1024px\" class=\"wp-caption alignnone\"><img loading=\"lazy\" decoding=\"async\" width=\"1024\" height=\"683\" src=\"https:\/\/tudulinnakultuurikants.ee\/wp-content\/uploads\/2019\/05\/IMG_8112-1024x683.jpg\" class=\"image wp-image-378  attachment-large size-large\" alt=\"\" style=\"max-width: 100%; height: auto;\" srcset=\"https:\/\/tudulinnakultuurikants.ee\/wp-content\/uploads\/2019\/05\/IMG_8112-1024x683.jpg 1024w, https:\/\/tudulinnakultuurikants.ee\/wp-content\/uploads\/2019\/05\/IMG_8112-300x200.jpg 300w, https:\/\/tudulinnakultuurikants.ee\/wp-content\/uploads\/2019\/05\/IMG_8112-768x512.jpg 768w, https:\/\/tudulinnakultuurikants.ee\/wp-content\/uploads\/2019\/05\/IMG_8112-270x180.jpg 270w, https:\/\/tudulinnakultuurikants.ee\/wp-content\/uploads\/2019\/05\/IMG_8112-710x473.jpg 710w, https:\/\/tudulinnakultuurikants.ee\/wp-content\/uploads\/2019\/05\/IMG_8112-272x182.jpg 272w\" sizes=\"auto, (max-width: 1024px) 100vw, 1024px\" \/><figcaption class=\"wp-caption-text\">Hea Tahte Kokkuleppe allkirjastamine juunis 2018. Foto: Andres Meresmaa<\/figcaption><\/figure><\/div><\/div><\/div><\/div><div id=\"pg-1196-5\"  class=\"panel-grid panel-has-style\" ><div style=\"padding-top: 30px; padding-bottom: 30px; \" class=\"panel-row-style panel-row-style-for-1196-5\" ><div id=\"pgc-1196-5-0\"  class=\"panel-grid-cell\" ><div id=\"panel-1196-5-0-0\" class=\"so-panel widget widget_text panel-first-child panel-last-child\" data-index=\"10\" >\t\t\t<div class=\"textwidget\"><p><strong>Lights of Tudulinna<\/strong><\/p>\n<p>The first Tudulinna Lights Summer Festival was organized in August 2018 in cooperation with the Peipus Culinary Route Festival, during two days offering tourists the opportunity to visit the old church and hear stories about the history of the church and Tudulinna itself. There was a concert, featuring well-known guitarist Robert J\u00fcrjendal and painter T\u00f5nu Talve created a painting inspired by the church and the mood of the festival. Folklorist Mall Hiiem\u00e4e talked about fire in folk traditions, and musicians from Iisaku sang and played folk songs with kannels. The evening ended with the first ever Fire of Ancient Light on Tudulinna Linnam\u00e4gi. The proceeds of the festival went to support the restoration of the old church in Tudulinna.<\/p>\n<p>Tudulinna Lights will be an annual summer event in Tudulinna. It is currently in a church that has not yet been renovated, but soon enough it will be made available to the community as a cultural centre.<\/p>\n<\/div>\n\t\t<\/div><\/div><div id=\"pgc-1196-5-1\"  class=\"panel-grid-cell\" ><\/div><\/div><\/div><div id=\"pg-1196-6\"  class=\"panel-grid panel-has-style\" ><div style=\"padding-top: 30px; padding-bottom: 30px; \" class=\"panel-row-style panel-row-style-for-1196-6\" ><div id=\"pgc-1196-6-0\"  class=\"panel-grid-cell\" ><div id=\"panel-1196-6-0-0\" class=\"so-panel widget widget_text panel-first-child panel-last-child\" data-index=\"12\" >\t\t\t<div class=\"textwidget\"><p><strong>Thoughts on paper<\/strong><\/p>\n<p>In the summer of 2019, a project for the restoration of the old church was begun by AS Zoroaster. It is based on the wishes and suggestions of the NPO Tudulinna Kultuurikants, the special conditions of the National Heritage Board and modern safety and technology requirements. According to the project, the restoration of the church building will see the tower\u2019s exterior returned as close as possible to its pre-1939 appearance. The interior does not intend to restore the elements necessary for ecclesiastical activities (altar, pulpit, etc.), but to design a hall suitable for concerts, theatre performances, meetings and seminars and the display of museum exhibits.<\/p>\n<\/div>\n\t\t<\/div><\/div><div id=\"pgc-1196-6-1\"  class=\"panel-grid-cell\" ><\/div><\/div><\/div><div id=\"pg-1196-7\"  class=\"panel-grid panel-has-style\" ><div style=\"padding-top: 30px; padding-bottom: 30px; \" class=\"panel-row-style panel-row-style-for-1196-7\" ><div id=\"pgc-1196-7-0\"  class=\"panel-grid-cell\" ><div id=\"panel-1196-7-0-0\" class=\"so-panel widget widget_text panel-first-child panel-last-child\" data-index=\"14\" >\t\t\t<div class=\"textwidget\"><p><strong>Awaiting restoration<\/strong><\/p>\n<p>Today, the old wooden church of Tudulinna is hopefully awaiting its rebirth. <em>Please support the honourable building&#8217;s new life by donating to the Tudulinna Kultuurikants MT\u00dc <strong>EE522200221067794646.<\/strong><\/em><\/p>\n<p>&nbsp;<\/p>\n<\/div>\n\t\t<\/div><\/div><div id=\"pgc-1196-7-1\"  class=\"panel-grid-cell\" ><\/div><\/div><\/div><\/div>","protected":false},"excerpt":{"rendered":"<p>&nbsp; Thoughts will be thoughts\u2026 Since the Restoration of Independence in Estonia, the people of Tudulinna have been increasingly thinking about restoring the wooden church and finding a new function for it. Unfortunately, for a long time the church project had no manager, since it was considered too difficult and&nbsp;[ &hellip; ]<\/p>\n","protected":false},"author":2,"featured_media":0,"parent":0,"menu_order":0,"comment_status":"closed","ping_status":"closed","template":"","meta":{"_bbp_topic_count":0,"_bbp_reply_count":0,"_bbp_total_topic_count":0,"_bbp_total_reply_count":0,"_bbp_voice_count":0,"_bbp_anonymous_reply_count":0,"_bbp_topic_count_hidden":0,"_bbp_reply_count_hidden":0,"_bbp_forum_subforum_count":0,"footnotes":"","_links_to":"","_links_to_target":""},"class_list":["post-1196","page","type-page","status-publish","hentry","list-style-post"],"_links":{"self":[{"href":"https:\/\/tudulinnakultuurikants.ee\/index.php?rest_route=\/wp\/v2\/pages\/1196","targetHints":{"allow":["GET"]}}],"collection":[{"href":"https:\/\/tudulinnakultuurikants.ee\/index.php?rest_route=\/wp\/v2\/pages"}],"about":[{"href":"https:\/\/tudulinnakultuurikants.ee\/index.php?rest_route=\/wp\/v2\/types\/page"}],"author":[{"embeddable":true,"href":"https:\/\/tudulinnakultuurikants.ee\/index.php?rest_route=\/wp\/v2\/users\/2"}],"replies":[{"embeddable":true,"href":"https:\/\/tudulinnakultuurikants.ee\/index.php?rest_route=%2Fwp%2Fv2%2Fcomments&post=1196"}],"version-history":[{"count":2,"href":"https:\/\/tudulinnakultuurikants.ee\/index.php?rest_route=\/wp\/v2\/pages\/1196\/revisions"}],"predecessor-version":[{"id":1199,"href":"https:\/\/tudulinnakultuurikants.ee\/index.php?rest_route=\/wp\/v2\/pages\/1196\/revisions\/1199"}],"wp:attachment":[{"href":"https:\/\/tudulinnakultuurikants.ee\/index.php?rest_route=%2Fwp%2Fv2%2Fmedia&parent=1196"}],"curies":[{"name":"wp","href":"https:\/\/api.w.org\/{rel}","templated":true}]}}