{"id":1336,"date":"2019-12-28T17:34:36","date_gmt":"2019-12-28T15:34:36","guid":{"rendered":"https:\/\/tudulinnakultuurikants.ee\/?page_id=1336"},"modified":"2019-12-28T17:45:50","modified_gmt":"2019-12-28T15:45:50","slug":"joulukohv-7-detsembril-2019","status":"publish","type":"page","link":"https:\/\/tudulinnakultuurikants.ee\/?page_id=1336","title":{"rendered":"J\u00f5ulukohv 7 detsembril 2019"},"content":{"rendered":"<div id=\"pl-1336\"  class=\"panel-layout\" ><div id=\"pg-1336-0\"  class=\"panel-grid panel-has-style\" ><div style=\"padding-top: 30px; padding-bottom: 30px; \" class=\"panel-row-style panel-row-style-for-1336-0\" ><div id=\"pgc-1336-0-0\"  class=\"panel-grid-cell\" ><div id=\"panel-1336-0-0-0\" class=\"so-panel widget widget_text panel-first-child panel-last-child\" data-index=\"0\" ><h3 class=\"widget-title\">Aastal\u00f5pu kokkusaamine toetajate ja koost\u00f6\u00f6partneritega<\/h3>\t\t\t<div class=\"textwidget\"><p>J\u00f5ulukuu alguses kutsus MT\u00dc Tudulinna Kultuurikants kohvi jooma ja piparkooke s\u00f6\u00f6ma oma s\u00f5brad ja abilised, kes l\u00f5ppeva aasta jooksul on kaasa aidanud meie ettev\u00f5tmistele. Oli tore tunda, et hoolimata pimedast ja vesisest hiliss\u00fcgise p\u00e4evast kogunes Tudulinna Koolimajja rahvast hulgaliselt. Lisaks kohalikele oli tulijaid kaugemaltki.<\/p>\n<p>\u00d5htu alustuseks tutvustas MT\u00dc juhatuse esimees Lauri V\u00e4inmaa ruumi koolimajas, mis \u00e4sja antud meie k\u00e4sutusse ja mis oli j\u00f5utud juba varustada teemakohaste stendidega. Erilist t\u00e4helepanu p\u00e4lvis ajalooline klaver, mis hoolimata oma vanusest t\u00e4iesti m\u00e4nguk\u00f5lbulik on. \u00dchtlasi said kokkutulnud p\u00f5hjaliku \u00fclevaate MT\u00dc tegemistest l\u00f5ppeval aastal. Asjahuvilised said tutvuda ka hiljuti valminud vana puukiriku taastamisprojektiga.<\/p>\n<p>Edasi koguneti teise endisesse klassiruumi, kus j\u00e4tkus meeleolukas koosviibimine kohvi, piparkookide ja teiste suupistetega. Taustaks jooksis ekraanil video T\u00f5nis M\u00e4gi kontserdist festivalil Tudulinna Tuled 2019. Korraldajate poolt said k\u00f5ik kohalviibijad kingituseks kaunistustega kukekujulise piparkoogi.<\/p>\n<\/div>\n\t\t<\/div><\/div><div id=\"pgc-1336-0-1\"  class=\"panel-grid-cell\" ><div id=\"panel-1336-0-1-0\" class=\"so-panel widget widget_media_image panel-first-child\" data-index=\"1\" ><figure style=\"width: 1024px\" class=\"wp-caption alignnone\"><img loading=\"lazy\" decoding=\"async\" width=\"1024\" height=\"683\" src=\"https:\/\/tudulinnakultuurikants.ee\/wp-content\/uploads\/2019\/12\/IMG_8873-1024x683.jpg\" class=\"image wp-image-1328  attachment-large size-large\" alt=\"\" style=\"max-width: 100%; height: auto;\" srcset=\"https:\/\/tudulinnakultuurikants.ee\/wp-content\/uploads\/2019\/12\/IMG_8873-1024x683.jpg 1024w, https:\/\/tudulinnakultuurikants.ee\/wp-content\/uploads\/2019\/12\/IMG_8873-300x200.jpg 300w, https:\/\/tudulinnakultuurikants.ee\/wp-content\/uploads\/2019\/12\/IMG_8873-768x512.jpg 768w, https:\/\/tudulinnakultuurikants.ee\/wp-content\/uploads\/2019\/12\/IMG_8873-600x400.jpg 600w, https:\/\/tudulinnakultuurikants.ee\/wp-content\/uploads\/2019\/12\/IMG_8873-1536x1024.jpg 1536w, https:\/\/tudulinnakultuurikants.ee\/wp-content\/uploads\/2019\/12\/IMG_8873-2048x1365.jpg 2048w, https:\/\/tudulinnakultuurikants.ee\/wp-content\/uploads\/2019\/12\/IMG_8873-270x180.jpg 270w, https:\/\/tudulinnakultuurikants.ee\/wp-content\/uploads\/2019\/12\/IMG_8873-710x473.jpg 710w, https:\/\/tudulinnakultuurikants.ee\/wp-content\/uploads\/2019\/12\/IMG_8873-272x182.jpg 272w\" sizes=\"auto, (max-width: 1024px) 100vw, 1024px\" \/><figcaption class=\"wp-caption-text\">Lauri tutvustab 2019 aasta ettev\u00f5tmisi.  Foto: Andres Meresmaa<\/figcaption><\/figure><\/div><div id=\"panel-1336-0-1-1\" class=\"so-panel widget widget_media_image\" data-index=\"2\" ><img loading=\"lazy\" decoding=\"async\" width=\"683\" height=\"1024\" src=\"https:\/\/tudulinnakultuurikants.ee\/wp-content\/uploads\/2019\/12\/IMG_8874-683x1024.jpg\" class=\"image wp-image-1329  attachment-large size-large\" alt=\"\" style=\"max-width: 100%; height: auto;\" srcset=\"https:\/\/tudulinnakultuurikants.ee\/wp-content\/uploads\/2019\/12\/IMG_8874-683x1024.jpg 683w, https:\/\/tudulinnakultuurikants.ee\/wp-content\/uploads\/2019\/12\/IMG_8874-200x300.jpg 200w, https:\/\/tudulinnakultuurikants.ee\/wp-content\/uploads\/2019\/12\/IMG_8874-768x1152.jpg 768w, https:\/\/tudulinnakultuurikants.ee\/wp-content\/uploads\/2019\/12\/IMG_8874-1024x1536.jpg 1024w, https:\/\/tudulinnakultuurikants.ee\/wp-content\/uploads\/2019\/12\/IMG_8874-1365x2048.jpg 1365w, https:\/\/tudulinnakultuurikants.ee\/wp-content\/uploads\/2019\/12\/IMG_8874-710x1065.jpg 710w, https:\/\/tudulinnakultuurikants.ee\/wp-content\/uploads\/2019\/12\/IMG_8874.jpg 1664w\" sizes=\"auto, (max-width: 683px) 100vw, 683px\" \/><\/div><div id=\"panel-1336-0-1-2\" class=\"so-panel widget widget_media_image\" data-index=\"3\" ><img loading=\"lazy\" decoding=\"async\" width=\"1024\" height=\"683\" src=\"https:\/\/tudulinnakultuurikants.ee\/wp-content\/uploads\/2019\/12\/IMG_8885-1024x683.jpg\" class=\"image wp-image-1331  attachment-large size-large\" alt=\"\" style=\"max-width: 100%; height: auto;\" srcset=\"https:\/\/tudulinnakultuurikants.ee\/wp-content\/uploads\/2019\/12\/IMG_8885-1024x683.jpg 1024w, https:\/\/tudulinnakultuurikants.ee\/wp-content\/uploads\/2019\/12\/IMG_8885-300x200.jpg 300w, https:\/\/tudulinnakultuurikants.ee\/wp-content\/uploads\/2019\/12\/IMG_8885-768x512.jpg 768w, https:\/\/tudulinnakultuurikants.ee\/wp-content\/uploads\/2019\/12\/IMG_8885-600x400.jpg 600w, https:\/\/tudulinnakultuurikants.ee\/wp-content\/uploads\/2019\/12\/IMG_8885-1536x1024.jpg 1536w, https:\/\/tudulinnakultuurikants.ee\/wp-content\/uploads\/2019\/12\/IMG_8885-2048x1365.jpg 2048w, https:\/\/tudulinnakultuurikants.ee\/wp-content\/uploads\/2019\/12\/IMG_8885-270x180.jpg 270w, https:\/\/tudulinnakultuurikants.ee\/wp-content\/uploads\/2019\/12\/IMG_8885-710x473.jpg 710w, https:\/\/tudulinnakultuurikants.ee\/wp-content\/uploads\/2019\/12\/IMG_8885-272x182.jpg 272w\" sizes=\"auto, (max-width: 1024px) 100vw, 1024px\" \/><\/div><div id=\"panel-1336-0-1-3\" class=\"so-panel widget widget_media_image\" data-index=\"4\" ><img loading=\"lazy\" decoding=\"async\" width=\"1024\" height=\"683\" src=\"https:\/\/tudulinnakultuurikants.ee\/wp-content\/uploads\/2019\/12\/IMG_8887-1024x683.jpg\" class=\"image wp-image-1332  attachment-large size-large\" alt=\"\" style=\"max-width: 100%; height: auto;\" srcset=\"https:\/\/tudulinnakultuurikants.ee\/wp-content\/uploads\/2019\/12\/IMG_8887-1024x683.jpg 1024w, https:\/\/tudulinnakultuurikants.ee\/wp-content\/uploads\/2019\/12\/IMG_8887-300x200.jpg 300w, https:\/\/tudulinnakultuurikants.ee\/wp-content\/uploads\/2019\/12\/IMG_8887-768x512.jpg 768w, https:\/\/tudulinnakultuurikants.ee\/wp-content\/uploads\/2019\/12\/IMG_8887-600x400.jpg 600w, https:\/\/tudulinnakultuurikants.ee\/wp-content\/uploads\/2019\/12\/IMG_8887-1536x1024.jpg 1536w, https:\/\/tudulinnakultuurikants.ee\/wp-content\/uploads\/2019\/12\/IMG_8887-2048x1365.jpg 2048w, https:\/\/tudulinnakultuurikants.ee\/wp-content\/uploads\/2019\/12\/IMG_8887-270x180.jpg 270w, https:\/\/tudulinnakultuurikants.ee\/wp-content\/uploads\/2019\/12\/IMG_8887-710x473.jpg 710w, https:\/\/tudulinnakultuurikants.ee\/wp-content\/uploads\/2019\/12\/IMG_8887-272x182.jpg 272w\" sizes=\"auto, (max-width: 1024px) 100vw, 1024px\" \/><\/div><div id=\"panel-1336-0-1-4\" class=\"so-panel widget widget_media_image\" data-index=\"5\" ><img loading=\"lazy\" decoding=\"async\" width=\"1024\" height=\"683\" src=\"https:\/\/tudulinnakultuurikants.ee\/wp-content\/uploads\/2019\/12\/IMG_8895-1024x683.jpg\" class=\"image wp-image-1346  attachment-large size-large\" alt=\"\" style=\"max-width: 100%; height: auto;\" srcset=\"https:\/\/tudulinnakultuurikants.ee\/wp-content\/uploads\/2019\/12\/IMG_8895-1024x683.jpg 1024w, https:\/\/tudulinnakultuurikants.ee\/wp-content\/uploads\/2019\/12\/IMG_8895-300x200.jpg 300w, https:\/\/tudulinnakultuurikants.ee\/wp-content\/uploads\/2019\/12\/IMG_8895-768x512.jpg 768w, https:\/\/tudulinnakultuurikants.ee\/wp-content\/uploads\/2019\/12\/IMG_8895-600x400.jpg 600w, https:\/\/tudulinnakultuurikants.ee\/wp-content\/uploads\/2019\/12\/IMG_8895-1536x1024.jpg 1536w, https:\/\/tudulinnakultuurikants.ee\/wp-content\/uploads\/2019\/12\/IMG_8895-2048x1365.jpg 2048w, https:\/\/tudulinnakultuurikants.ee\/wp-content\/uploads\/2019\/12\/IMG_8895-270x180.jpg 270w, https:\/\/tudulinnakultuurikants.ee\/wp-content\/uploads\/2019\/12\/IMG_8895-710x473.jpg 710w, https:\/\/tudulinnakultuurikants.ee\/wp-content\/uploads\/2019\/12\/IMG_8895-272x182.jpg 272w\" sizes=\"auto, (max-width: 1024px) 100vw, 1024px\" \/><\/div><div id=\"panel-1336-0-1-5\" class=\"so-panel widget widget_media_image\" data-index=\"6\" ><img loading=\"lazy\" decoding=\"async\" width=\"1024\" height=\"683\" src=\"https:\/\/tudulinnakultuurikants.ee\/wp-content\/uploads\/2019\/12\/IMG_8896-1024x683.jpg\" class=\"image wp-image-1347  attachment-large size-large\" alt=\"\" style=\"max-width: 100%; height: auto;\" srcset=\"https:\/\/tudulinnakultuurikants.ee\/wp-content\/uploads\/2019\/12\/IMG_8896-1024x683.jpg 1024w, https:\/\/tudulinnakultuurikants.ee\/wp-content\/uploads\/2019\/12\/IMG_8896-300x200.jpg 300w, https:\/\/tudulinnakultuurikants.ee\/wp-content\/uploads\/2019\/12\/IMG_8896-768x512.jpg 768w, https:\/\/tudulinnakultuurikants.ee\/wp-content\/uploads\/2019\/12\/IMG_8896-600x400.jpg 600w, https:\/\/tudulinnakultuurikants.ee\/wp-content\/uploads\/2019\/12\/IMG_8896-1536x1024.jpg 1536w, https:\/\/tudulinnakultuurikants.ee\/wp-content\/uploads\/2019\/12\/IMG_8896-2048x1365.jpg 2048w, https:\/\/tudulinnakultuurikants.ee\/wp-content\/uploads\/2019\/12\/IMG_8896-270x180.jpg 270w, https:\/\/tudulinnakultuurikants.ee\/wp-content\/uploads\/2019\/12\/IMG_8896-710x473.jpg 710w, https:\/\/tudulinnakultuurikants.ee\/wp-content\/uploads\/2019\/12\/IMG_8896-272x182.jpg 272w\" sizes=\"auto, (max-width: 1024px) 100vw, 1024px\" \/><\/div><\/div><\/div><\/div><\/div>","protected":false},"excerpt":{"rendered":"<p>J\u00f5ulukuu alguses kutsus MT\u00dc Tudulinna Kultuurikants kohvi jooma ja piparkooke s\u00f6\u00f6ma oma s\u00f5brad ja abilised, kes l\u00f5ppeva aasta jooksul on kaasa aidanud meie ettev\u00f5tmistele. Oli tore tunda, et hoolimata pimedast ja vesisest hiliss\u00fcgise p\u00e4evast kogunes Tudulinna Koolimajja rahvast hulgaliselt. Lisaks kohalikele oli tulijaid kaugemaltki. \u00d5htu alustuseks tutvustas MT\u00dc juhatuse esimees&nbsp;[ &hellip; ]<\/p>\n","protected":false},"author":2,"featured_media":0,"parent":0,"menu_order":0,"comment_status":"closed","ping_status":"closed","template":"","meta":{"_bbp_topic_count":0,"_bbp_reply_count":0,"_bbp_total_topic_count":0,"_bbp_total_reply_count":0,"_bbp_voice_count":0,"_bbp_anonymous_reply_count":0,"_bbp_topic_count_hidden":0,"_bbp_reply_count_hidden":0,"_bbp_forum_subforum_count":0,"footnotes":"","_links_to":"","_links_to_target":""},"class_list":["post-1336","page","type-page","status-publish","hentry","list-style-post"],"_links":{"self":[{"href":"https:\/\/tudulinnakultuurikants.ee\/index.php?rest_route=\/wp\/v2\/pages\/1336","targetHints":{"allow":["GET"]}}],"collection":[{"href":"https:\/\/tudulinnakultuurikants.ee\/index.php?rest_route=\/wp\/v2\/pages"}],"about":[{"href":"https:\/\/tudulinnakultuurikants.ee\/index.php?rest_route=\/wp\/v2\/types\/page"}],"author":[{"embeddable":true,"href":"https:\/\/tudulinnakultuurikants.ee\/index.php?rest_route=\/wp\/v2\/users\/2"}],"replies":[{"embeddable":true,"href":"https:\/\/tudulinnakultuurikants.ee\/index.php?rest_route=%2Fwp%2Fv2%2Fcomments&post=1336"}],"version-history":[{"count":6,"href":"https:\/\/tudulinnakultuurikants.ee\/index.php?rest_route=\/wp\/v2\/pages\/1336\/revisions"}],"predecessor-version":[{"id":1351,"href":"https:\/\/tudulinnakultuurikants.ee\/index.php?rest_route=\/wp\/v2\/pages\/1336\/revisions\/1351"}],"wp:attachment":[{"href":"https:\/\/tudulinnakultuurikants.ee\/index.php?rest_route=%2Fwp%2Fv2%2Fmedia&parent=1336"}],"curies":[{"name":"wp","href":"https:\/\/api.w.org\/{rel}","templated":true}]}}