{"id":1416,"date":"2020-09-05T16:08:49","date_gmt":"2020-09-05T14:08:49","guid":{"rendered":"https:\/\/tudulinnakultuurikants.ee\/?page_id=1416"},"modified":"2020-09-05T16:18:38","modified_gmt":"2020-09-05T14:18:38","slug":"iii-suvefestival-tudulinna-tuled-2020","status":"publish","type":"page","link":"https:\/\/tudulinnakultuurikants.ee\/?page_id=1416","title":{"rendered":"III suvefestival Tudulinna Tuled 2020"},"content":{"rendered":"<div id=\"pl-1416\"  class=\"panel-layout\" ><div id=\"pg-1416-0\"  class=\"panel-grid panel-has-style\" ><div style=\"padding-top: 30px; padding-bottom: 30px; \" class=\"panel-row-style panel-row-style-for-1416-0\" ><div id=\"pgc-1416-0-0\"  class=\"panel-grid-cell\" ><div id=\"panel-1416-0-0-0\" class=\"so-panel widget widget_text panel-first-child panel-last-child\" data-index=\"0\" >\t\t\t<div class=\"textwidget\"><p>15. augustil 2020 oli taas meeldiv v\u00f5imalus tulla kokku ajaloolisele Tudulinna Linnam\u00e4ele vana puukiriku juurde. III suvefestivali Tudulinna Tuled teemaks oli\u00a0<strong>&#8220;Lood s\u00f5nas ja muusikas&#8221;.<\/strong>\u00a0 Terve p\u00e4rastl\u00f5una kuni hiliste \u00f5htutundideni j\u00e4tkus tegevust ja kauneid elamusi nii pere noorematele kui t\u00e4iskasvanutele.<\/p>\n<p>Festival algas Heino Seljamaa kohverteatri\u00a0 etendusega, kus p\u00f5hiosa moodustas\u00a0taas kord aegumatu <strong>muinaslugu Okasroosikesest<\/strong>; lastel oli r\u00f5\u00f5mu palju.<\/p>\n<p>Seej\u00e4rel t\u00e4histati k\u00e4imasolevat Eesti rahvajuttude aastat p\u00f5nevate lugudega <strong>Piret P\u00e4\u00e4ri<\/strong> esituses ja <strong>Kulno Malva<\/strong> muusika saatel.<\/p>\n<p>\u00d5htu kulmineerus kui p\u00e4ikese loojangu taustal k\u00f5lasid lummavad kellahelid rahvusvahelise kuulsusega <strong>kellade ansamblilt ARSIS<\/strong>. P\u00e4rast seda sai l\u00f5kke \u00fcmber nautida sooja ja tuulevaikse suve\u00f5htu h\u00f5ngu t\u00e4histaeva all, vahetada muljeid ning teha plaane j\u00e4rgmisteks s\u00fcndmusteks.<\/p>\n<p>Festivali l\u00e4biviimisele pani \u00f5la alla Alutaguse vallavalitsus; toetust saadi ka Kohaliku Omaalgatuse Programmilt (KOP). Festivali korraldajad on m\u00f5lemale v\u00e4ga t\u00e4nulikud. Publikul oli m\u00f5nus istuda uutel pinkidel, mille soetamine sai samuti v\u00f5imalikuks t\u00e4nu KOP-i toetusele.<\/p>\n<p>MT\u00dc Tudulinna Kultuurikants t\u00e4nab k\u00f5iki esinejaid, publikut, lahkeid annetajaid ja toetajaid ning kutsume j\u00e4rgmisele Tudulinna Tuled festivalile 2021 aasta suvel!<\/p>\n<p>&nbsp;<\/p>\n<\/div>\n\t\t<\/div><\/div><div id=\"pgc-1416-0-1\"  class=\"panel-grid-cell\" ><div id=\"panel-1416-0-1-0\" class=\"so-panel widget widget_media_gallery panel-first-child panel-last-child\" data-index=\"1\" ><h3 class=\"widget-title\">Tudulinna Tuled 2020<\/h3><div id='gallery-1' class='gallery galleryid-1416 gallery-columns-3 gallery-size-thumbnail'><figure class='gallery-item'>\n\t\t\t<div class='gallery-icon landscape'>\n\t\t\t\t<a href='https:\/\/tudulinnakultuurikants.ee\/?attachment_id=1423'><img loading=\"lazy\" decoding=\"async\" width=\"150\" height=\"150\" src=\"https:\/\/tudulinnakultuurikants.ee\/wp-content\/uploads\/2020\/09\/IMG_9223-150x150.jpg\" class=\"attachment-thumbnail size-thumbnail\" alt=\"\" aria-describedby=\"gallery-1-1423\" \/><\/a>\n\t\t\t<\/div>\n\t\t\t\t<figcaption class='wp-caption-text gallery-caption' id='gallery-1-1423'>\n\t\t\t\tHeino Seljamaa oli festivali avaesineja. Foto: Andres Meresmaa\n\t\t\t\t<\/figcaption><\/figure><figure class='gallery-item'>\n\t\t\t<div class='gallery-icon landscape'>\n\t\t\t\t<a href='https:\/\/tudulinnakultuurikants.ee\/?attachment_id=1424'><img loading=\"lazy\" decoding=\"async\" width=\"150\" height=\"150\" src=\"https:\/\/tudulinnakultuurikants.ee\/wp-content\/uploads\/2020\/09\/IMG_9235-150x150.jpg\" class=\"attachment-thumbnail size-thumbnail\" alt=\"\" aria-describedby=\"gallery-1-1424\" \/><\/a>\n\t\t\t<\/div>\n\t\t\t\t<figcaption class='wp-caption-text gallery-caption' id='gallery-1-1424'>\n\t\t\t\tLapsed elamas kaasa kohverteatri etendusele.  Foto: Andres Meresmaa\n\t\t\t\t<\/figcaption><\/figure><figure class='gallery-item'>\n\t\t\t<div class='gallery-icon landscape'>\n\t\t\t\t<a href='https:\/\/tudulinnakultuurikants.ee\/?attachment_id=1426'><img loading=\"lazy\" decoding=\"async\" width=\"150\" height=\"150\" src=\"https:\/\/tudulinnakultuurikants.ee\/wp-content\/uploads\/2020\/09\/IMG_9256-150x150.jpg\" class=\"attachment-thumbnail size-thumbnail\" alt=\"\" aria-describedby=\"gallery-1-1426\" \/><\/a>\n\t\t\t<\/div>\n\t\t\t\t<figcaption class='wp-caption-text gallery-caption' id='gallery-1-1426'>\n\t\t\t\tJutustab Piret P\u00e4\u00e4r.  Foto: Andres Meresmaa\n\t\t\t\t<\/figcaption><\/figure><figure class='gallery-item'>\n\t\t\t<div class='gallery-icon landscape'>\n\t\t\t\t<a href='https:\/\/tudulinnakultuurikants.ee\/?attachment_id=1425'><img loading=\"lazy\" decoding=\"async\" width=\"150\" height=\"150\" src=\"https:\/\/tudulinnakultuurikants.ee\/wp-content\/uploads\/2020\/09\/IMG_9249-150x150.jpg\" class=\"attachment-thumbnail size-thumbnail\" alt=\"\" aria-describedby=\"gallery-1-1425\" \/><\/a>\n\t\t\t<\/div>\n\t\t\t\t<figcaption class='wp-caption-text gallery-caption' id='gallery-1-1425'>\n\t\t\t\tMustiseerib Kuno Malva.  Foto: Andres Meresmaa\n\t\t\t\t<\/figcaption><\/figure><figure class='gallery-item'>\n\t\t\t<div class='gallery-icon landscape'>\n\t\t\t\t<a href='https:\/\/tudulinnakultuurikants.ee\/?attachment_id=1427'><img loading=\"lazy\" decoding=\"async\" width=\"150\" height=\"150\" src=\"https:\/\/tudulinnakultuurikants.ee\/wp-content\/uploads\/2020\/09\/IMG_9266-150x150.jpg\" class=\"attachment-thumbnail size-thumbnail\" alt=\"\" aria-describedby=\"gallery-1-1427\" \/><\/a>\n\t\t\t<\/div>\n\t\t\t\t<figcaption class='wp-caption-text gallery-caption' id='gallery-1-1427'>\n\t\t\t\tEsineb ARSIS.  Foto: Andres Meresmaa\n\t\t\t\t<\/figcaption><\/figure><figure class='gallery-item'>\n\t\t\t<div class='gallery-icon landscape'>\n\t\t\t\t<a href='https:\/\/tudulinnakultuurikants.ee\/?attachment_id=1430'><img loading=\"lazy\" decoding=\"async\" width=\"150\" height=\"150\" src=\"https:\/\/tudulinnakultuurikants.ee\/wp-content\/uploads\/2020\/09\/IMG_9286-150x150.jpg\" class=\"attachment-thumbnail size-thumbnail\" alt=\"\" aria-describedby=\"gallery-1-1430\" \/><\/a>\n\t\t\t<\/div>\n\t\t\t\t<figcaption class='wp-caption-text gallery-caption' id='gallery-1-1430'>\n\t\t\t\tKellad.  Foto: Andres Meresmaa\n\t\t\t\t<\/figcaption><\/figure><figure class='gallery-item'>\n\t\t\t<div class='gallery-icon landscape'>\n\t\t\t\t<a href='https:\/\/tudulinnakultuurikants.ee\/?attachment_id=1429'><img loading=\"lazy\" decoding=\"async\" width=\"150\" height=\"150\" src=\"https:\/\/tudulinnakultuurikants.ee\/wp-content\/uploads\/2020\/09\/IMG_9276-150x150.jpg\" class=\"attachment-thumbnail size-thumbnail\" alt=\"\" aria-describedby=\"gallery-1-1429\" \/><\/a>\n\t\t\t<\/div>\n\t\t\t\t<figcaption class='wp-caption-text gallery-caption' id='gallery-1-1429'>\n\t\t\t\tPublik nautimas kellam\u00e4ngu.  Foto: Andres Meresmaa\n\t\t\t\t<\/figcaption><\/figure><figure class='gallery-item'>\n\t\t\t<div class='gallery-icon landscape'>\n\t\t\t\t<a href='https:\/\/tudulinnakultuurikants.ee\/?attachment_id=1428'><img loading=\"lazy\" decoding=\"async\" width=\"150\" height=\"150\" src=\"https:\/\/tudulinnakultuurikants.ee\/wp-content\/uploads\/2020\/09\/IMG_9296-150x150.jpg\" class=\"attachment-thumbnail size-thumbnail\" alt=\"\" aria-describedby=\"gallery-1-1428\" \/><\/a>\n\t\t\t<\/div>\n\t\t\t\t<figcaption class='wp-caption-text gallery-caption' id='gallery-1-1428'>\n\t\t\t\tFestivali l\u00f5puaplaus ARSIS-ele.  Foto: Andres Meresmaa\n\t\t\t\t<\/figcaption><\/figure>\n\t\t<\/div>\n<\/div><\/div><\/div><\/div><\/div>","protected":false},"excerpt":{"rendered":"<p>15. augustil 2020 oli taas meeldiv v\u00f5imalus tulla kokku ajaloolisele Tudulinna Linnam\u00e4ele vana puukiriku juurde. III suvefestivali Tudulinna Tuled teemaks oli\u00a0&#8220;Lood s\u00f5nas ja muusikas&#8221;.\u00a0 Terve p\u00e4rastl\u00f5una kuni hiliste \u00f5htutundideni j\u00e4tkus tegevust ja kauneid elamusi nii pere noorematele kui t\u00e4iskasvanutele. Festival algas Heino Seljamaa kohverteatri\u00a0 etendusega, kus p\u00f5hiosa moodustas\u00a0taas kord aegumatu&nbsp;[ &hellip; ]<\/p>\n","protected":false},"author":2,"featured_media":0,"parent":0,"menu_order":0,"comment_status":"closed","ping_status":"closed","template":"","meta":{"_bbp_topic_count":0,"_bbp_reply_count":0,"_bbp_total_topic_count":0,"_bbp_total_reply_count":0,"_bbp_voice_count":0,"_bbp_anonymous_reply_count":0,"_bbp_topic_count_hidden":0,"_bbp_reply_count_hidden":0,"_bbp_forum_subforum_count":0,"footnotes":"","_links_to":"","_links_to_target":""},"class_list":["post-1416","page","type-page","status-publish","hentry","list-style-post"],"_links":{"self":[{"href":"https:\/\/tudulinnakultuurikants.ee\/index.php?rest_route=\/wp\/v2\/pages\/1416","targetHints":{"allow":["GET"]}}],"collection":[{"href":"https:\/\/tudulinnakultuurikants.ee\/index.php?rest_route=\/wp\/v2\/pages"}],"about":[{"href":"https:\/\/tudulinnakultuurikants.ee\/index.php?rest_route=\/wp\/v2\/types\/page"}],"author":[{"embeddable":true,"href":"https:\/\/tudulinnakultuurikants.ee\/index.php?rest_route=\/wp\/v2\/users\/2"}],"replies":[{"embeddable":true,"href":"https:\/\/tudulinnakultuurikants.ee\/index.php?rest_route=%2Fwp%2Fv2%2Fcomments&post=1416"}],"version-history":[{"count":15,"href":"https:\/\/tudulinnakultuurikants.ee\/index.php?rest_route=\/wp\/v2\/pages\/1416\/revisions"}],"predecessor-version":[{"id":1443,"href":"https:\/\/tudulinnakultuurikants.ee\/index.php?rest_route=\/wp\/v2\/pages\/1416\/revisions\/1443"}],"wp:attachment":[{"href":"https:\/\/tudulinnakultuurikants.ee\/index.php?rest_route=%2Fwp%2Fv2%2Fmedia&parent=1416"}],"curies":[{"name":"wp","href":"https:\/\/api.w.org\/{rel}","templated":true}]}}