{"id":306,"date":"2019-04-11T19:07:50","date_gmt":"2019-04-11T17:07:50","guid":{"rendered":"https:\/\/tudulinnakirik.planet.ee\/?page_id=306"},"modified":"2024-04-14T11:45:38","modified_gmt":"2024-04-14T09:45:38","slug":"vana-kiriku-taassunni-lugu","status":"publish","type":"page","link":"https:\/\/tudulinnakultuurikants.ee\/?page_id=306","title":{"rendered":"Vana kiriku taass\u00fcnd"},"content":{"rendered":"<div id=\"pl-306\"  class=\"panel-layout\" ><div id=\"pg-306-0\"  class=\"panel-grid panel-has-style\" ><div style=\"padding-top: 30px; padding-bottom: 30px; \" class=\"panel-row-style panel-row-style-for-306-0\" ><div id=\"pgc-306-0-0\"  class=\"panel-grid-cell\" ><div id=\"panel-306-0-0-0\" class=\"so-panel widget widget_text panel-first-child panel-last-child\" data-index=\"0\" ><h3 class=\"widget-title\">Tudulinna puukiriku taastamise lugu<\/h3>\t\t\t<div class=\"textwidget\"><p>&nbsp;<\/p>\n<p><strong>M\u00f5tted j\u00e4\u00e4vad m\u00f5tteiks \u2026<\/strong><\/p>\n<p>Tudulinna puukiriku taastamise ja talle uue funktsiooni leidmise \u00fcle on \u00e4rksamad tudulinlased m\u00f5tisklenud Eesti Vabariigi taass\u00fcnnist alates. Paraku ei leidunud pikka aega julget eestvedajat, projekti peeti liiga t\u00f6\u00f6mahukaks ja kalliks ning ka h\u00e4id ideid, mida kirikuga remondij\u00e4rgselt peale hakata, polnud samuti kuulda. Aastad kulusid, kirik m\u00e4danes tasapisi edasi. Kuid ta p\u00fcsis visalt \u2013 nagu juba 250 aastat. Tema aeg ei olnud veel k\u00e4tte j\u00f5udnud\u2026<\/p>\n<\/div>\n\t\t<\/div><\/div><div id=\"pgc-306-0-1\"  class=\"panel-grid-cell\" ><div id=\"panel-306-0-1-0\" class=\"so-panel widget widget_media_image panel-first-child panel-last-child\" data-index=\"1\" ><figure style=\"width: 800px\" class=\"wp-caption alignnone\"><img loading=\"lazy\" decoding=\"async\" width=\"800\" height=\"600\" src=\"https:\/\/tudulinnakultuurikants.ee\/wp-content\/uploads\/2019\/04\/Vana-kirik-2009.jpg\" class=\"image wp-image-310  attachment-full size-full\" alt=\"\" style=\"max-width: 100%; height: auto;\" srcset=\"https:\/\/tudulinnakultuurikants.ee\/wp-content\/uploads\/2019\/04\/Vana-kirik-2009.jpg 800w, https:\/\/tudulinnakultuurikants.ee\/wp-content\/uploads\/2019\/04\/Vana-kirik-2009-300x225.jpg 300w, https:\/\/tudulinnakultuurikants.ee\/wp-content\/uploads\/2019\/04\/Vana-kirik-2009-768x576.jpg 768w, https:\/\/tudulinnakultuurikants.ee\/wp-content\/uploads\/2019\/04\/Vana-kirik-2009-710x533.jpg 710w\" sizes=\"auto, (max-width: 800px) 100vw, 800px\" \/><figcaption class=\"wp-caption-text\">Vana kirik 2009 aastal<\/figcaption><\/figure><\/div><\/div><\/div><\/div><div id=\"pg-306-1\"  class=\"panel-grid panel-has-style\" ><div style=\"padding-top: 30px; padding-bottom: 30px; \" class=\"panel-row-style panel-row-style-for-306-1\" ><div id=\"pgc-306-1-0\"  class=\"panel-grid-cell\" ><div id=\"panel-306-1-0-0\" class=\"so-panel widget widget_text panel-first-child panel-last-child\" data-index=\"2\" >\t\t\t<div class=\"textwidget\"><p><strong>Kui siiski prooviks?<\/strong><\/p>\n<p>Aasta 2017 s\u00fcdasuvel tekkisid konkreetsed m\u00f5tted Tudulinna vana kiriku taastamise osas. Algusest peale oli selge, et tegutsevaks kirikuks ei ole m\u00f5tet hoonet korda seada, sest tudulinlaste jaoks vajalik korralik p\u00fchakoda (Rahu kirik) seisab samas Linnam\u00e4el. Idee autor Lauri V\u00e4inmaa pakkus v\u00e4lja m\u00f5tte asutada MT\u00dc, mille tegevuse eesm\u00e4rgiks peab saama taastamisprotsessi korraldamine ja koordineerimine ning seej\u00e4rel vanale kirikule uue elu loomine.<\/p>\n<p>Ettevalmistused MT\u00dc asutamiseks, tegevuse eesm\u00e4rkide t\u00e4psemaks s\u00f5nastamiseks, p\u00f5hikirja kavandi koostamiseks ning idee laiemaks tutvustamiseks l\u00e4ksid ruttu.<\/p>\n<\/div>\n\t\t<\/div><\/div><div id=\"pgc-306-1-1\"  class=\"panel-grid-cell\" ><\/div><\/div><\/div><div id=\"pg-306-2\"  class=\"panel-grid panel-has-style\" ><div style=\"padding-top: 30px; padding-bottom: 30px; \" class=\"panel-row-style panel-row-style-for-306-2\" ><div id=\"pgc-306-2-0\"  class=\"panel-grid-cell\" ><div id=\"panel-306-2-0-0\" class=\"so-panel widget widget_text panel-first-child panel-last-child\" data-index=\"4\" >\t\t\t<div class=\"textwidget\"><p><strong>Esimesed konkreetsed sammud<\/strong><\/p>\n<p>20 juulil 2017 kell 17.00 kogunes Tudulinna Rahvamajja hulk innukaid tudulinlasi. Eesm\u00e4rgiks oli teha \u00fchiste j\u00f5upingutustega veel \u00fcks (t\u00f5en\u00e4oliselt viimane) katse vana puukiriku h\u00e4vingust p\u00e4\u00e4stmiseks ja uuele elule aitamiseks. Kohalolijatele tutvustati kiriku teadaolevat ajalugu. 14 ettev\u00f5tliku entusiasti toel asutati MT\u00dc Tudulinna Kultuurikants, mille tegevuse eesm\u00e4rgiks seati <strong>taastada puukirik v\u00e4liselt endisel kujul ja luua sinna mitmeotstarbeline kultuurikeskus<\/strong>. Valiti viieliikmeline juhatus koosseisus Lauri V\u00e4inmaa (esimees), Aili Reiman, Merike Vaarmets, Annes Kingu ja Andres Meresmaa.<\/p>\n<p>Juba sptembris saadi Muinsuskaitseametilt eritingimused Tudulinna vana kiriku restaureerimiseks. Neist tuli l\u00e4htuda taastamisprojekti koostamisel.<\/p>\n<p>Oktoobris toimusid esimese suurema ettev\u00f5tmisena <strong>vana kiriku korrastustalgud<\/strong>. Neist kogunes MT\u00dc juhatuse kutsel osa v\u00f5tma \u00fcle paarik\u00fcmne tudulinlase. \u00dcheskoos koristati kiriku saal ja l\u00e4hi\u00fcmbrus suurest prahist, v\u00f5eti maha v\u00e4lisseinte \u00fcmber kasvama hakanud v\u00f5sa ning suleti sissep\u00e4\u00e4sud. \u201eAvatud uste\u201c aeg sai sellega l\u00e4bi.<\/p>\n<\/div>\n\t\t<\/div><\/div><div id=\"pgc-306-2-1\"  class=\"panel-grid-cell\" ><div id=\"panel-306-2-1-0\" class=\"so-panel widget widget_media_image panel-first-child panel-last-child\" data-index=\"5\" ><figure style=\"width: 1024px\" class=\"wp-caption alignnone\"><img loading=\"lazy\" decoding=\"async\" width=\"1024\" height=\"683\" src=\"https:\/\/tudulinnakultuurikants.ee\/wp-content\/uploads\/2019\/05\/IMG_7682-1024x683.jpg\" class=\"image wp-image-376  attachment-large size-large\" alt=\"\" style=\"max-width: 100%; height: auto;\" srcset=\"https:\/\/tudulinnakultuurikants.ee\/wp-content\/uploads\/2019\/05\/IMG_7682-1024x683.jpg 1024w, https:\/\/tudulinnakultuurikants.ee\/wp-content\/uploads\/2019\/05\/IMG_7682-300x200.jpg 300w, https:\/\/tudulinnakultuurikants.ee\/wp-content\/uploads\/2019\/05\/IMG_7682-768x512.jpg 768w, https:\/\/tudulinnakultuurikants.ee\/wp-content\/uploads\/2019\/05\/IMG_7682-270x180.jpg 270w, https:\/\/tudulinnakultuurikants.ee\/wp-content\/uploads\/2019\/05\/IMG_7682-710x473.jpg 710w, https:\/\/tudulinnakultuurikants.ee\/wp-content\/uploads\/2019\/05\/IMG_7682-272x182.jpg 272w\" sizes=\"auto, (max-width: 1024px) 100vw, 1024px\" \/><figcaption class=\"wp-caption-text\">Talgulised 2017 aasta hiliss\u00fcgisel.  Foto: Andres Meresmaa<\/figcaption><\/figure><\/div><\/div><\/div><\/div><div id=\"pg-306-3\"  class=\"panel-grid panel-has-style\" ><div style=\"padding-top: 30px; padding-bottom: 30px; \" class=\"panel-row-style panel-row-style-for-306-3\" ><div id=\"pgc-306-3-0\"  class=\"panel-grid-cell\" ><div id=\"panel-306-3-0-0\" class=\"so-panel widget widget_text panel-first-child panel-last-child\" data-index=\"6\" >\t\t\t<div class=\"textwidget\"><p><strong>M\u00f5tleme veel<\/strong><\/p>\n<p>Algusest peale oli selge, et on vaja lahendada kaks p\u00f5hilist \u00fclesannet: kiriku taastamine ja sellele j\u00e4rgnev hoidmine. Jaanuaris 2018 toimusid Tudulinna koolimajas MT\u00dc juhatuse poolt korraldatud <strong>m\u00f5ttetalgud<\/strong>, millest v\u00f5ttis osa ligi 30 inimest, s.h. Tartust, Tallinnast, Rakverest jm. \u00dcheskoos otsiti ideid vanale kirikule uue j\u00e4tkusuutliku funktsiooni leidmiseks, taastamist\u00f6\u00f6de finantseerimiseks, koost\u00f6\u00f6partnerite kaasamiseks ning laiemate huvigruppide t\u00e4helepanu t\u00f5mbamiseks. M\u00f5ttetalgud osutusid v\u00e4ga sisukaks, seal v\u00e4ljapakutud ideid on kasutatud edasise tegevusplaani koostamisel. Paljud head ettepanekud alles ootavad \u00f5iget hetke.<\/p>\n<\/div>\n\t\t<\/div><\/div><div id=\"pgc-306-3-1\"  class=\"panel-grid-cell\" ><div id=\"panel-306-3-1-0\" class=\"so-panel widget widget_media_image panel-first-child panel-last-child\" data-index=\"7\" ><figure style=\"width: 1024px\" class=\"wp-caption alignnone\"><img loading=\"lazy\" decoding=\"async\" width=\"1024\" height=\"683\" src=\"https:\/\/tudulinnakultuurikants.ee\/wp-content\/uploads\/2019\/05\/IMG_7858-1024x683.jpg\" class=\"image wp-image-377  attachment-large size-large\" alt=\"\" style=\"max-width: 100%; height: auto;\" srcset=\"https:\/\/tudulinnakultuurikants.ee\/wp-content\/uploads\/2019\/05\/IMG_7858-1024x683.jpg 1024w, https:\/\/tudulinnakultuurikants.ee\/wp-content\/uploads\/2019\/05\/IMG_7858-300x200.jpg 300w, https:\/\/tudulinnakultuurikants.ee\/wp-content\/uploads\/2019\/05\/IMG_7858-768x512.jpg 768w, https:\/\/tudulinnakultuurikants.ee\/wp-content\/uploads\/2019\/05\/IMG_7858-270x180.jpg 270w, https:\/\/tudulinnakultuurikants.ee\/wp-content\/uploads\/2019\/05\/IMG_7858-710x473.jpg 710w, https:\/\/tudulinnakultuurikants.ee\/wp-content\/uploads\/2019\/05\/IMG_7858-272x182.jpg 272w\" sizes=\"auto, (max-width: 1024px) 100vw, 1024px\" \/><figcaption class=\"wp-caption-text\">M\u00f5ttetalgulised Tudulinna koolimajas.  Foto: Andres Meresmaa<\/figcaption><\/figure><\/div><\/div><\/div><\/div><div id=\"pg-306-4\"  class=\"panel-grid panel-has-style\" ><div style=\"padding-top: 30px; padding-bottom: 30px; \" class=\"panel-row-style panel-row-style-for-306-4\" ><div id=\"pgc-306-4-0\"  class=\"panel-grid-cell\" ><div id=\"panel-306-4-0-0\" class=\"so-panel widget widget_text panel-first-child panel-last-child\" data-index=\"8\" >\t\t\t<div class=\"textwidget\"><p><strong>\u00dcheskoos on kasulikum k\u00f5igile<\/strong><\/p>\n<p>Tudulinna vana kiriku taastamine ei ole ainult \u00fche kitsa huvigrupi (MT\u00dc) hobina m\u00f5eldud tegevus. Eesm\u00e4rk on tuua kasu tervele Tudulinna kogukonnale. Seep\u00e4rast otsustati juba varakult teha koost\u00f6\u00f6d teiste kohalike ja kohalikus keskkonnas tegutsevate organisatsioonidega. Idee realiseerus Hea Tahte Kokkuleppeks (HTK), mis s\u00f5lmiti MT\u00dc Tudulinna Kultuurikants, Alutaguse vallavalitsuse, EELK Tudulinna Rahu Koguduse ning MT\u00dc Vana Veski vahel. HTK allkirjastati pidulikult vana kiriku ees 10. juunil 2018 toimunud <strong>Heade Tegude P\u00e4eval<\/strong>.<\/p>\n<p>Sama s\u00fcndmuse k\u00e4igus avati turistide jaoks m\u00f5eldud infostend, mis tutvustab kolme Linnam\u00e4el asuvat ajaloolist ehitusm\u00e4lestist: Tudulinna vana kirikut, Tudulinna Rahu kirikut ning Tudulinna M\u00f6ldri talu tuulikut.<\/p>\n<p>Toimus ka esimene kontsert vanas kirikus p\u00e4rast rohkem kui 70 aastast sunnitud pausi. Esinesid Oonurme segakoor, kandlekunstnik Kristi M\u00fchling ning n\u00e4itleja Tiina T\u00f5nis.<\/p>\n<\/div>\n\t\t<\/div><\/div><div id=\"pgc-306-4-1\"  class=\"panel-grid-cell\" ><div id=\"panel-306-4-1-0\" class=\"so-panel widget widget_media_image panel-first-child panel-last-child\" data-index=\"9\" ><figure style=\"width: 1024px\" class=\"wp-caption alignnone\"><img loading=\"lazy\" decoding=\"async\" width=\"1024\" height=\"683\" src=\"https:\/\/tudulinnakultuurikants.ee\/wp-content\/uploads\/2019\/05\/IMG_8112-1024x683.jpg\" class=\"image wp-image-378  attachment-large size-large\" alt=\"\" style=\"max-width: 100%; height: auto;\" srcset=\"https:\/\/tudulinnakultuurikants.ee\/wp-content\/uploads\/2019\/05\/IMG_8112-1024x683.jpg 1024w, https:\/\/tudulinnakultuurikants.ee\/wp-content\/uploads\/2019\/05\/IMG_8112-300x200.jpg 300w, https:\/\/tudulinnakultuurikants.ee\/wp-content\/uploads\/2019\/05\/IMG_8112-768x512.jpg 768w, https:\/\/tudulinnakultuurikants.ee\/wp-content\/uploads\/2019\/05\/IMG_8112-270x180.jpg 270w, https:\/\/tudulinnakultuurikants.ee\/wp-content\/uploads\/2019\/05\/IMG_8112-710x473.jpg 710w, https:\/\/tudulinnakultuurikants.ee\/wp-content\/uploads\/2019\/05\/IMG_8112-272x182.jpg 272w\" sizes=\"auto, (max-width: 1024px) 100vw, 1024px\" \/><figcaption class=\"wp-caption-text\">Hea Tahte Kokkuleppe allkirjastamine juunis 2018. Foto: Andres Meresmaa<\/figcaption><\/figure><\/div><\/div><\/div><\/div><div id=\"pg-306-5\"  class=\"panel-grid panel-has-style\" ><div style=\"padding-top: 30px; padding-bottom: 30px; \" class=\"panel-row-style panel-row-style-for-306-5\" ><div id=\"pgc-306-5-0\"  class=\"panel-grid-cell\" ><div id=\"panel-306-5-0-0\" class=\"so-panel widget widget_text panel-first-child panel-last-child\" data-index=\"10\" >\t\t\t<div class=\"textwidget\"><p><strong>Tudulinna Tuled<\/strong><\/p>\n<p><strong>I Suvel\u00f5pufestival<\/strong> Tudulinna Tuled korraldati 2018 aasta augustikuus koost\u00f6\u00f6s Peipsi Toidutee festivaliga, pakkudes turistidele v\u00f5imalust kahe p\u00e4eva jooksul tutvuda vana kirikuga ning kuulata selgitusi kiriku ja Tudulinna ajaloo kohta. Toimus kontsert, kus esines tuntud kitarrist Robert J\u00fcrjendal ning maalikunstnik T\u00f5nu Talve k\u00e4e l\u00e4bi valmis kirikust ja paiga meeleolust inspireeritud maal. Folklorist Mall Hiiem\u00e4e r\u00e4\u00e4kis tulest rahvap\u00e4rimuses, Iisaku kandlem\u00e4ngijad m\u00e4ngisid ja laulsid regilaule. \u00d5htu l\u00f5ppes l\u00e4bi aegade esimese Muinastulega Tudulinna Linnam\u00e4el. Festivali tulu l\u00e4ks Tudulinna vana kiriku taastamise toetuseks.<\/p>\n<p>Festivalist Tudulinna Tuled on saanud iga-aastane suvel\u00f5pus\u00fcndmus Tudulinnas. Praegu toimuvad need vaba\u00f5hulaval kiriku ees, aga tulevikus juba renoveeritud ja kogukonnale kasutada olevas kirik-kultuurikeskuses. Aastate jooksul on festivalil esinenud paljud \u00fcleriigiliselt tuntud muusikaartistid ja kollektiivid (Eesti Rahvusmeeskoor, kellade ansambel Arsis, T\u00f5nis M\u00e4gi, Ott Lepland, Siiri Sisask, Liisi Koikson jt); samuti p\u00f5nevad jutuvestjad (Kristel Vilbaste, Vladislav Kor\u017eets, Piret P\u00e4\u00e4r, M\u00e4rt Treier jt). Uue traditsioonina on viimastel aastatel olnud festivali programmis kohaliku taustaga muusikaperede tutvustamine. Suure populaarsuse on v\u00f5itnud Lastemaailm, mis pakub tegevust festivali ajaks pere noorimatele.<\/p>\n<p>T\u00e4htsal kohal on Tudulinna ajaloo tutvustamine, kultuurip\u00e4randi v\u00e4\u00e4rtustamine ning mitmesuguse teemakohase kirjanduse avaldamine ja esitlemine.<\/p>\n<\/div>\n\t\t<\/div><\/div><div id=\"pgc-306-5-1\"  class=\"panel-grid-cell\" ><\/div><\/div><\/div><div id=\"pg-306-6\"  class=\"panel-grid panel-has-style\" ><div style=\"padding-top: 30px; padding-bottom: 30px; \" class=\"panel-row-style panel-row-style-for-306-6\" ><div id=\"pgc-306-6-0\"  class=\"panel-grid-cell\" ><div id=\"panel-306-6-0-0\" class=\"so-panel widget widget_text panel-first-child panel-last-child\" data-index=\"12\" >\t\t\t<div class=\"textwidget\"><p><strong>M\u00f5tted saavad paberile<\/strong><\/p>\n<p>2019 aasta suvel valmis AS Zoroaster poolt tehtud <strong>projekt vana kiriku taastamiseks<\/strong>. See l\u00e4htub MT\u00dc Tudulinna Kultuurikants soovidest ja ettepanekutest, Muinsuskaitse eritingimustest ning kaasaja n\u00f5uetest ohutuse ja tehnoloogia osas. Projektis on ette n\u00e4htud kirikuhoone taastamine koos torniga v\u00e4liselt v\u00f5imalikult l\u00e4hedasena 1939 aasta remondit\u00f6\u00f6dele eelnenud kujul. Interj\u00f6\u00f6ris ei ole kavas taastada kiriklikuks tegevuseks vajalikke elemente (altar, kantsel jms), vaid kujundada saaliruum, mis sobib kammerkontsertideks, teatrietendusteks, koosolekute ja seminaride pidamiseks ning muuseumieksponaatide n\u00e4itamiseks.<\/p>\n<\/div>\n\t\t<\/div><\/div><div id=\"pgc-306-6-1\"  class=\"panel-grid-cell\" ><\/div><\/div><\/div><div id=\"pg-306-7\"  class=\"panel-grid panel-has-style\" ><div style=\"padding-top: 30px; padding-bottom: 30px; \" class=\"panel-row-style panel-row-style-for-306-7\" ><div id=\"pgc-306-7-0\"  class=\"panel-grid-cell\" ><div id=\"panel-306-7-0-0\" class=\"so-panel widget widget_text panel-first-child panel-last-child\" data-index=\"14\" >\t\t\t<div class=\"textwidget\"><p><strong>Taastamise ootel<\/strong><\/p>\n<p>Praegu\u00a0 seisab Tudulinna vana puukirik lootusrikkalt taass\u00fcnni ootuses. <em><strong>Palume v\u00f5imalusel toetada auv\u00e4\u00e4rse hoone uue elu algust annetades MT\u00dc Tudulinna Kultuurikants arvele EE522200221067794646. <\/strong><\/em><\/p>\n<\/div>\n\t\t<\/div><\/div><div id=\"pgc-306-7-1\"  class=\"panel-grid-cell\" ><\/div><\/div><\/div><\/div>","protected":false},"excerpt":{"rendered":"<p>&nbsp; M\u00f5tted j\u00e4\u00e4vad m\u00f5tteiks \u2026 Tudulinna puukiriku taastamise ja talle uue funktsiooni leidmise \u00fcle on \u00e4rksamad tudulinlased m\u00f5tisklenud Eesti Vabariigi taass\u00fcnnist alates. Paraku ei leidunud pikka aega julget eestvedajat, projekti peeti liiga t\u00f6\u00f6mahukaks ja kalliks ning ka h\u00e4id ideid, mida kirikuga remondij\u00e4rgselt peale hakata, polnud samuti kuulda. Aastad kulusid, kirik&nbsp;[ &hellip; ]<\/p>\n","protected":false},"author":2,"featured_media":0,"parent":0,"menu_order":0,"comment_status":"closed","ping_status":"closed","template":"","meta":{"_bbp_topic_count":0,"_bbp_reply_count":0,"_bbp_total_topic_count":0,"_bbp_total_reply_count":0,"_bbp_voice_count":0,"_bbp_anonymous_reply_count":0,"_bbp_topic_count_hidden":0,"_bbp_reply_count_hidden":0,"_bbp_forum_subforum_count":0,"footnotes":"","_links_to":"","_links_to_target":""},"class_list":["post-306","page","type-page","status-publish","hentry","list-style-post"],"_links":{"self":[{"href":"https:\/\/tudulinnakultuurikants.ee\/index.php?rest_route=\/wp\/v2\/pages\/306","targetHints":{"allow":["GET"]}}],"collection":[{"href":"https:\/\/tudulinnakultuurikants.ee\/index.php?rest_route=\/wp\/v2\/pages"}],"about":[{"href":"https:\/\/tudulinnakultuurikants.ee\/index.php?rest_route=\/wp\/v2\/types\/page"}],"author":[{"embeddable":true,"href":"https:\/\/tudulinnakultuurikants.ee\/index.php?rest_route=\/wp\/v2\/users\/2"}],"replies":[{"embeddable":true,"href":"https:\/\/tudulinnakultuurikants.ee\/index.php?rest_route=%2Fwp%2Fv2%2Fcomments&post=306"}],"version-history":[{"count":17,"href":"https:\/\/tudulinnakultuurikants.ee\/index.php?rest_route=\/wp\/v2\/pages\/306\/revisions"}],"predecessor-version":[{"id":5570,"href":"https:\/\/tudulinnakultuurikants.ee\/index.php?rest_route=\/wp\/v2\/pages\/306\/revisions\/5570"}],"wp:attachment":[{"href":"https:\/\/tudulinnakultuurikants.ee\/index.php?rest_route=%2Fwp%2Fv2%2Fmedia&parent=306"}],"curies":[{"name":"wp","href":"https:\/\/api.w.org\/{rel}","templated":true}]}}