{"id":332,"date":"2019-04-13T19:43:12","date_gmt":"2019-04-13T17:43:12","guid":{"rendered":"https:\/\/tudulinnakirik.planet.ee\/?page_id=332"},"modified":"2022-11-01T17:50:15","modified_gmt":"2022-11-01T15:50:15","slug":"meist","status":"publish","type":"page","link":"https:\/\/tudulinnakultuurikants.ee\/?page_id=332","title":{"rendered":"Meist"},"content":{"rendered":"<p>Kes me oleme ja mida teeme?<\/p>\n<p><em><strong>MT\u00dc Tudulinna Kultuurikants asutati 20 juulil 2017 Tudulinnas eesm\u00e4rgiga taastada Tudulinna vana puukirik ja kohandada mitmesuguste kultuuris\u00fcndmuste l\u00e4biviimiseks.<\/strong> <\/em><\/p>\n<p>Tudulinna pikka ajalooga v\u00e4\u00e4rikas puukirik v\u00e4\u00e4rib enamat kui lihtsalt laguneda Linnam\u00e4e n\u00f5lval. Praegusel kujul on ta pigem \u00f5nnetuks h\u00e4biplekiks s\u00fcgavate kultuuritraditsioonidega Tudulinnale. MT\u00dc liikmed on v\u00f5tnud oma s\u00fcdameasjaks teha vana hoone korda ning anda talle uus funktsioon, millest saavad r\u00f5\u00f5mu tunda nii kohalikud inimesed kui ka kaugemalt saabunud k\u00fclalised.<\/p>\n<p>T\u00e4nase seisuga kuulub MT\u00dc-sse ligi 20 liiget ning oodatud on k\u00f5ik tudulinlased ja s\u00f5brad, kes tunnevad endas soovi midagi head teha ja kaasa r\u00e4\u00e4kida. Meil on tore seltskond ja korraldame mitmesuguseid s\u00fcndmusi.<\/p>\n<p>Lisaks vana kirikuhoone taastamisele p\u00fc\u00fcame igati kaasa aidata ja eeskuju n\u00e4idata Tudulinna rikkaliku koduloop\u00e4randi avastamisel, uurimisel, kogumisel ja selle tutvustamisel. Meie \u00fcmber on palju, mida hoida, v\u00e4\u00e4rtustada ja jagada.<\/p>\n<p>&nbsp;<\/p>\n<p>MT\u00dc Tudulinna Kultuurikants tegevust juhib viieliikmeline juhatus:<\/p>\n<p>Lauri V\u00e4inmaa &#8211; juhatuse esimees<\/p>\n<p>Aili Reiman<\/p>\n<p>Merike Vaarmets<\/p>\n<p>Annes Kingu<\/p>\n<p>Andres Meresmaa<\/p>\n<p>&nbsp;<\/p>\n<p>Kui tunned, et Sinu huvid sarnanevad meie tegevussuundadega, v\u00f5ta meiega \u00fchendust: kultuurikants@gmail.com<\/p>\n<p>Oma tegevustes l\u00e4htub MT\u00dc Tudulinna Kultuurikants vaba\u00fchenduste eetikakoodeksist. Koodeksiga saab tutvuda siin: <a href=\"https:\/\/heakodanik.ee\/vabauhenduste-eetikakoodeks\/\">https:\/\/heakodanik.ee\/vabauhenduste-eetikakoodeks\/<\/a><\/p>\n<p>&nbsp;<\/p>\n","protected":false},"excerpt":{"rendered":"<p>Kes me oleme ja mida teeme? MT\u00dc Tudulinna Kultuurikants asutati 20 juulil 2017 Tudulinnas eesm\u00e4rgiga taastada Tudulinna vana puukirik ja kohandada mitmesuguste kultuuris\u00fcndmuste l\u00e4biviimiseks. Tudulinna pikka ajalooga v\u00e4\u00e4rikas puukirik v\u00e4\u00e4rib enamat kui lihtsalt laguneda Linnam\u00e4e n\u00f5lval. Praegusel kujul on ta pigem \u00f5nnetuks h\u00e4biplekiks s\u00fcgavate kultuuritraditsioonidega Tudulinnale. MT\u00dc liikmed on v\u00f5tnud&nbsp;[ &hellip; ]<\/p>\n","protected":false},"author":2,"featured_media":0,"parent":0,"menu_order":0,"comment_status":"closed","ping_status":"closed","template":"","meta":{"_bbp_topic_count":0,"_bbp_reply_count":0,"_bbp_total_topic_count":0,"_bbp_total_reply_count":0,"_bbp_voice_count":0,"_bbp_anonymous_reply_count":0,"_bbp_topic_count_hidden":0,"_bbp_reply_count_hidden":0,"_bbp_forum_subforum_count":0,"footnotes":"","_links_to":"","_links_to_target":""},"class_list":["post-332","page","type-page","status-publish","hentry","list-style-post"],"_links":{"self":[{"href":"https:\/\/tudulinnakultuurikants.ee\/index.php?rest_route=\/wp\/v2\/pages\/332","targetHints":{"allow":["GET"]}}],"collection":[{"href":"https:\/\/tudulinnakultuurikants.ee\/index.php?rest_route=\/wp\/v2\/pages"}],"about":[{"href":"https:\/\/tudulinnakultuurikants.ee\/index.php?rest_route=\/wp\/v2\/types\/page"}],"author":[{"embeddable":true,"href":"https:\/\/tudulinnakultuurikants.ee\/index.php?rest_route=\/wp\/v2\/users\/2"}],"replies":[{"embeddable":true,"href":"https:\/\/tudulinnakultuurikants.ee\/index.php?rest_route=%2Fwp%2Fv2%2Fcomments&post=332"}],"version-history":[{"count":6,"href":"https:\/\/tudulinnakultuurikants.ee\/index.php?rest_route=\/wp\/v2\/pages\/332\/revisions"}],"predecessor-version":[{"id":3532,"href":"https:\/\/tudulinnakultuurikants.ee\/index.php?rest_route=\/wp\/v2\/pages\/332\/revisions\/3532"}],"wp:attachment":[{"href":"https:\/\/tudulinnakultuurikants.ee\/index.php?rest_route=%2Fwp%2Fv2%2Fmedia&parent=332"}],"curies":[{"name":"wp","href":"https:\/\/api.w.org\/{rel}","templated":true}]}}