{"id":334,"date":"2019-04-13T19:44:48","date_gmt":"2019-04-13T17:44:48","guid":{"rendered":"https:\/\/tudulinnakirik.planet.ee\/?page_id=334"},"modified":"2019-05-24T13:32:16","modified_gmt":"2019-05-24T11:32:16","slug":"mtu-pohikiri","status":"publish","type":"page","link":"https:\/\/tudulinnakultuurikants.ee\/?page_id=334","title":{"rendered":"MT\u00dc p\u00f5hikiri"},"content":{"rendered":"<p><b><span style=\"font-size: medium;\">MT\u00dc TUDULINNA KULTUURIKANTS P\u00d5HIKIRI <\/span><\/b><\/p>\n<p>I \u00dcLDS\u00c4TTED<\/p>\n<p>1.1. Mittetulundus\u00fching Tudulinna Kultuurikants (edaspidi \u00dching) on avalikes huvides tegutsev juriidiliste ja f\u00fc\u00fcsiliste isikute vabatahtlik \u00fchendus.<\/p>\n<p>1.2. \u00dchingu nimi on MT\u00dc Tudulinna Kultuurikants ja \u00dchingu asukoht on Tudulinna vald, Ida-Virumaa.<\/p>\n<p>1.3. \u00dching on s\u00f5ltumatu organisatsioon ja ei ole \u00fchegi teise organisatsiooni sektsioon.<\/p>\n<p>1.4. \u00dchingu eesm\u00e4rgiks on taastada Tudulinna vana puukirik (edaspidi Kirik) v\u00e4liselt endisel kujul ja seesmiselt v\u00f5imalikult endisel kujul ning v\u00f5tta see kasutusele kultuuri- ja kontserdikeskuse ning muuseumina.<\/p>\n<p>1.5. Oma eesm\u00e4rkide saavutamiseks viib \u00dching ellu j\u00e4rgmisi tegevusi:<\/p>\n<p>1.5.1. Kiriku taastamise ja edasise kasutamise kontseptsiooni v\u00e4ljat\u00f6\u00f6tamine<\/p>\n<p>1.5.2. Suhtlus Muinsuskaitseameti ja teiste asjaomaste organisatsioonidega<\/p>\n<p>1.5.3. Finantstoetuste taotlemine Kiriku taastamiseks<\/p>\n<p>1.5.4. \u00dchingu eesm\u00e4rkide elluviimisega seotud muude tegevuste kavandamine ja koordineerimine<\/p>\n<p>1.5.5. \u00dcrituste korraldamine Kiriku taastamisprotsessi toetamiseks<\/p>\n<p>1.5.6. Kiriku taastamisj\u00e4rgse tegevuse koordineerimine, muusika- ja teiste \u00fcrituste korraldamine<\/p>\n<p>II \u00dcHINGU LIIKMEKS VASTUV\u00d5TMISE NING \u00dcHINGUST V\u00c4LJAASTUMISE NING V\u00c4LJAARVAMISE KORD JA TINGIMUSED<\/p>\n<p>2.1. \u00dchingu liikmeks v\u00f5ib astuda iga f\u00fc\u00fcsiline v\u00f5i juriidiline isik, kes vastab liikmetele esitatavatele n\u00f5uetele, n\u00f5ustub \u00dchingu eesm\u00e4rkidega ning on n\u00f5us t\u00e4itma \u00dchingu p\u00f5hikirja ning \u00fcldkoosoleku ja juhatuse otsuseid.<\/p>\n<p>2.2. \u00dchingu liikmeks saada soovija peab esitama kirjaliku avalduse juhatusele, kes hiljemalt \u00fche kuu jooksul arvates avalduse saamisest teeb liikmeks vastuv\u00f5tmise v\u00f5i sellest keeldumise otsuse ning teeb selle teatavaks avalduse esitanud isikule.<\/p>\n<p>2.3. \u00dchingu liikmeks saada soovija tasub \u00dchingu arvele k\u00e4esoleva majandusaasta liikmemaksu.<\/p>\n<p>2.4. Liikmemaksu tasuvad k\u00f5ik \u00dchingu liikmed. Liikmemaksu suuruse \u00fcle otsustamine kuulub \u00fcldkoosoleku p\u00e4evakorda.<\/p>\n<p>2.5. K\u00f5ik \u00dchingu liikmed v\u00f5ivad \u00dchingust v\u00e4lja astuda kirjaliku avalduse alusel.<\/p>\n<p>2.6. \u00dchingu juhatus v\u00f5ib \u00dchingust v\u00e4lja arvata liikme, kelle tegevust ta hindab vastuk\u00e4ivaks \u00dchingu eesm\u00e4rgile v\u00f5i \u00dchingu p\u00f5hikirjas esitatut eiravaks.<\/p>\n<p>2.7. Jooksva majandusaasta liikmemaksu mittetasunud liikme arvab \u00dchingu juhatus liikmete hulgast v\u00e4lja.<\/p>\n<p>2.8. \u00dchingu juhatus teatab viivitamatult v\u00e4ljaarvatavale v\u00e4ljaarvamise otsusest ja selle p\u00f5hjusest. V\u00e4ljaarvataval on \u00f5igus esitada k\u00fcsimus l\u00e4bivaatamiseks \u00fcldkoosolekule.<\/p>\n<p>2.9. \u00dchingu liige arvatakse \u00dchingust v\u00e4lja surma korral.<\/p>\n<p>III LIIKMETE \u00d5IGUSED JA KOHUSTUSED<\/p>\n<p>3.1. \u00dchingu liikmetel on \u00f5igus:<\/p>\n<p>&#8211; v\u00f5tta osa k\u00f5igist \u00dchingu korraldatavatest \u00fcritustest<\/p>\n<p>&#8211; v\u00f5tta osa s\u00f5na- ja h\u00e4\u00e4le\u00f5igusega \u00fcldkoosolekust;<\/p>\n<p>&#8211; saada teavet \u00dchingu tegevuse kohta;<\/p>\n<p>&#8211; astuda \u00dchingust v\u00e4lja;<\/p>\n<p>&#8211; olla valitud \u00dchingu juhtorganitesse;<\/p>\n<p>3.2. \u00dchingu liikmetel on kohustus:<\/p>\n<p>&#8211; tunnustada \u00dchingu eesm\u00e4rke ning j\u00e4rgida \u00dchingu tegevuses osalemisel p\u00f5hikirja n\u00f5udeid ning \u00fcldkoosoleku ja juhatuse otsuseid;<\/p>\n<p>&#8211; tasuda \u00dchingu liikmemaksu kehtestatud suuruses ja korras<\/p>\n<p>&#8211; hoiduma tegevustest ja v\u00e4ltima k\u00e4itumist, mis v\u00f5iksid kahjustada \u00dchingu mainet<\/p>\n<p>IV \u00dcLDKOOSOLEK<\/p>\n<p>4.1. \u00dchingu k\u00f5rgeimaks organiks on \u00dchingu \u00fcldkoosolek, kus igal \u00dchingu liikmel on \u00fcks h\u00e4\u00e4l.<\/p>\n<p>4.2. \u00dcldkoosoleku p\u00e4devus:<\/p>\n<p>&#8211; \u00dchingu p\u00f5hikirja muutmine;<\/p>\n<p>&#8211; \u00dchingu eesm\u00e4rgi muutmine;<\/p>\n<p>&#8211; \u00dchingu liikmemaksu suuruse kehtestamine;<\/p>\n<p>&#8211; juhatuse liikmete m\u00e4\u00e4ramine ja tagasikutsumine;<\/p>\n<p>&#8211; \u00dchingu tegevuse l\u00f5petamise, \u00fchinemise, jagunemise otsustamine;<\/p>\n<p>&#8211; muude k\u00fcsimuste otsustamine, mida ei ole seaduse v\u00f5i p\u00f5hikirjaga antud teiste organite p\u00e4devusse.<\/p>\n<p>4.3. \u00dcldkoosolek on otsustusv\u00f5imeline kui sellest v\u00f5tab osa v\u00e4hemalt 30% \u00dchingu liikmetest. Kui \u00fcldkoosolekul ei ole esindatud v\u00e4hemalt 30% \u00dchingu liikmetest, kutsub juhatus hiljemalt 7 p\u00e4eva jooksul kokku sama p\u00e4evakorraga uue \u00fcldkoosoleku. Uus \u00fcldkoosolek on p\u00e4dev vastu v\u00f5tma otsuseid s\u00f5ltumata koosolekul esindatud liikmete arvust.<\/p>\n<p>4.4. \u00dchingu \u00fcldkoosolekul v\u00f5ib otsustada ka muid k\u00fcsimusi, mida ei ole eelnevalt \u00fcldkoosoleku p\u00e4evakorras teatatud, v\u00e4lja arvatud \u00dchingu p\u00f5hikirja muutmine ja \u00dchingu tegevuse l\u00f5petamine.<\/p>\n<p>4.5. \u00dchingu \u00fcldkoosolek kutsutakse kokku siis, kui \u00fchingu huvid seda n\u00f5uavad, aga mitte v\u00e4hem kui 1 kord kolme aasta jooksul. \u00dcldkogu kokkukutsujaks on juhatus. \u00dcldkoosolek kutsutakse kokku, kui \u00dchingu juhatus leiab selle vajaliku olevat v\u00f5i v\u00e4hemalt 1\/10 \u00dchingu liikmeist palub p\u00f5hjendatult \u00dchingu juhatusel seda teha.<\/p>\n<p>4.6. Juhatus informeerib oma liikmeid hiljemalt 7 p\u00e4eva enne \u00fcldkoosoleku toimumisp\u00e4eva \u00fcldkoosoleku toimumisajast ja -kohast ning p\u00e4evakorrast.<\/p>\n<p>4.7. Kui \u00dchingu liige soovib mingi k\u00fcsimuse vaatluse alla v\u00f5tmist j\u00e4rgmisel \u00fcldkoosolekul, peab ta sellest kirjalikult teatama \u00dchingu juhatusele enne \u00fcldkoosoleku kokkukutsumise teate saatmist.<\/p>\n<p>4.8. \u00dchingu \u00fcldkoosolekust v\u00f5ivad h\u00e4\u00e4le\u00f5igusega osa v\u00f5tta k\u00f5ik \u00dchingu liikmed. Igal h\u00e4\u00e4le\u00f5iguslikul isikul on ainult \u00fcks h\u00e4\u00e4l. \u00dchingu liige v\u00f5ib volitada teist \u00dchingu liiget h\u00e4\u00e4letama tema eest lihtkirjaliku volikirjaga.<\/p>\n<p>4.9. Juhtudel, milliste kohta allpool v\u00f5i seaduses pole s\u00e4testatud teisiti, loetakse \u00fcldkoosoleku otsus vastuv\u00f5etuks, kui selle poolt h\u00e4\u00e4letab \u00fcle poole \u00fcldkoosolekul osalevatest v\u00f5i esindatud \u00dchingu liikmetest.<\/p>\n<p>V \u00dcHINGU JUHATUS<\/p>\n<p>5.1. \u00dchingu igap\u00e4evast tegevust juhib ja \u00dchingut esindab juhatus, kuhu kuulub v\u00e4hemalt kolm kuid mitte rohkem kui viis liiget.<\/p>\n<p>5.2. Juhatuse p\u00e4devusse kuulub:<\/p>\n<p>&#8211; \u00dchingu igap\u00e4evategevuse korraldamine;<\/p>\n<p>&#8211; \u00dchingu liikmete arvestuse pidamine ja liikmemaksude kogumine;<\/p>\n<p>&#8211; \u00dchingu tegevuskava ja eelarve koostamine;<\/p>\n<p>&#8211; majandusaasta aruande koostamine ja raamatupidamise korraldamine;<\/p>\n<p>&#8211; majandusaasta aruande kinnitamine;<\/p>\n<p>&#8211; \u00dchingu vara kasutamine ja k\u00e4sutamine vastavalt seaduse, k\u00e4esoleva p\u00f5hikirja ja \u00fcldkoosoleku otsustest tulenevatele n\u00f5uetele.<\/p>\n<p>5.2. \u00dcldkoosolek valib juhatuse liikmed \u00dchingu liikmete hulgast. Valituks osutuvad need kandidaadid, kes saavad teistest enam h\u00e4\u00e4li \u00fcldkoosolekul osalevatest v\u00f5i esindatud \u00dchingu liikmetelt. Juhatus valitakse kolmeks aastaks.<\/p>\n<p>5.3. Juhatus esindab \u00dchingut k\u00f5igis \u00f5igustoimingutes.<\/p>\n<p>5.4. \u00dchingu esindamiseks (s.h. rahaliste tehingute teostamiseks) on vajalik juhatuse liikmete enamuse, kaasa arvatud juhatuse esimehe heakskiit. Juhatus v\u00f5ib volitada juhatuse liiget esindama \u00dchingut konkreetses tehingus kui selleks on juhatuse enamuse, kaasa arvatud juhatuse esimehe n\u00f5usolek.<\/p>\n<p>5.5. Juhatuse liikme v\u00f5ib \u00dchingu \u00fcldkoosoleku otsusega igal ajal tagasi kutsuda s\u00f5ltumata p\u00f5hjusest.<\/p>\n<p>5.6. Juhatuse koosoleku kutsub kokku juhatuse esimees v\u00f5i 1\/3 juhatuse liikmetest.<\/p>\n<p>5.7. Juhatus on otsustusv\u00f5imeline, kui kohal on \u00fcle poole juhatuse liikmetest. Juhatuse otsused v\u00f5etakse vastu koosolekul osalenud juhatuse liikmete lihth\u00e4\u00e4lteenamusega. H\u00e4\u00e4lte tasajagunemisel on otsustavaks juhatuse esimehe h\u00e4\u00e4l.<\/p>\n<p>5.8. Juhatus v\u00f5ib otsuseid vastu v\u00f5tta koosolekut kokku kutsumata, kui selle poolt h\u00e4\u00e4letavad kirjalikku taasesitamist v\u00f5imaldaval viisil k\u00f5ik juhatuse liikmed.<\/p>\n<p>5.9. Juhatuse kokkukutsujal on \u00f5igus omal \u00e4ran\u00e4gemisel paluda koosolekust osa v\u00f5tma vajalikke asjatundjaid konsultantidena v\u00f5i ekspertidena, kellel on koosolekul s\u00f5na\u00f5igus.<\/p>\n<p>5.10. Juhatus v\u00f5tab t\u00f6\u00f6le ja vabastab t\u00f6\u00f6lt \u00dchingu palgalised t\u00f6\u00f6tajad.<\/p>\n<p>VI MAJANDUSTEGEVUS, \u00dcHINEMINE, JAGUNEMINE, LIKVIDEERIMINE<\/p>\n<p>6.1. \u00dchingu majandusaasta on 1. jaanuarist 31. detsembrini.<\/p>\n<p>6.2. \u00dchingu \u00fchinemine, jagunemine ja likvideerimine toimub seaduses s\u00e4testatud korras.<\/p>\n<p>6.3. \u00dchingu likvideerijad on juhatuse liikmed v\u00f5i \u00fcldkoosoleku poolt m\u00e4\u00e4ratud isikud.<\/p>\n<p>6.4. \u00dchingu l\u00f5petamisel antakse p\u00e4rast v\u00f5lausaldajate n\u00f5uete rahuldamist allesj\u00e4\u00e4nud vara \u00fcle tulumaksusoodustusega mittetulundus\u00fchingute ja sihtasutuste nimekirja liikmele, avalik-\u00f5iguslikule juriidilisele isikule, sh riigile v\u00f5i kohalikule omavalitsus\u00fcksusele.<\/p>\n<p>P\u00f5hikiri on vastu v\u00f5etud 20. juulil 2017 Tudulinnas.<\/p>\n<p>&nbsp;<\/p>\n","protected":false},"excerpt":{"rendered":"<p>MT\u00dc TUDULINNA KULTUURIKANTS P\u00d5HIKIRI I \u00dcLDS\u00c4TTED 1.1. Mittetulundus\u00fching Tudulinna Kultuurikants (edaspidi \u00dching) on avalikes huvides tegutsev juriidiliste ja f\u00fc\u00fcsiliste isikute vabatahtlik \u00fchendus. 1.2. \u00dchingu nimi on MT\u00dc Tudulinna Kultuurikants ja \u00dchingu asukoht on Tudulinna vald, Ida-Virumaa. 1.3. \u00dching on s\u00f5ltumatu organisatsioon ja ei ole \u00fchegi teise organisatsiooni sektsioon. 1.4. \u00dchingu&nbsp;[ &hellip; ]<\/p>\n","protected":false},"author":2,"featured_media":0,"parent":0,"menu_order":0,"comment_status":"closed","ping_status":"closed","template":"page-templates\/template_fullwidth.php","meta":{"_bbp_topic_count":0,"_bbp_reply_count":0,"_bbp_total_topic_count":0,"_bbp_total_reply_count":0,"_bbp_voice_count":0,"_bbp_anonymous_reply_count":0,"_bbp_topic_count_hidden":0,"_bbp_reply_count_hidden":0,"_bbp_forum_subforum_count":0,"footnotes":"","_links_to":"","_links_to_target":""},"class_list":["post-334","page","type-page","status-publish","hentry","list-style-post"],"_links":{"self":[{"href":"https:\/\/tudulinnakultuurikants.ee\/index.php?rest_route=\/wp\/v2\/pages\/334","targetHints":{"allow":["GET"]}}],"collection":[{"href":"https:\/\/tudulinnakultuurikants.ee\/index.php?rest_route=\/wp\/v2\/pages"}],"about":[{"href":"https:\/\/tudulinnakultuurikants.ee\/index.php?rest_route=\/wp\/v2\/types\/page"}],"author":[{"embeddable":true,"href":"https:\/\/tudulinnakultuurikants.ee\/index.php?rest_route=\/wp\/v2\/users\/2"}],"replies":[{"embeddable":true,"href":"https:\/\/tudulinnakultuurikants.ee\/index.php?rest_route=%2Fwp%2Fv2%2Fcomments&post=334"}],"version-history":[{"count":1,"href":"https:\/\/tudulinnakultuurikants.ee\/index.php?rest_route=\/wp\/v2\/pages\/334\/revisions"}],"predecessor-version":[{"id":335,"href":"https:\/\/tudulinnakultuurikants.ee\/index.php?rest_route=\/wp\/v2\/pages\/334\/revisions\/335"}],"wp:attachment":[{"href":"https:\/\/tudulinnakultuurikants.ee\/index.php?rest_route=%2Fwp%2Fv2%2Fmedia&parent=334"}],"curies":[{"name":"wp","href":"https:\/\/api.w.org\/{rel}","templated":true}]}}