{"id":344,"date":"2019-04-13T19:50:23","date_gmt":"2019-04-13T17:50:23","guid":{"rendered":"https:\/\/tudulinnakirik.planet.ee\/?page_id=344"},"modified":"2019-06-24T11:56:46","modified_gmt":"2019-06-24T09:56:46","slug":"sundmused","status":"publish","type":"page","link":"https:\/\/tudulinnakultuurikants.ee\/?page_id=344","title":{"rendered":"Meie \u00fchistegevused"},"content":{"rendered":"<p>MT\u00dc Tudulinna Kultuurikants eestvedamisel korraldatakse mitmesuguseid kultuuris\u00fcndmusi.<\/p>\n","protected":false},"excerpt":{"rendered":"<p>MT\u00dc Tudulinna Kultuurikants eestvedamisel korraldatakse mitmesuguseid kultuuris\u00fcndmusi.<\/p>\n","protected":false},"author":2,"featured_media":0,"parent":0,"menu_order":0,"comment_status":"closed","ping_status":"closed","template":"","meta":{"_bbp_topic_count":0,"_bbp_reply_count":0,"_bbp_total_topic_count":0,"_bbp_total_reply_count":0,"_bbp_voice_count":0,"_bbp_anonymous_reply_count":0,"_bbp_topic_count_hidden":0,"_bbp_reply_count_hidden":0,"_bbp_forum_subforum_count":0,"footnotes":"","_links_to":"","_links_to_target":""},"class_list":["post-344","page","type-page","status-publish","hentry","list-style-post"],"_links":{"self":[{"href":"https:\/\/tudulinnakultuurikants.ee\/index.php?rest_route=\/wp\/v2\/pages\/344","targetHints":{"allow":["GET"]}}],"collection":[{"href":"https:\/\/tudulinnakultuurikants.ee\/index.php?rest_route=\/wp\/v2\/pages"}],"about":[{"href":"https:\/\/tudulinnakultuurikants.ee\/index.php?rest_route=\/wp\/v2\/types\/page"}],"author":[{"embeddable":true,"href":"https:\/\/tudulinnakultuurikants.ee\/index.php?rest_route=\/wp\/v2\/users\/2"}],"replies":[{"embeddable":true,"href":"https:\/\/tudulinnakultuurikants.ee\/index.php?rest_route=%2Fwp%2Fv2%2Fcomments&post=344"}],"version-history":[{"count":4,"href":"https:\/\/tudulinnakultuurikants.ee\/index.php?rest_route=\/wp\/v2\/pages\/344\/revisions"}],"predecessor-version":[{"id":894,"href":"https:\/\/tudulinnakultuurikants.ee\/index.php?rest_route=\/wp\/v2\/pages\/344\/revisions\/894"}],"wp:attachment":[{"href":"https:\/\/tudulinnakultuurikants.ee\/index.php?rest_route=%2Fwp%2Fv2%2Fmedia&parent=344"}],"curies":[{"name":"wp","href":"https:\/\/api.w.org\/{rel}","templated":true}]}}