{"id":42,"date":"2017-01-11T09:42:46","date_gmt":"2017-01-11T09:42:46","guid":{"rendered":"http:\/\/demo.athemes.com\/greatmag\/?page_id=42"},"modified":"2026-01-26T17:06:45","modified_gmt":"2026-01-26T15:06:45","slug":"homepage","status":"publish","type":"page","link":"https:\/\/tudulinnakultuurikants.ee\/","title":{"rendered":"Homepage"},"content":{"rendered":"<div id=\"pl-42\"  class=\"panel-layout\" ><div id=\"pg-42-0\"  class=\"panel-grid panel-has-style\" ><div style=\"padding-top: 0px; padding-bottom: -10px; \" class=\"panel-row-style panel-row-style-for-42-0\" ><div id=\"pgc-42-0-0\"  class=\"panel-grid-cell\" ><\/div><\/div><\/div><div id=\"pg-42-1\"  class=\"panel-grid panel-has-style\" ><div class=\"siteorigin-panels-stretch panel-row-style panel-row-style-for-42-1\" style=\"padding-top: 50px; padding-bottom: 50px; \" data-stretch-type=\"full\" ><div id=\"pgc-42-1-0\"  class=\"panel-grid-cell\" ><div id=\"panel-42-1-0-0\" class=\"so-panel widget widget_text panel-first-child\" data-index=\"1\" ><div class=\"panel-widget-style panel-widget-style-for-42-1-0-0\" ><h3 class=\"widget-title\">MEIE UUDISED<\/h3>\t\t\t<div class=\"textwidget\">MT\u00dc TUDULINNA KULTUURIKANTS TEATAB!\n <\/div>\n\t\t<\/div><\/div><div id=\"panel-42-1-0-1\" class=\"so-panel widget widget_ink-blog panel-last-child\" data-index=\"2\" ><div\n\t\t\t\n\t\t\tclass=\"so-widget-ink-blog so-widget-ink-blog-thumb-none-948429633d11-42\"\n\t\t\t\n\t\t>\n\n\n\t<div class=\"iw-so-blog\">\n\n\t\t<div id=\"my-ajax-blog-widget\">\n\n\t\t\t<div class=\"iw-so-blog-container iw-so-blog-equal-height\">\n\n\t\t\t\t\n\t\t\t\t\t<div class=\"iw-so-article iw-so-no-thumb iw-so-blog-one-column iw-so-last-col\">\n\n\t\t\t\t\t\t<div class=\"iw-so-article-content\">\n\n\t\t\t\t\t\t\t\n\t\t\t\t\t\t\t\n\t\t\t\t\t\t\t<h2 class=\"iw-so-article-title iw-text-left\">\n\t\t\t\t\t\t\t\t<a href=\"https:\/\/tudulinnakultuurikants.ee\/?p=5989\">\t\t\t\t\t\t\t\t\tLauri V\u00e4inmaa saab suure tunnustuse !\t\t\t\t\t\t\t\t<\/a>\t\t\t\t\t\t\t<\/h2>\n\n\t\t\t\t\t\t\t\n\t\t\t\t\t\t\t\t<p class=\"iw-so-article-byline-below iw-text-left\">\n\t\t\t\t\t\t\t\t\t01.02.2026\t\t\t\t\t\t\t\t<\/p>\n\n\t\t\t\t\t\t\t\n\t\t\t\t\t\t\t\n\t\t\t\t\t\t\t\t<p class=\"iw-so-article-excerpt iw-text-left\">\n\t\t\t\t\t\t\t\t\t\t\t\t\t\t\t\t\t\t\t<a href=\"https:\/\/tudulinnakultuurikants.ee\/?p=5989\">\n\t\t\t\t\t\t\t\t\t\t\tMT\u00dc Tudulinna Kultuurikants juhatuse esimees Lauri V\u00e4inmaa pikaajaline tegevus...\t\t\t\t\t\t\t\t\t\t<\/a>\n\t\t\t\t\t\t\t\t\t\t\t\t\t\t\t\t\t<\/p>\n\n\t\t\t\t\t\t\t\n\t\t\t\t\t\t\t\n\t\t\t\t\t\t\t\n\t\t\t\t\t\t\t\t<div class=\"iw-so-article-button\">\n\t\t\t\t\t\t\t\t\t<a class=\"iw-so-article-btn iw-so-article-btn-hover iw-so-article-btn-click\" href=\"https:\/\/tudulinnakultuurikants.ee\/?p=5989\">\n\t\t\t\t\t\t\t\t\t\tLoe l\u00e4hemalt\t\t\t\t\t\t\t\t\t<\/a>\n\t\t\t\t\t\t\t\t<\/div>\n\n\t\t\t\t\t\t\t\n\t\t\t\t\t\t<\/div>\n\n\t\t\t\t\t<\/div>\n\n\t\t\t\t\t\n\t\t\t\t\n\t\t\t\t\t<div class=\"iw-so-article iw-so-no-thumb iw-so-blog-one-column iw-so-last-col\">\n\n\t\t\t\t\t\t<div class=\"iw-so-article-content\">\n\n\t\t\t\t\t\t\t\n\t\t\t\t\t\t\t\n\t\t\t\t\t\t\t<h2 class=\"iw-so-article-title iw-text-left\">\n\t\t\t\t\t\t\t\t<a href=\"https:\/\/tudulinnakultuurikants.ee\/?p=5986\">\t\t\t\t\t\t\t\t\tEesti ja Tudulinna kirjanduse p\u00e4ev\t\t\t\t\t\t\t\t<\/a>\t\t\t\t\t\t\t<\/h2>\n\n\t\t\t\t\t\t\t\n\t\t\t\t\t\t\t\t<p class=\"iw-so-article-byline-below iw-text-left\">\n\t\t\t\t\t\t\t\t\t30.01.2026\t\t\t\t\t\t\t\t<\/p>\n\n\t\t\t\t\t\t\t\n\t\t\t\t\t\t\t\n\t\t\t\t\t\t\t\t<p class=\"iw-so-article-excerpt iw-text-left\">\n\t\t\t\t\t\t\t\t\t\t\t\t\t\t\t\t\t\t\t<a href=\"https:\/\/tudulinnakultuurikants.ee\/?p=5986\">\n\t\t\t\t\t\t\t\t\t\t\tEesti ja Tudulinna kirjanduse p\u00e4ev Alates 2023. aastast on...\t\t\t\t\t\t\t\t\t\t<\/a>\n\t\t\t\t\t\t\t\t\t\t\t\t\t\t\t\t\t<\/p>\n\n\t\t\t\t\t\t\t\n\t\t\t\t\t\t\t\n\t\t\t\t\t\t\t\n\t\t\t\t\t\t\t\t<div class=\"iw-so-article-button\">\n\t\t\t\t\t\t\t\t\t<a class=\"iw-so-article-btn iw-so-article-btn-hover iw-so-article-btn-click\" href=\"https:\/\/tudulinnakultuurikants.ee\/?p=5986\">\n\t\t\t\t\t\t\t\t\t\tLoe l\u00e4hemalt\t\t\t\t\t\t\t\t\t<\/a>\n\t\t\t\t\t\t\t\t<\/div>\n\n\t\t\t\t\t\t\t\n\t\t\t\t\t\t<\/div>\n\n\t\t\t\t\t<\/div>\n\n\t\t\t\t\t\n\t\t\t\t\n\t\t\t\t\t<div class=\"iw-so-article iw-so-no-thumb iw-so-blog-one-column iw-so-last-col\">\n\n\t\t\t\t\t\t<div class=\"iw-so-article-content\">\n\n\t\t\t\t\t\t\t\n\t\t\t\t\t\t\t\n\t\t\t\t\t\t\t<h2 class=\"iw-so-article-title iw-text-left\">\n\t\t\t\t\t\t\t\t<a href=\"https:\/\/tudulinnakultuurikants.ee\/?p=5910\">\t\t\t\t\t\t\t\t\tKauaoodatud Tudulinna ajalooraamat on ilmunud!\t\t\t\t\t\t\t\t<\/a>\t\t\t\t\t\t\t<\/h2>\n\n\t\t\t\t\t\t\t\n\t\t\t\t\t\t\t\t<p class=\"iw-so-article-byline-below iw-text-left\">\n\t\t\t\t\t\t\t\t\t13.01.2026\t\t\t\t\t\t\t\t<\/p>\n\n\t\t\t\t\t\t\t\n\t\t\t\t\t\t\t\n\t\t\t\t\t\t\t\t<p class=\"iw-so-article-excerpt iw-text-left\">\n\t\t\t\t\t\t\t\t\t\t\t\t\t\t\t\t\t\t\t<a href=\"https:\/\/tudulinnakultuurikants.ee\/?p=5910\">\n\t\t\t\t\t\t\t\t\t\t\tTudulinna Raamat Aasta v\u00e4\u00e4rika l\u00f5pu m\u00e4rkimiseks ilmus kauaoodatud raamat!...\t\t\t\t\t\t\t\t\t\t<\/a>\n\t\t\t\t\t\t\t\t\t\t\t\t\t\t\t\t\t<\/p>\n\n\t\t\t\t\t\t\t\n\t\t\t\t\t\t\t\n\t\t\t\t\t\t\t\n\t\t\t\t\t\t\t\t<div class=\"iw-so-article-button\">\n\t\t\t\t\t\t\t\t\t<a class=\"iw-so-article-btn iw-so-article-btn-hover iw-so-article-btn-click\" href=\"https:\/\/tudulinnakultuurikants.ee\/?p=5910\">\n\t\t\t\t\t\t\t\t\t\tLoe l\u00e4hemalt\t\t\t\t\t\t\t\t\t<\/a>\n\t\t\t\t\t\t\t\t<\/div>\n\n\t\t\t\t\t\t\t\n\t\t\t\t\t\t<\/div>\n\n\t\t\t\t\t<\/div>\n\n\t\t\t\t\t\n\t\t\t\t\n\t\t\t\t\t<div class=\"iw-so-article iw-so-no-thumb iw-so-blog-one-column iw-so-last-col\">\n\n\t\t\t\t\t\t<div class=\"iw-so-article-content\">\n\n\t\t\t\t\t\t\t\n\t\t\t\t\t\t\t\n\t\t\t\t\t\t\t<h2 class=\"iw-so-article-title iw-text-left\">\n\t\t\t\t\t\t\t\t<a href=\"https:\/\/tudulinnakultuurikants.ee\/?p=5903\">\t\t\t\t\t\t\t\t\tJ\u00f5ulutervitus k\u00f5igile Tudulinna s\u00f5pradele!\t\t\t\t\t\t\t\t<\/a>\t\t\t\t\t\t\t<\/h2>\n\n\t\t\t\t\t\t\t\n\t\t\t\t\t\t\t\t<p class=\"iw-so-article-byline-below iw-text-left\">\n\t\t\t\t\t\t\t\t\t19.12.2025\t\t\t\t\t\t\t\t<\/p>\n\n\t\t\t\t\t\t\t\n\t\t\t\t\t\t\t\n\t\t\t\t\t\t\t\t<p class=\"iw-so-article-excerpt iw-text-left\">\n\t\t\t\t\t\t\t\t\t\t\t\t\t\t\t\t\t\t\t<a href=\"https:\/\/tudulinnakultuurikants.ee\/?p=5903\">\n\t\t\t\t\t\t\t\t\t\t\tEt soojust \u00f5hkuks k\u00fc\u00fcnaldest ja vastu s\u00e4raks silmadest, et...\t\t\t\t\t\t\t\t\t\t<\/a>\n\t\t\t\t\t\t\t\t\t\t\t\t\t\t\t\t\t<\/p>\n\n\t\t\t\t\t\t\t\n\t\t\t\t\t\t\t\n\t\t\t\t\t\t\t\n\t\t\t\t\t\t\t\t<div class=\"iw-so-article-button\">\n\t\t\t\t\t\t\t\t\t<a class=\"iw-so-article-btn iw-so-article-btn-hover iw-so-article-btn-click\" href=\"https:\/\/tudulinnakultuurikants.ee\/?p=5903\">\n\t\t\t\t\t\t\t\t\t\tLoe l\u00e4hemalt\t\t\t\t\t\t\t\t\t<\/a>\n\t\t\t\t\t\t\t\t<\/div>\n\n\t\t\t\t\t\t\t\n\t\t\t\t\t\t<\/div>\n\n\t\t\t\t\t<\/div>\n\n\t\t\t\t\t\n\t\t\t\t\n\t\t\t\t\t<div class=\"iw-so-article iw-so-no-thumb iw-so-blog-one-column iw-so-last-col\">\n\n\t\t\t\t\t\t<div class=\"iw-so-article-content\">\n\n\t\t\t\t\t\t\t\n\t\t\t\t\t\t\t\n\t\t\t\t\t\t\t<h2 class=\"iw-so-article-title iw-text-left\">\n\t\t\t\t\t\t\t\t<a href=\"https:\/\/tudulinnakultuurikants.ee\/?p=5897\">\t\t\t\t\t\t\t\t\tTudulinna Raamat l\u00e4bi aegade. Kaheteistk\u00fcmnes osa\t\t\t\t\t\t\t\t<\/a>\t\t\t\t\t\t\t<\/h2>\n\n\t\t\t\t\t\t\t\n\t\t\t\t\t\t\t\t<p class=\"iw-so-article-byline-below iw-text-left\">\n\t\t\t\t\t\t\t\t\t08.12.2025\t\t\t\t\t\t\t\t<\/p>\n\n\t\t\t\t\t\t\t\n\t\t\t\t\t\t\t\n\t\t\t\t\t\t\t\t<p class=\"iw-so-article-excerpt iw-text-left\">\n\t\t\t\t\t\t\t\t\t\t\t\t\t\t\t\t\t\t\t<a href=\"https:\/\/tudulinnakultuurikants.ee\/?p=5897\">\n\t\t\t\t\t\t\t\t\t\t\tM\u00e4rkamatult hakkab\u00a0 \u00fcks aastaring t\u00e4is saama. Iga\u00fche jaoks on...\t\t\t\t\t\t\t\t\t\t<\/a>\n\t\t\t\t\t\t\t\t\t\t\t\t\t\t\t\t\t<\/p>\n\n\t\t\t\t\t\t\t\n\t\t\t\t\t\t\t\n\t\t\t\t\t\t\t\n\t\t\t\t\t\t\t\t<div class=\"iw-so-article-button\">\n\t\t\t\t\t\t\t\t\t<a class=\"iw-so-article-btn iw-so-article-btn-hover iw-so-article-btn-click\" href=\"https:\/\/tudulinnakultuurikants.ee\/?p=5897\">\n\t\t\t\t\t\t\t\t\t\tLoe l\u00e4hemalt\t\t\t\t\t\t\t\t\t<\/a>\n\t\t\t\t\t\t\t\t<\/div>\n\n\t\t\t\t\t\t\t\n\t\t\t\t\t\t<\/div>\n\n\t\t\t\t\t<\/div>\n\n\t\t\t\t\t\n\t\t\t\t\n\t\t\t<\/div>\n\n\t\t\t\n\t\t\n\t\t\t\t\t<nav id='iw-so-blog-pagination' class=\"iw-so-blog-pagination iw-so-blog-paginate iw-so-navi-btn iw-so-navi-btn-hover iw-so-navi-btn-click iw-so-navi-ajax\" role=\"navigation\">\n\t\t\t\t<h3 class=\"screen-reader-text\">Posts Navigation<\/h3>\n\t\t\t\t<div class=\"iw-so-nav-links\">\n\t\t\t\t\t\t\t\t\t\t<span aria-current=\"page\" class=\"page-numbers current\">1<\/span>\n<a class=\"page-numbers\" href=\"https:\/\/tudulinnakultuurikants.ee\/index.php?rest_route=%2Fwp%2Fv2%2Fpages%2F42&#038;paged=2\">2<\/a>\n<span class=\"page-numbers dots\">&hellip;<\/span>\n<a class=\"page-numbers\" href=\"https:\/\/tudulinnakultuurikants.ee\/index.php?rest_route=%2Fwp%2Fv2%2Fpages%2F42&#038;paged=12\">12<\/a>\n<a class=\"next page-numbers\" href=\"https:\/\/tudulinnakultuurikants.ee\/index.php?rest_route=%2Fwp%2Fv2%2Fpages%2F42&#038;paged=2\">Vanemad uudised <span class=\"sow-icon-fontawesome sow-fas\" data-sow-icon=\"&#xf105;\"\n\t\t \n\t\taria-hidden=\"true\"><\/span><\/a>\n\t\t\t\t<\/div>\n\t\t\t<\/nav>\n\t\t\n\t\n\t\t<\/div>\n\n\t<\/div>\n\n\n\n\t\t<script>\n\t\tjQuery(document).ready(function(){\n\t\t\t\/\/ AJAX pagination\n\t\t\tjQuery(function($) {\n\t\t\t\t$( '#my-ajax-blog-widget' ).parent( '.iw-so-blog' ).on( 'click', '#iw-so-blog-pagination.iw-so-navi-ajax a', function(e){\n\t\t\t\t\te.preventDefault();\n\t\t\t\t\tvar link = $(this).attr( 'href' );\n\t\t\t\t\t$( '#my-ajax-blog-widget' ).parent().fadeOut(300, function(){\n\t\t\t\t\t\t$(this).load(link + ' #my-ajax-blog-widget', function() {\n\t\t\t\t\t\t\t$(this).fadeIn(300);\n\t\t\t\t\t\t});\n\t\t\t\t\t});\n\t\t\t\t});\n\t\t\t});\n\t\t});\n\t\t<\/script>\n\n\t<\/div><\/div><\/div><div id=\"pgc-42-1-1\"  class=\"panel-grid-cell\" ><div id=\"panel-42-1-1-0\" class=\"so-panel widget widget_text panel-first-child\" data-index=\"3\" ><div class=\"panel-widget-style panel-widget-style-for-42-1-1-0\" ><h3 class=\"widget-title\">TUDULINNA LOOD<\/h3>\t\t\t<div class=\"textwidget\">MIS OLI?   MIS ON?   MIS TULEB?\n <\/div>\n\t\t<\/div><\/div><div id=\"panel-42-1-1-1\" class=\"so-panel widget widget_ink-blog panel-last-child\" data-index=\"4\" ><div class=\"panel-widget-style panel-widget-style-for-42-1-1-1\" ><div\n\t\t\t\n\t\t\tclass=\"so-widget-ink-blog so-widget-ink-blog-thumb-above-59e862c78133-5897\"\n\t\t\t\n\t\t>\n\n\n\t<div class=\"iw-so-blog\">\n\n\t\t<div id=\"my-ajax-blog-widget\">\n\n\t\t\t<div class=\"iw-so-blog-container iw-so-blog-equal-height\">\n\n\t\t\t\t\n\t\t\t\t\t<div class=\"iw-so-article iw-so-thumb-above iw-so-blog-one-column iw-so-last-col\">\n\n\t\t\t\t\t\t\n\t\t\t\t\t\t<div class=\"iw-so-article-content\">\n\n\t\t\t\t\t\t\t\n\t\t\t\t\t\t\t<h2 class=\"iw-so-article-title iw-text-left\">\n\t\t\t\t\t\t\t\t<a href=\"https:\/\/tudulinnakultuurikants.ee\/?p=5970\">\t\t\t\t\t\t\t\t\tSaja aasta lood Tudulinnast. Jaanuar 1926\t\t\t\t\t\t\t\t<\/a>\t\t\t\t\t\t\t<\/h2>\n\n\t\t\t\t\t\t\t\n\t\t\t\t\t\t\t\t<p class=\"iw-so-article-byline-below iw-text-left\">\n\t\t\t\t\t\t\t\t\t22.01.2026\t\t\t\t\t\t\t\t<\/p>\n\n\t\t\t\t\t\t\t\n\t\t\t\t\t\t\t\n\t\t\t\t\t\t\t\t<p class=\"iw-so-article-excerpt iw-text-left\">\n\t\t\t\t\t\t\t\t\t\t\t\t\t\t\t\t\t\t\tWARGAJAHT\u00a0 \u00a0TUDULINNAS T\u00e4pselt sajandi eest kees hoolimata k\u00fclmast talvest elu Tudulinnas t\u00e4istuuridel. Palju tegevust, k\u00f5ne- ja kirjutamisainet andis nn...\t\t\t\t\t\t\t\t\t\t\t\t\t\t\t\t\t<\/p>\n\n\t\t\t\t\t\t\t\n\t\t\t\t\t\t\t\n\t\t\t\t\t\t\t\n\t\t\t\t\t\t\t\t<div class=\"iw-so-article-button\">\n\t\t\t\t\t\t\t\t\t<a class=\"iw-so-article-btn iw-so-article-btn-hover iw-so-article-btn-click\" href=\"https:\/\/tudulinnakultuurikants.ee\/?p=5970\">\n\t\t\t\t\t\t\t\t\t\tLoe l\u00e4hemalt!\t\t\t\t\t\t\t\t\t<\/a>\n\t\t\t\t\t\t\t\t<\/div>\n\n\t\t\t\t\t\t\t\n\t\t\t\t\t\t<\/div>\n\n\t\t\t\t\t<\/div>\n\n\t\t\t\t\t\n\t\t\t\t\n\t\t\t\t\t<div class=\"iw-so-article iw-so-thumb-above iw-so-blog-one-column iw-so-last-col\">\n\n\t\t\t\t\t\t\n\t\t\t\t\t\t<div class=\"iw-so-article-content\">\n\n\t\t\t\t\t\t\t\n\t\t\t\t\t\t\t<h2 class=\"iw-so-article-title iw-text-left\">\n\t\t\t\t\t\t\t\t<a href=\"https:\/\/tudulinnakultuurikants.ee\/?p=5910\">\t\t\t\t\t\t\t\t\tKauaoodatud Tudulinna ajalooraamat on ilmunud!\t\t\t\t\t\t\t\t<\/a>\t\t\t\t\t\t\t<\/h2>\n\n\t\t\t\t\t\t\t\n\t\t\t\t\t\t\t\t<p class=\"iw-so-article-byline-below iw-text-left\">\n\t\t\t\t\t\t\t\t\t13.01.2026\t\t\t\t\t\t\t\t<\/p>\n\n\t\t\t\t\t\t\t\n\t\t\t\t\t\t\t\n\t\t\t\t\t\t\t\t<p class=\"iw-so-article-excerpt iw-text-left\">\n\t\t\t\t\t\t\t\t\t\t\t\t\t\t\t\t\t\t\tTudulinna Raamat Aasta v\u00e4\u00e4rika l\u00f5pu m\u00e4rkimiseks ilmus kauaoodatud raamat! M\u00f6ldri talust p\u00e4rit kodu-uurija Elsa Karbi &#8220;M\u00f5nda Tudulinna minevikust ja...\t\t\t\t\t\t\t\t\t\t\t\t\t\t\t\t\t<\/p>\n\n\t\t\t\t\t\t\t\n\t\t\t\t\t\t\t\n\t\t\t\t\t\t\t\n\t\t\t\t\t\t\t\t<div class=\"iw-so-article-button\">\n\t\t\t\t\t\t\t\t\t<a class=\"iw-so-article-btn iw-so-article-btn-hover iw-so-article-btn-click\" href=\"https:\/\/tudulinnakultuurikants.ee\/?p=5910\">\n\t\t\t\t\t\t\t\t\t\tLoe l\u00e4hemalt!\t\t\t\t\t\t\t\t\t<\/a>\n\t\t\t\t\t\t\t\t<\/div>\n\n\t\t\t\t\t\t\t\n\t\t\t\t\t\t<\/div>\n\n\t\t\t\t\t<\/div>\n\n\t\t\t\t\t\n\t\t\t\t\n\t\t\t\t\t<div class=\"iw-so-article iw-so-thumb-above iw-so-blog-one-column iw-so-last-col\">\n\n\t\t\t\t\t\t\n\t\t\t\t\t\t<div class=\"iw-so-article-content\">\n\n\t\t\t\t\t\t\t\n\t\t\t\t\t\t\t<h2 class=\"iw-so-article-title iw-text-left\">\n\t\t\t\t\t\t\t\t<a href=\"https:\/\/tudulinnakultuurikants.ee\/?p=5859\">\t\t\t\t\t\t\t\t\tAvatud on Tudulinna legendaarse kroonikaraamatu ettetellimine!\t\t\t\t\t\t\t\t<\/a>\t\t\t\t\t\t\t<\/h2>\n\n\t\t\t\t\t\t\t\n\t\t\t\t\t\t\t\t<p class=\"iw-so-article-byline-below iw-text-left\">\n\t\t\t\t\t\t\t\t\t18.09.2025\t\t\t\t\t\t\t\t<\/p>\n\n\t\t\t\t\t\t\t\n\t\t\t\t\t\t\t\n\t\t\t\t\t\t\t\t<p class=\"iw-so-article-excerpt iw-text-left\">\n\t\t\t\t\t\t\t\t\t\t\t\t\t\t\t\t\t\t\t1978. aastal ilmus v\u00e4ikeses tiraa\u017eis Tudulinna M\u00f6ldri talust p\u00e4rit Elsa Karbi (neiuna Pikhof) raamat &#8220;M\u00f5nda Tudulinna minevikust ja inimestest&#8221;....\t\t\t\t\t\t\t\t\t\t\t\t\t\t\t\t\t<\/p>\n\n\t\t\t\t\t\t\t\n\t\t\t\t\t\t\t\n\t\t\t\t\t\t\t\n\t\t\t\t\t\t\t\t<div class=\"iw-so-article-button\">\n\t\t\t\t\t\t\t\t\t<a class=\"iw-so-article-btn iw-so-article-btn-hover iw-so-article-btn-click\" href=\"https:\/\/tudulinnakultuurikants.ee\/?p=5859\">\n\t\t\t\t\t\t\t\t\t\tLoe l\u00e4hemalt!\t\t\t\t\t\t\t\t\t<\/a>\n\t\t\t\t\t\t\t\t<\/div>\n\n\t\t\t\t\t\t\t\n\t\t\t\t\t\t<\/div>\n\n\t\t\t\t\t<\/div>\n\n\t\t\t\t\t\n\t\t\t\t\n\t\t\t\t\t<div class=\"iw-so-article iw-so-thumb-above iw-so-blog-one-column iw-so-last-col\">\n\n\t\t\t\t\t\t\n\t\t\t\t\t\t<div class=\"iw-so-article-content\">\n\n\t\t\t\t\t\t\t\n\t\t\t\t\t\t\t<h2 class=\"iw-so-article-title iw-text-left\">\n\t\t\t\t\t\t\t\t<a href=\"https:\/\/tudulinnakultuurikants.ee\/?p=5853\">\t\t\t\t\t\t\t\t\tAjaloohuvilised tutvusid Tudulinna Linnam\u00e4e ja vanade ehitism\u00e4lestistega\t\t\t\t\t\t\t\t<\/a>\t\t\t\t\t\t\t<\/h2>\n\n\t\t\t\t\t\t\t\n\t\t\t\t\t\t\t\t<p class=\"iw-so-article-byline-below iw-text-left\">\n\t\t\t\t\t\t\t\t\t15.09.2025\t\t\t\t\t\t\t\t<\/p>\n\n\t\t\t\t\t\t\t\n\t\t\t\t\t\t\t\n\t\t\t\t\t\t\t\t<p class=\"iw-so-article-excerpt iw-text-left\">\n\t\t\t\t\t\t\t\t\t\t\t\t\t\t\t\t\t\t\tP\u00fchap\u00e4eval, 14. septembril, osales MT\u00dc Tudulinna Kultuurikants esimest korda \u00fcle-euroopalistel Muinsuskaitsep\u00e4evadel ja korraldas Tudulinna Linnam\u00e4el v\u00e4ikese ekskursiooni ajaloop\u00e4randiga tutvumiseks....\t\t\t\t\t\t\t\t\t\t\t\t\t\t\t\t\t<\/p>\n\n\t\t\t\t\t\t\t\n\t\t\t\t\t\t\t\n\t\t\t\t\t\t\t\n\t\t\t\t\t\t\t\t<div class=\"iw-so-article-button\">\n\t\t\t\t\t\t\t\t\t<a class=\"iw-so-article-btn iw-so-article-btn-hover iw-so-article-btn-click\" href=\"https:\/\/tudulinnakultuurikants.ee\/?p=5853\">\n\t\t\t\t\t\t\t\t\t\tLoe l\u00e4hemalt!\t\t\t\t\t\t\t\t\t<\/a>\n\t\t\t\t\t\t\t\t<\/div>\n\n\t\t\t\t\t\t\t\n\t\t\t\t\t\t<\/div>\n\n\t\t\t\t\t<\/div>\n\n\t\t\t\t\t\n\t\t\t\t\n\t\t\t\t\t<div class=\"iw-so-article iw-so-thumb-above iw-so-blog-one-column iw-so-last-col\">\n\n\t\t\t\t\t\t\n\t\t\t\t\t\t<div class=\"iw-so-article-content\">\n\n\t\t\t\t\t\t\t\n\t\t\t\t\t\t\t<h2 class=\"iw-so-article-title iw-text-left\">\n\t\t\t\t\t\t\t\t<a href=\"https:\/\/tudulinnakultuurikants.ee\/?p=5849\">\t\t\t\t\t\t\t\t\tMuinsuskaitsep\u00e4evade ekskursioon Tudulinna linnam\u00e4el\t\t\t\t\t\t\t\t<\/a>\t\t\t\t\t\t\t<\/h2>\n\n\t\t\t\t\t\t\t\n\t\t\t\t\t\t\t\t<p class=\"iw-so-article-byline-below iw-text-left\">\n\t\t\t\t\t\t\t\t\t27.08.2025\t\t\t\t\t\t\t\t<\/p>\n\n\t\t\t\t\t\t\t\n\t\t\t\t\t\t\t\n\t\t\t\t\t\t\t\t<p class=\"iw-so-article-excerpt iw-text-left\">\n\t\t\t\t\t\t\t\t\t\t\t\t\t\t\t\t\t\t\tHea Tudulinna s\u00f5ber! Kutsume sind Muinsuskaitse p\u00e4evade raames toimuvale p\u00f5nevale eksursioonile Tudulinna Linnam\u00e4el, kus seisavad k\u00f5rvuti kolm unikaalset kaitsealust...\t\t\t\t\t\t\t\t\t\t\t\t\t\t\t\t\t<\/p>\n\n\t\t\t\t\t\t\t\n\t\t\t\t\t\t\t\n\t\t\t\t\t\t\t\n\t\t\t\t\t\t\t\t<div class=\"iw-so-article-button\">\n\t\t\t\t\t\t\t\t\t<a class=\"iw-so-article-btn iw-so-article-btn-hover iw-so-article-btn-click\" href=\"https:\/\/tudulinnakultuurikants.ee\/?p=5849\">\n\t\t\t\t\t\t\t\t\t\tLoe l\u00e4hemalt!\t\t\t\t\t\t\t\t\t<\/a>\n\t\t\t\t\t\t\t\t<\/div>\n\n\t\t\t\t\t\t\t\n\t\t\t\t\t\t<\/div>\n\n\t\t\t\t\t<\/div>\n\n\t\t\t\t\t\n\t\t\t\t\n\t\t\t<\/div>\n\n\t\t\t\n\t\t\n\t\t\t\t\t<nav id='iw-so-blog-pagination' class=\"iw-so-blog-pagination iw-so-blog-paginate iw-so-navi-btn iw-so-navi-btn-hover iw-so-navi-btn-click iw-so-navi-ajax\" role=\"navigation\">\n\t\t\t\t<h3 class=\"screen-reader-text\">Posts Navigation<\/h3>\n\t\t\t\t<div class=\"iw-so-nav-links\">\n\t\t\t\t\t\t\t\t\t\t<span aria-current=\"page\" class=\"page-numbers current\">1<\/span>\n<a class=\"page-numbers\" href=\"https:\/\/tudulinnakultuurikants.ee\/index.php?rest_route=%2Fwp%2Fv2%2Fpages%2F42&#038;paged=2\">2<\/a>\n<span class=\"page-numbers dots\">&hellip;<\/span>\n<a class=\"page-numbers\" href=\"https:\/\/tudulinnakultuurikants.ee\/index.php?rest_route=%2Fwp%2Fv2%2Fpages%2F42&#038;paged=10\">10<\/a>\n<a class=\"next page-numbers\" href=\"https:\/\/tudulinnakultuurikants.ee\/index.php?rest_route=%2Fwp%2Fv2%2Fpages%2F42&#038;paged=2\">Vanemad uudised <span class=\"sow-icon-fontawesome sow-fas\" data-sow-icon=\"&#xf105;\"\n\t\t \n\t\taria-hidden=\"true\"><\/span><\/a>\n\t\t\t\t<\/div>\n\t\t\t<\/nav>\n\t\t\n\t\n\t\t<\/div>\n\n\t<\/div>\n\n\n\n\t\t<script>\n\t\tjQuery(document).ready(function(){\n\t\t\t\/\/ AJAX pagination\n\t\t\tjQuery(function($) {\n\t\t\t\t$( '#my-ajax-blog-widget' ).parent( '.iw-so-blog' ).on( 'click', '#iw-so-blog-pagination.iw-so-navi-ajax a', function(e){\n\t\t\t\t\te.preventDefault();\n\t\t\t\t\tvar link = $(this).attr( 'href' );\n\t\t\t\t\t$( '#my-ajax-blog-widget' ).parent().fadeOut(300, function(){\n\t\t\t\t\t\t$(this).load(link + ' #my-ajax-blog-widget', function() {\n\t\t\t\t\t\t\t$(this).fadeIn(300);\n\t\t\t\t\t\t});\n\t\t\t\t\t});\n\t\t\t\t});\n\t\t\t});\n\t\t});\n\t\t<\/script>\n\n\t<\/div><\/div><\/div><\/div><\/div><\/div><div id=\"pg-42-2\"  class=\"panel-grid panel-has-style\" ><div class=\"siteorigin-panels-stretch panel-row-style panel-row-style-for-42-2\" style=\"padding-top: 0px; padding-bottom: 0px; \" data-stretch-type=\"full-width-stretch\" ><div id=\"pgc-42-2-0\"  class=\"panel-grid-cell panel-grid-cell-empty\" ><\/div><\/div><\/div><\/div>","protected":false},"excerpt":{"rendered":"<p>MEIE UUDISED MT\u00dc TUDULINNA KULTUURIKANTS TEATAB! TUDULINNA LOOD MIS OLI? MIS ON? MIS TULEB?<\/p>\n","protected":false},"author":1,"featured_media":0,"parent":0,"menu_order":0,"comment_status":"closed","ping_status":"closed","template":"page-templates\/template_page-builder.php","meta":{"_bbp_topic_count":0,"_bbp_reply_count":0,"_bbp_total_topic_count":0,"_bbp_total_reply_count":0,"_bbp_voice_count":0,"_bbp_anonymous_reply_count":0,"_bbp_topic_count_hidden":0,"_bbp_reply_count_hidden":0,"_bbp_forum_subforum_count":0,"footnotes":"","_links_to":"","_links_to_target":""},"class_list":["post-42","page","type-page","status-publish","hentry","list-style-post"],"_links":{"self":[{"href":"https:\/\/tudulinnakultuurikants.ee\/index.php?rest_route=\/wp\/v2\/pages\/42","targetHints":{"allow":["GET"]}}],"collection":[{"href":"https:\/\/tudulinnakultuurikants.ee\/index.php?rest_route=\/wp\/v2\/pages"}],"about":[{"href":"https:\/\/tudulinnakultuurikants.ee\/index.php?rest_route=\/wp\/v2\/types\/page"}],"author":[{"embeddable":true,"href":"https:\/\/tudulinnakultuurikants.ee\/index.php?rest_route=\/wp\/v2\/users\/1"}],"replies":[{"embeddable":true,"href":"https:\/\/tudulinnakultuurikants.ee\/index.php?rest_route=%2Fwp%2Fv2%2Fcomments&post=42"}],"version-history":[{"count":202,"href":"https:\/\/tudulinnakultuurikants.ee\/index.php?rest_route=\/wp\/v2\/pages\/42\/revisions"}],"predecessor-version":[{"id":5983,"href":"https:\/\/tudulinnakultuurikants.ee\/index.php?rest_route=\/wp\/v2\/pages\/42\/revisions\/5983"}],"wp:attachment":[{"href":"https:\/\/tudulinnakultuurikants.ee\/index.php?rest_route=%2Fwp%2Fv2%2Fmedia&parent=42"}],"curies":[{"name":"wp","href":"https:\/\/api.w.org\/{rel}","templated":true}]}}