{"id":5431,"date":"2023-08-15T21:17:22","date_gmt":"2023-08-15T19:17:22","guid":{"rendered":"https:\/\/tudulinnakultuurikants.ee\/?page_id=5431"},"modified":"2023-08-15T21:22:03","modified_gmt":"2023-08-15T19:22:03","slug":"tudulinna-tuled-vi","status":"publish","type":"page","link":"https:\/\/tudulinnakultuurikants.ee\/?page_id=5431","title":{"rendered":"Tudulinna Tuled VI"},"content":{"rendered":"<header class=\"entry-header\">\n<h1 class=\"entry-title\"><strong style=\"font-size: 16px;\">13. augustil 2023 <\/strong><span style=\"font-size: 16px;\">\u00a0sai Tudulinna linnm\u00e4ele vana kiriku juurde kogunenud rahvas imelise suve\u00f5htu elamuse osaliseks!<\/span><\/h1>\n<\/header>\n<div class=\"entry-content\">\n<p>Tudulinna 440. juubeliaastale p\u00fchendatud koguperefestival\u00a0<strong>Tudulinna Tuled<\/strong>\u00a0t\u00f5i kokku publikut ja esinejaid nii l\u00e4hemalt kui kaugemalt. Rahvast oli rohkem kui kunagi varem \u2013 nii laval kui lava ees.<\/p>\n<p>Juubilari\u00a0<strong>Tudulinna ajaloost<\/strong>\u00a0said kuulajad teada mitmeid erilisi ja ainuomaseid seiku.<\/p>\n<p>Esitlesime kahte \u00e4sja ilmunud uudisteost: Ago-Livius Kerge koguteost\u00a0<strong>\u201cAlutaguse uinuv kaunitar\u201d<\/strong>\u00a0ning Aili Reimani, Regina Urbi ja Andres Meresmaa poolt koostatud Tudulinna muusikaloo kogumikku \u201c<strong>Talutarest laulukaare alla\u201d<\/strong>. M\u00f5lemad raamatud leidsid kohe v\u00e4ga sooja vastuv\u00f5tu ja k\u00f5ik soovijad said neid raamatuletist endale soetada. Nagu ka eelmistel aastatel ilmunud arvukaid Tudulinna-teemalisi raamatuid. NB! Kes festivalil jaole ei j\u00f5udnud, pole hullu \u2013 raamatuid saab ka edaspidi MT\u00dc Tudulinna Kultuurikantsi kaudu osta!<\/p>\n<p>J\u00e4tkasime eelmisel aastal alguse saanud traditsiooni kohalike muusikute suguv\u00f5sade tutvustusega. Laval oli\u00a0<strong>perekond \u00dcleojad<\/strong>: dirigendid Elo Forsel, Mikk \u00dcleoja ja Ants \u00dcleoja. S\u00fcdamlikku tunniajalist vestlust nendega juhtis Lauri V\u00e4inmaa.<\/p>\n<p>Muusikalises osas\u00a0 andis v\u00f5rratu\u00a0<strong>Liisi Koikson<\/strong>\u00a0koos saateansambliga andis t\u00f5eliselt hingemineva suve\u00f5htu kontserdi.<\/p>\n<p>\u00d5htu suureks finaaliks oli t\u00e4ies koosseisus<strong>\u00a0Eesti Rahvusmeeskoori<\/strong> kontsert Mikk \u00dcleoja dirigeerimisel. Esmakordselt oli Eesti tippkoor Tudulinnas esinemas! V\u00f5imas meestelaul kaikus kaugele \u00fcle 440 aastase Tudulinna.<\/p>\n<p>Festivali korraldajad hoolitsesid ka laste eest: kogu \u00f5htu jooksul oli hoog sees <strong>Lastemaailmas<\/strong>!<\/p>\n<p>Maitsvaid h\u00f5rgutisi kohalikelt pagaritelt pakkus <strong>Tornikuke kohvik<\/strong>.<\/p>\n<p><strong>Ait\u00e4h k\u00f5ikidele esinejatele, abilistele ja rohkearvulisele publikule! Festivali edukat l\u00e4biviimist toetasid ka Alutaguse vald, Eesti Kultuurkapital ja Kohaliku Omaalgatuse Programm KOP. Suured t\u00e4nud!<\/strong><\/p>\n<p>Kohtumiseni Tudulinna Tuled VII festivalil augustis 2024!<\/p>\n<p>Vaata festivali pilte siit:\u00a0 \u00a0 \u00a0 \u00a0 \u00a0 \u00a0 \u00a0 \u00a0 \u00a0 \u00a0 \u00a0 \u00a0 \u00a0 \u00a0 \u00a0 \u00a0 \u00a0 \u00a0 \u00a0 \u00a0 \u00a0 \u00a0 \u00a0 \u00a0 \u00a0 \u00a0 \u00a0 \u00a0 \u00a0 \u00a0 \u00a0 \u00a0 \u00a0 Andres Meresmaa fotod.<\/p>\n<p><img loading=\"lazy\" decoding=\"async\" class=\"alignnone size-large wp-image-5447\" src=\"https:\/\/tudulinnakultuurikants.ee\/wp-content\/uploads\/2023\/08\/20230813_211551-1024x683.jpg\" alt=\"\" width=\"1024\" height=\"683\" srcset=\"https:\/\/tudulinnakultuurikants.ee\/wp-content\/uploads\/2023\/08\/20230813_211551-1024x683.jpg 1024w, https:\/\/tudulinnakultuurikants.ee\/wp-content\/uploads\/2023\/08\/20230813_211551-300x200.jpg 300w, https:\/\/tudulinnakultuurikants.ee\/wp-content\/uploads\/2023\/08\/20230813_211551-768x512.jpg 768w, https:\/\/tudulinnakultuurikants.ee\/wp-content\/uploads\/2023\/08\/20230813_211551-600x400.jpg 600w, https:\/\/tudulinnakultuurikants.ee\/wp-content\/uploads\/2023\/08\/20230813_211551-1536x1024.jpg 1536w, https:\/\/tudulinnakultuurikants.ee\/wp-content\/uploads\/2023\/08\/20230813_211551-2048x1365.jpg 2048w, https:\/\/tudulinnakultuurikants.ee\/wp-content\/uploads\/2023\/08\/20230813_211551-270x180.jpg 270w, https:\/\/tudulinnakultuurikants.ee\/wp-content\/uploads\/2023\/08\/20230813_211551-710x473.jpg 710w, https:\/\/tudulinnakultuurikants.ee\/wp-content\/uploads\/2023\/08\/20230813_211551-272x182.jpg 272w\" sizes=\"auto, (max-width: 1024px) 100vw, 1024px\" \/> <img loading=\"lazy\" decoding=\"async\" class=\"alignnone size-large wp-image-5446\" src=\"https:\/\/tudulinnakultuurikants.ee\/wp-content\/uploads\/2023\/08\/20230813_211527-1024x683.jpg\" alt=\"\" width=\"1024\" height=\"683\" srcset=\"https:\/\/tudulinnakultuurikants.ee\/wp-content\/uploads\/2023\/08\/20230813_211527-1024x683.jpg 1024w, https:\/\/tudulinnakultuurikants.ee\/wp-content\/uploads\/2023\/08\/20230813_211527-300x200.jpg 300w, https:\/\/tudulinnakultuurikants.ee\/wp-content\/uploads\/2023\/08\/20230813_211527-768x512.jpg 768w, https:\/\/tudulinnakultuurikants.ee\/wp-content\/uploads\/2023\/08\/20230813_211527-600x400.jpg 600w, https:\/\/tudulinnakultuurikants.ee\/wp-content\/uploads\/2023\/08\/20230813_211527-1536x1024.jpg 1536w, https:\/\/tudulinnakultuurikants.ee\/wp-content\/uploads\/2023\/08\/20230813_211527-2048x1365.jpg 2048w, https:\/\/tudulinnakultuurikants.ee\/wp-content\/uploads\/2023\/08\/20230813_211527-270x180.jpg 270w, https:\/\/tudulinnakultuurikants.ee\/wp-content\/uploads\/2023\/08\/20230813_211527-710x473.jpg 710w, https:\/\/tudulinnakultuurikants.ee\/wp-content\/uploads\/2023\/08\/20230813_211527-272x182.jpg 272w\" sizes=\"auto, (max-width: 1024px) 100vw, 1024px\" \/> <img loading=\"lazy\" decoding=\"async\" class=\"alignnone size-large wp-image-5445\" src=\"https:\/\/tudulinnakultuurikants.ee\/wp-content\/uploads\/2023\/08\/20230813_211459-683x1024.jpg\" alt=\"\" width=\"683\" height=\"1024\" srcset=\"https:\/\/tudulinnakultuurikants.ee\/wp-content\/uploads\/2023\/08\/20230813_211459-683x1024.jpg 683w, https:\/\/tudulinnakultuurikants.ee\/wp-content\/uploads\/2023\/08\/20230813_211459-200x300.jpg 200w, https:\/\/tudulinnakultuurikants.ee\/wp-content\/uploads\/2023\/08\/20230813_211459-768x1152.jpg 768w, https:\/\/tudulinnakultuurikants.ee\/wp-content\/uploads\/2023\/08\/20230813_211459-1024x1536.jpg 1024w, https:\/\/tudulinnakultuurikants.ee\/wp-content\/uploads\/2023\/08\/20230813_211459-1365x2048.jpg 1365w, https:\/\/tudulinnakultuurikants.ee\/wp-content\/uploads\/2023\/08\/20230813_211459-710x1065.jpg 710w, https:\/\/tudulinnakultuurikants.ee\/wp-content\/uploads\/2023\/08\/20230813_211459-scaled.jpg 1707w\" sizes=\"auto, (max-width: 683px) 100vw, 683px\" \/> <img loading=\"lazy\" decoding=\"async\" class=\"alignnone size-large wp-image-5444\" src=\"https:\/\/tudulinnakultuurikants.ee\/wp-content\/uploads\/2023\/08\/20230813_210938-1024x683.jpg\" alt=\"\" width=\"1024\" height=\"683\" srcset=\"https:\/\/tudulinnakultuurikants.ee\/wp-content\/uploads\/2023\/08\/20230813_210938-1024x683.jpg 1024w, https:\/\/tudulinnakultuurikants.ee\/wp-content\/uploads\/2023\/08\/20230813_210938-300x200.jpg 300w, https:\/\/tudulinnakultuurikants.ee\/wp-content\/uploads\/2023\/08\/20230813_210938-768x512.jpg 768w, https:\/\/tudulinnakultuurikants.ee\/wp-content\/uploads\/2023\/08\/20230813_210938-600x400.jpg 600w, https:\/\/tudulinnakultuurikants.ee\/wp-content\/uploads\/2023\/08\/20230813_210938-1536x1024.jpg 1536w, https:\/\/tudulinnakultuurikants.ee\/wp-content\/uploads\/2023\/08\/20230813_210938-2048x1365.jpg 2048w, https:\/\/tudulinnakultuurikants.ee\/wp-content\/uploads\/2023\/08\/20230813_210938-270x180.jpg 270w, https:\/\/tudulinnakultuurikants.ee\/wp-content\/uploads\/2023\/08\/20230813_210938-710x473.jpg 710w, https:\/\/tudulinnakultuurikants.ee\/wp-content\/uploads\/2023\/08\/20230813_210938-272x182.jpg 272w\" sizes=\"auto, (max-width: 1024px) 100vw, 1024px\" \/> <img loading=\"lazy\" decoding=\"async\" class=\"alignnone size-large wp-image-5443\" src=\"https:\/\/tudulinnakultuurikants.ee\/wp-content\/uploads\/2023\/08\/20230813_210142-1024x683.jpg\" alt=\"\" width=\"1024\" height=\"683\" srcset=\"https:\/\/tudulinnakultuurikants.ee\/wp-content\/uploads\/2023\/08\/20230813_210142-1024x683.jpg 1024w, https:\/\/tudulinnakultuurikants.ee\/wp-content\/uploads\/2023\/08\/20230813_210142-300x200.jpg 300w, https:\/\/tudulinnakultuurikants.ee\/wp-content\/uploads\/2023\/08\/20230813_210142-768x512.jpg 768w, https:\/\/tudulinnakultuurikants.ee\/wp-content\/uploads\/2023\/08\/20230813_210142-600x400.jpg 600w, https:\/\/tudulinnakultuurikants.ee\/wp-content\/uploads\/2023\/08\/20230813_210142-1536x1024.jpg 1536w, https:\/\/tudulinnakultuurikants.ee\/wp-content\/uploads\/2023\/08\/20230813_210142-2048x1365.jpg 2048w, https:\/\/tudulinnakultuurikants.ee\/wp-content\/uploads\/2023\/08\/20230813_210142-270x180.jpg 270w, https:\/\/tudulinnakultuurikants.ee\/wp-content\/uploads\/2023\/08\/20230813_210142-710x473.jpg 710w, https:\/\/tudulinnakultuurikants.ee\/wp-content\/uploads\/2023\/08\/20230813_210142-272x182.jpg 272w\" sizes=\"auto, (max-width: 1024px) 100vw, 1024px\" \/> <img loading=\"lazy\" decoding=\"async\" class=\"alignnone size-large wp-image-5442\" src=\"https:\/\/tudulinnakultuurikants.ee\/wp-content\/uploads\/2023\/08\/20230813_201343-1024x683.jpg\" alt=\"\" width=\"1024\" height=\"683\" srcset=\"https:\/\/tudulinnakultuurikants.ee\/wp-content\/uploads\/2023\/08\/20230813_201343-1024x683.jpg 1024w, https:\/\/tudulinnakultuurikants.ee\/wp-content\/uploads\/2023\/08\/20230813_201343-300x200.jpg 300w, https:\/\/tudulinnakultuurikants.ee\/wp-content\/uploads\/2023\/08\/20230813_201343-768x512.jpg 768w, https:\/\/tudulinnakultuurikants.ee\/wp-content\/uploads\/2023\/08\/20230813_201343-600x400.jpg 600w, https:\/\/tudulinnakultuurikants.ee\/wp-content\/uploads\/2023\/08\/20230813_201343-1536x1024.jpg 1536w, https:\/\/tudulinnakultuurikants.ee\/wp-content\/uploads\/2023\/08\/20230813_201343-2048x1365.jpg 2048w, https:\/\/tudulinnakultuurikants.ee\/wp-content\/uploads\/2023\/08\/20230813_201343-270x180.jpg 270w, https:\/\/tudulinnakultuurikants.ee\/wp-content\/uploads\/2023\/08\/20230813_201343-710x473.jpg 710w, https:\/\/tudulinnakultuurikants.ee\/wp-content\/uploads\/2023\/08\/20230813_201343-272x182.jpg 272w\" sizes=\"auto, (max-width: 1024px) 100vw, 1024px\" \/> <img loading=\"lazy\" decoding=\"async\" class=\"alignnone size-large wp-image-5441\" src=\"https:\/\/tudulinnakultuurikants.ee\/wp-content\/uploads\/2023\/08\/20230813_201307-1024x683.jpg\" alt=\"\" width=\"1024\" height=\"683\" srcset=\"https:\/\/tudulinnakultuurikants.ee\/wp-content\/uploads\/2023\/08\/20230813_201307-1024x683.jpg 1024w, https:\/\/tudulinnakultuurikants.ee\/wp-content\/uploads\/2023\/08\/20230813_201307-300x200.jpg 300w, https:\/\/tudulinnakultuurikants.ee\/wp-content\/uploads\/2023\/08\/20230813_201307-768x512.jpg 768w, https:\/\/tudulinnakultuurikants.ee\/wp-content\/uploads\/2023\/08\/20230813_201307-600x400.jpg 600w, https:\/\/tudulinnakultuurikants.ee\/wp-content\/uploads\/2023\/08\/20230813_201307-1536x1024.jpg 1536w, https:\/\/tudulinnakultuurikants.ee\/wp-content\/uploads\/2023\/08\/20230813_201307-2048x1365.jpg 2048w, https:\/\/tudulinnakultuurikants.ee\/wp-content\/uploads\/2023\/08\/20230813_201307-270x180.jpg 270w, https:\/\/tudulinnakultuurikants.ee\/wp-content\/uploads\/2023\/08\/20230813_201307-710x473.jpg 710w, https:\/\/tudulinnakultuurikants.ee\/wp-content\/uploads\/2023\/08\/20230813_201307-272x182.jpg 272w\" sizes=\"auto, (max-width: 1024px) 100vw, 1024px\" \/> <img loading=\"lazy\" decoding=\"async\" class=\"alignnone size-large wp-image-5440\" src=\"https:\/\/tudulinnakultuurikants.ee\/wp-content\/uploads\/2023\/08\/20230813_200912-1024x683.jpg\" alt=\"\" width=\"1024\" height=\"683\" srcset=\"https:\/\/tudulinnakultuurikants.ee\/wp-content\/uploads\/2023\/08\/20230813_200912-1024x683.jpg 1024w, https:\/\/tudulinnakultuurikants.ee\/wp-content\/uploads\/2023\/08\/20230813_200912-300x200.jpg 300w, https:\/\/tudulinnakultuurikants.ee\/wp-content\/uploads\/2023\/08\/20230813_200912-768x512.jpg 768w, https:\/\/tudulinnakultuurikants.ee\/wp-content\/uploads\/2023\/08\/20230813_200912-600x400.jpg 600w, https:\/\/tudulinnakultuurikants.ee\/wp-content\/uploads\/2023\/08\/20230813_200912-1536x1024.jpg 1536w, https:\/\/tudulinnakultuurikants.ee\/wp-content\/uploads\/2023\/08\/20230813_200912-2048x1365.jpg 2048w, https:\/\/tudulinnakultuurikants.ee\/wp-content\/uploads\/2023\/08\/20230813_200912-270x180.jpg 270w, https:\/\/tudulinnakultuurikants.ee\/wp-content\/uploads\/2023\/08\/20230813_200912-710x473.jpg 710w, https:\/\/tudulinnakultuurikants.ee\/wp-content\/uploads\/2023\/08\/20230813_200912-272x182.jpg 272w\" sizes=\"auto, (max-width: 1024px) 100vw, 1024px\" \/> <img loading=\"lazy\" decoding=\"async\" class=\"alignnone size-large wp-image-5439\" src=\"https:\/\/tudulinnakultuurikants.ee\/wp-content\/uploads\/2023\/08\/IMG_0146-1024x683.jpg\" alt=\"\" width=\"1024\" height=\"683\" srcset=\"https:\/\/tudulinnakultuurikants.ee\/wp-content\/uploads\/2023\/08\/IMG_0146-1024x683.jpg 1024w, https:\/\/tudulinnakultuurikants.ee\/wp-content\/uploads\/2023\/08\/IMG_0146-300x200.jpg 300w, https:\/\/tudulinnakultuurikants.ee\/wp-content\/uploads\/2023\/08\/IMG_0146-768x512.jpg 768w, https:\/\/tudulinnakultuurikants.ee\/wp-content\/uploads\/2023\/08\/IMG_0146-600x400.jpg 600w, https:\/\/tudulinnakultuurikants.ee\/wp-content\/uploads\/2023\/08\/IMG_0146-1536x1024.jpg 1536w, https:\/\/tudulinnakultuurikants.ee\/wp-content\/uploads\/2023\/08\/IMG_0146-2048x1365.jpg 2048w, https:\/\/tudulinnakultuurikants.ee\/wp-content\/uploads\/2023\/08\/IMG_0146-270x180.jpg 270w, https:\/\/tudulinnakultuurikants.ee\/wp-content\/uploads\/2023\/08\/IMG_0146-710x473.jpg 710w, https:\/\/tudulinnakultuurikants.ee\/wp-content\/uploads\/2023\/08\/IMG_0146-272x182.jpg 272w\" sizes=\"auto, (max-width: 1024px) 100vw, 1024px\" \/> <img loading=\"lazy\" decoding=\"async\" class=\"alignnone size-large wp-image-5438\" src=\"https:\/\/tudulinnakultuurikants.ee\/wp-content\/uploads\/2023\/08\/IMG_0143-1024x683.jpg\" alt=\"\" width=\"1024\" height=\"683\" srcset=\"https:\/\/tudulinnakultuurikants.ee\/wp-content\/uploads\/2023\/08\/IMG_0143-1024x683.jpg 1024w, https:\/\/tudulinnakultuurikants.ee\/wp-content\/uploads\/2023\/08\/IMG_0143-300x200.jpg 300w, https:\/\/tudulinnakultuurikants.ee\/wp-content\/uploads\/2023\/08\/IMG_0143-768x512.jpg 768w, https:\/\/tudulinnakultuurikants.ee\/wp-content\/uploads\/2023\/08\/IMG_0143-600x400.jpg 600w, https:\/\/tudulinnakultuurikants.ee\/wp-content\/uploads\/2023\/08\/IMG_0143-1536x1024.jpg 1536w, https:\/\/tudulinnakultuurikants.ee\/wp-content\/uploads\/2023\/08\/IMG_0143-2048x1365.jpg 2048w, https:\/\/tudulinnakultuurikants.ee\/wp-content\/uploads\/2023\/08\/IMG_0143-270x180.jpg 270w, https:\/\/tudulinnakultuurikants.ee\/wp-content\/uploads\/2023\/08\/IMG_0143-710x473.jpg 710w, https:\/\/tudulinnakultuurikants.ee\/wp-content\/uploads\/2023\/08\/IMG_0143-272x182.jpg 272w\" sizes=\"auto, (max-width: 1024px) 100vw, 1024px\" \/> <img loading=\"lazy\" decoding=\"async\" class=\"alignnone size-large wp-image-5437\" src=\"https:\/\/tudulinnakultuurikants.ee\/wp-content\/uploads\/2023\/08\/IMG_0140-1024x683.jpg\" alt=\"\" width=\"1024\" height=\"683\" srcset=\"https:\/\/tudulinnakultuurikants.ee\/wp-content\/uploads\/2023\/08\/IMG_0140-1024x683.jpg 1024w, https:\/\/tudulinnakultuurikants.ee\/wp-content\/uploads\/2023\/08\/IMG_0140-300x200.jpg 300w, https:\/\/tudulinnakultuurikants.ee\/wp-content\/uploads\/2023\/08\/IMG_0140-768x512.jpg 768w, https:\/\/tudulinnakultuurikants.ee\/wp-content\/uploads\/2023\/08\/IMG_0140-600x400.jpg 600w, https:\/\/tudulinnakultuurikants.ee\/wp-content\/uploads\/2023\/08\/IMG_0140-1536x1024.jpg 1536w, https:\/\/tudulinnakultuurikants.ee\/wp-content\/uploads\/2023\/08\/IMG_0140-2048x1365.jpg 2048w, https:\/\/tudulinnakultuurikants.ee\/wp-content\/uploads\/2023\/08\/IMG_0140-270x180.jpg 270w, https:\/\/tudulinnakultuurikants.ee\/wp-content\/uploads\/2023\/08\/IMG_0140-710x473.jpg 710w, https:\/\/tudulinnakultuurikants.ee\/wp-content\/uploads\/2023\/08\/IMG_0140-272x182.jpg 272w\" sizes=\"auto, (max-width: 1024px) 100vw, 1024px\" \/> <img loading=\"lazy\" decoding=\"async\" class=\"alignnone size-large wp-image-5436\" src=\"https:\/\/tudulinnakultuurikants.ee\/wp-content\/uploads\/2023\/08\/20230813_190928-1024x683.jpg\" alt=\"\" width=\"1024\" height=\"683\" srcset=\"https:\/\/tudulinnakultuurikants.ee\/wp-content\/uploads\/2023\/08\/20230813_190928-1024x683.jpg 1024w, https:\/\/tudulinnakultuurikants.ee\/wp-content\/uploads\/2023\/08\/20230813_190928-300x200.jpg 300w, https:\/\/tudulinnakultuurikants.ee\/wp-content\/uploads\/2023\/08\/20230813_190928-768x512.jpg 768w, https:\/\/tudulinnakultuurikants.ee\/wp-content\/uploads\/2023\/08\/20230813_190928-600x400.jpg 600w, https:\/\/tudulinnakultuurikants.ee\/wp-content\/uploads\/2023\/08\/20230813_190928-1536x1024.jpg 1536w, https:\/\/tudulinnakultuurikants.ee\/wp-content\/uploads\/2023\/08\/20230813_190928-2048x1365.jpg 2048w, https:\/\/tudulinnakultuurikants.ee\/wp-content\/uploads\/2023\/08\/20230813_190928-270x180.jpg 270w, https:\/\/tudulinnakultuurikants.ee\/wp-content\/uploads\/2023\/08\/20230813_190928-710x473.jpg 710w, https:\/\/tudulinnakultuurikants.ee\/wp-content\/uploads\/2023\/08\/20230813_190928-272x182.jpg 272w\" sizes=\"auto, (max-width: 1024px) 100vw, 1024px\" \/> <img loading=\"lazy\" decoding=\"async\" class=\"alignnone size-large wp-image-5434\" src=\"https:\/\/tudulinnakultuurikants.ee\/wp-content\/uploads\/2023\/08\/IMG_0127-1024x683.jpg\" alt=\"\" width=\"1024\" height=\"683\" srcset=\"https:\/\/tudulinnakultuurikants.ee\/wp-content\/uploads\/2023\/08\/IMG_0127-1024x683.jpg 1024w, https:\/\/tudulinnakultuurikants.ee\/wp-content\/uploads\/2023\/08\/IMG_0127-300x200.jpg 300w, https:\/\/tudulinnakultuurikants.ee\/wp-content\/uploads\/2023\/08\/IMG_0127-768x512.jpg 768w, https:\/\/tudulinnakultuurikants.ee\/wp-content\/uploads\/2023\/08\/IMG_0127-600x400.jpg 600w, https:\/\/tudulinnakultuurikants.ee\/wp-content\/uploads\/2023\/08\/IMG_0127-1536x1024.jpg 1536w, https:\/\/tudulinnakultuurikants.ee\/wp-content\/uploads\/2023\/08\/IMG_0127-2048x1365.jpg 2048w, https:\/\/tudulinnakultuurikants.ee\/wp-content\/uploads\/2023\/08\/IMG_0127-270x180.jpg 270w, https:\/\/tudulinnakultuurikants.ee\/wp-content\/uploads\/2023\/08\/IMG_0127-710x473.jpg 710w, https:\/\/tudulinnakultuurikants.ee\/wp-content\/uploads\/2023\/08\/IMG_0127-272x182.jpg 272w\" sizes=\"auto, (max-width: 1024px) 100vw, 1024px\" \/><img loading=\"lazy\" decoding=\"async\" class=\"alignnone size-large wp-image-5435\" src=\"https:\/\/tudulinnakultuurikants.ee\/wp-content\/uploads\/2023\/08\/IMG_0131-1024x683.jpg\" alt=\"\" width=\"1024\" height=\"683\" srcset=\"https:\/\/tudulinnakultuurikants.ee\/wp-content\/uploads\/2023\/08\/IMG_0131-1024x683.jpg 1024w, https:\/\/tudulinnakultuurikants.ee\/wp-content\/uploads\/2023\/08\/IMG_0131-300x200.jpg 300w, https:\/\/tudulinnakultuurikants.ee\/wp-content\/uploads\/2023\/08\/IMG_0131-768x512.jpg 768w, https:\/\/tudulinnakultuurikants.ee\/wp-content\/uploads\/2023\/08\/IMG_0131-600x400.jpg 600w, https:\/\/tudulinnakultuurikants.ee\/wp-content\/uploads\/2023\/08\/IMG_0131-1536x1024.jpg 1536w, https:\/\/tudulinnakultuurikants.ee\/wp-content\/uploads\/2023\/08\/IMG_0131-2048x1365.jpg 2048w, https:\/\/tudulinnakultuurikants.ee\/wp-content\/uploads\/2023\/08\/IMG_0131-270x180.jpg 270w, https:\/\/tudulinnakultuurikants.ee\/wp-content\/uploads\/2023\/08\/IMG_0131-710x473.jpg 710w, https:\/\/tudulinnakultuurikants.ee\/wp-content\/uploads\/2023\/08\/IMG_0131-272x182.jpg 272w\" sizes=\"auto, (max-width: 1024px) 100vw, 1024px\" \/><\/p>\n<\/div>\n","protected":false},"excerpt":{"rendered":"<p>13. augustil 2023 \u00a0sai Tudulinna linnm\u00e4ele vana kiriku juurde kogunenud rahvas imelise suve\u00f5htu elamuse osaliseks! Tudulinna 440. juubeliaastale p\u00fchendatud koguperefestival\u00a0Tudulinna Tuled\u00a0t\u00f5i kokku publikut ja esinejaid nii l\u00e4hemalt kui kaugemalt. Rahvast oli rohkem kui kunagi varem \u2013 nii laval kui lava ees. Juubilari\u00a0Tudulinna ajaloost\u00a0said kuulajad teada mitmeid erilisi ja ainuomaseid seiku.&nbsp;[ &hellip; ]<\/p>\n","protected":false},"author":2,"featured_media":0,"parent":0,"menu_order":0,"comment_status":"closed","ping_status":"closed","template":"","meta":{"_bbp_topic_count":0,"_bbp_reply_count":0,"_bbp_total_topic_count":0,"_bbp_total_reply_count":0,"_bbp_voice_count":0,"_bbp_anonymous_reply_count":0,"_bbp_topic_count_hidden":0,"_bbp_reply_count_hidden":0,"_bbp_forum_subforum_count":0,"footnotes":"","_links_to":"","_links_to_target":""},"class_list":["post-5431","page","type-page","status-publish","hentry","list-style-post"],"_links":{"self":[{"href":"https:\/\/tudulinnakultuurikants.ee\/index.php?rest_route=\/wp\/v2\/pages\/5431","targetHints":{"allow":["GET"]}}],"collection":[{"href":"https:\/\/tudulinnakultuurikants.ee\/index.php?rest_route=\/wp\/v2\/pages"}],"about":[{"href":"https:\/\/tudulinnakultuurikants.ee\/index.php?rest_route=\/wp\/v2\/types\/page"}],"author":[{"embeddable":true,"href":"https:\/\/tudulinnakultuurikants.ee\/index.php?rest_route=\/wp\/v2\/users\/2"}],"replies":[{"embeddable":true,"href":"https:\/\/tudulinnakultuurikants.ee\/index.php?rest_route=%2Fwp%2Fv2%2Fcomments&post=5431"}],"version-history":[{"count":4,"href":"https:\/\/tudulinnakultuurikants.ee\/index.php?rest_route=\/wp\/v2\/pages\/5431\/revisions"}],"predecessor-version":[{"id":5451,"href":"https:\/\/tudulinnakultuurikants.ee\/index.php?rest_route=\/wp\/v2\/pages\/5431\/revisions\/5451"}],"wp:attachment":[{"href":"https:\/\/tudulinnakultuurikants.ee\/index.php?rest_route=%2Fwp%2Fv2%2Fmedia&parent=5431"}],"curies":[{"name":"wp","href":"https:\/\/api.w.org\/{rel}","templated":true}]}}