{"id":5460,"date":"2023-09-25T21:28:24","date_gmt":"2023-09-25T19:28:24","guid":{"rendered":"https:\/\/tudulinnakultuurikants.ee\/?page_id=5460"},"modified":"2023-09-26T18:53:36","modified_gmt":"2023-09-26T16:53:36","slug":"vabadussojas-langenud-tudulinlaste-malestussammas-100-aastat","status":"publish","type":"page","link":"https:\/\/tudulinnakultuurikants.ee\/?page_id=5460","title":{"rendered":"Vabaduss\u00f5jas langenud tudulinlaste m\u00e4lestussammas 100 aastat"},"content":{"rendered":"<p><b>\u00a0<\/b><\/p>\n<p>24. septembril oli Tudulinnas pidulik p\u00e4ev. Kalmistul t\u00e4histati siinsetele Vabaduss\u00f5ja kangelastele m\u00e4lestussamba p\u00fcstitamise 100. aastap\u00e4eva. Skulptor <strong>Voldemar Melliku<\/strong> kavandatud leinava s\u00f5duri kujuga sammast peetakse \u00fcheks ilusamaks Eestis. Esimest korda avati see <strong>16. septembril 1923.<\/strong> aastal. Oktoobris 1940 lasksid kohalikud puna-aktivistid samba \u00f5hku ja matsid t\u00fckid maha. Sammas taastati <strong>skulptor Riho Kulla<\/strong> poolt vanade fotode alusel ja arhitekt Ago Kerge jooniste j\u00e4rgi ning <strong>taasavati 6. oktoobril 1990.<\/strong><\/p>\n<p>Sajanda aastap\u00e4eva t\u00e4histamisel osalesid <strong>Kaitseliidu Alutaguse malev, naiskodukaitse<\/strong> ja <strong>kodut\u00fctred<\/strong>. Ajaloolise \u00fclevaate Vabaduss\u00f5jast Tudulinnas ja tudulinlastest Vabaduss\u00f5jas tegi <strong>Andres Meresmaa<\/strong>. EELK Iisaku koguduse vaimulik <strong>T\u00f5nis Tamm<\/strong> pidas p\u00e4evakohase k\u00f5ne ning luges ette teadaolevad langenud tudulinlased, kes siinsele kalmistule maetud. Nende nimekiri ei pruugi aga olla l\u00f5plik, sest eri andmebaasides esineb erinevaid andmeid kui palju siitkandi mehi Vabaduss\u00f5ja k\u00e4igus oma elu ohverdasid. K\u00f5ik teadaolevad hauad on t\u00e4histatud sinimustvalgete lintidega ning nendel s\u00fc\u00fcdati k\u00fc\u00fcnlad lahkunute m\u00e4lestuseks. <strong>Aare Karp<\/strong> meenutas oma s\u00f5nav\u00f5tus m\u00e4lestussamba taastamise lugu. <strong>Kodut\u00fctred<\/strong> esinesid teemakohase luulep\u00f5imikuga.<\/p>\n<p>M\u00e4lestussamba jalamile asetati p\u00e4rjad ning s\u00fc\u00fcdati k\u00fc\u00fcnlad.<\/p>\n<p>Teenistust kaunistas <strong>Avinurme Puhkpilliorkester<\/strong>.<\/p>\n<p>S\u00fcndmuse korraldas <strong>MT\u00dc Tudulinna Kultuurikants<\/strong>.<\/p>\n<p>V\u00e4ikest pildi\u00fclevaadet saab vaadata siin. Fotode autorid Merike Vaarmets ja Andres Meresmaa<\/p>\n<p><img loading=\"lazy\" decoding=\"async\" class=\"alignnone size-large wp-image-5462\" src=\"https:\/\/tudulinnakultuurikants.ee\/wp-content\/uploads\/2023\/09\/20230924_150429-683x1024.jpg\" alt=\"\" width=\"683\" height=\"1024\" srcset=\"https:\/\/tudulinnakultuurikants.ee\/wp-content\/uploads\/2023\/09\/20230924_150429-683x1024.jpg 683w, https:\/\/tudulinnakultuurikants.ee\/wp-content\/uploads\/2023\/09\/20230924_150429-200x300.jpg 200w, https:\/\/tudulinnakultuurikants.ee\/wp-content\/uploads\/2023\/09\/20230924_150429-768x1152.jpg 768w, https:\/\/tudulinnakultuurikants.ee\/wp-content\/uploads\/2023\/09\/20230924_150429-1024x1536.jpg 1024w, https:\/\/tudulinnakultuurikants.ee\/wp-content\/uploads\/2023\/09\/20230924_150429-1365x2048.jpg 1365w, https:\/\/tudulinnakultuurikants.ee\/wp-content\/uploads\/2023\/09\/20230924_150429-710x1065.jpg 710w, https:\/\/tudulinnakultuurikants.ee\/wp-content\/uploads\/2023\/09\/20230924_150429-scaled.jpg 1707w\" sizes=\"auto, (max-width: 683px) 100vw, 683px\" \/> <img loading=\"lazy\" decoding=\"async\" class=\"alignnone size-large wp-image-5463\" src=\"https:\/\/tudulinnakultuurikants.ee\/wp-content\/uploads\/2023\/09\/20230924_143053-1024x683.jpg\" alt=\"\" width=\"1024\" height=\"683\" srcset=\"https:\/\/tudulinnakultuurikants.ee\/wp-content\/uploads\/2023\/09\/20230924_143053-1024x683.jpg 1024w, https:\/\/tudulinnakultuurikants.ee\/wp-content\/uploads\/2023\/09\/20230924_143053-300x200.jpg 300w, https:\/\/tudulinnakultuurikants.ee\/wp-content\/uploads\/2023\/09\/20230924_143053-768x512.jpg 768w, https:\/\/tudulinnakultuurikants.ee\/wp-content\/uploads\/2023\/09\/20230924_143053-600x400.jpg 600w, https:\/\/tudulinnakultuurikants.ee\/wp-content\/uploads\/2023\/09\/20230924_143053-1536x1024.jpg 1536w, https:\/\/tudulinnakultuurikants.ee\/wp-content\/uploads\/2023\/09\/20230924_143053-2048x1365.jpg 2048w, https:\/\/tudulinnakultuurikants.ee\/wp-content\/uploads\/2023\/09\/20230924_143053-270x180.jpg 270w, https:\/\/tudulinnakultuurikants.ee\/wp-content\/uploads\/2023\/09\/20230924_143053-710x473.jpg 710w, https:\/\/tudulinnakultuurikants.ee\/wp-content\/uploads\/2023\/09\/20230924_143053-272x182.jpg 272w\" sizes=\"auto, (max-width: 1024px) 100vw, 1024px\" \/> <img loading=\"lazy\" decoding=\"async\" class=\"alignnone size-large wp-image-5464\" src=\"https:\/\/tudulinnakultuurikants.ee\/wp-content\/uploads\/2023\/09\/20230924_144404-1024x683.jpg\" alt=\"\" width=\"1024\" height=\"683\" srcset=\"https:\/\/tudulinnakultuurikants.ee\/wp-content\/uploads\/2023\/09\/20230924_144404-1024x683.jpg 1024w, https:\/\/tudulinnakultuurikants.ee\/wp-content\/uploads\/2023\/09\/20230924_144404-300x200.jpg 300w, https:\/\/tudulinnakultuurikants.ee\/wp-content\/uploads\/2023\/09\/20230924_144404-768x512.jpg 768w, https:\/\/tudulinnakultuurikants.ee\/wp-content\/uploads\/2023\/09\/20230924_144404-600x400.jpg 600w, https:\/\/tudulinnakultuurikants.ee\/wp-content\/uploads\/2023\/09\/20230924_144404-1536x1024.jpg 1536w, https:\/\/tudulinnakultuurikants.ee\/wp-content\/uploads\/2023\/09\/20230924_144404-2048x1365.jpg 2048w, https:\/\/tudulinnakultuurikants.ee\/wp-content\/uploads\/2023\/09\/20230924_144404-270x180.jpg 270w, https:\/\/tudulinnakultuurikants.ee\/wp-content\/uploads\/2023\/09\/20230924_144404-710x473.jpg 710w, https:\/\/tudulinnakultuurikants.ee\/wp-content\/uploads\/2023\/09\/20230924_144404-272x182.jpg 272w\" sizes=\"auto, (max-width: 1024px) 100vw, 1024px\" \/> <img loading=\"lazy\" decoding=\"async\" class=\"alignnone size-large wp-image-5465\" src=\"https:\/\/tudulinnakultuurikants.ee\/wp-content\/uploads\/2023\/09\/20230924_144730-1024x683.jpg\" alt=\"\" width=\"1024\" height=\"683\" srcset=\"https:\/\/tudulinnakultuurikants.ee\/wp-content\/uploads\/2023\/09\/20230924_144730-1024x683.jpg 1024w, https:\/\/tudulinnakultuurikants.ee\/wp-content\/uploads\/2023\/09\/20230924_144730-300x200.jpg 300w, https:\/\/tudulinnakultuurikants.ee\/wp-content\/uploads\/2023\/09\/20230924_144730-768x512.jpg 768w, https:\/\/tudulinnakultuurikants.ee\/wp-content\/uploads\/2023\/09\/20230924_144730-600x400.jpg 600w, https:\/\/tudulinnakultuurikants.ee\/wp-content\/uploads\/2023\/09\/20230924_144730-1536x1024.jpg 1536w, https:\/\/tudulinnakultuurikants.ee\/wp-content\/uploads\/2023\/09\/20230924_144730-2048x1365.jpg 2048w, https:\/\/tudulinnakultuurikants.ee\/wp-content\/uploads\/2023\/09\/20230924_144730-270x180.jpg 270w, https:\/\/tudulinnakultuurikants.ee\/wp-content\/uploads\/2023\/09\/20230924_144730-710x473.jpg 710w, https:\/\/tudulinnakultuurikants.ee\/wp-content\/uploads\/2023\/09\/20230924_144730-272x182.jpg 272w\" sizes=\"auto, (max-width: 1024px) 100vw, 1024px\" \/> <img loading=\"lazy\" decoding=\"async\" class=\"alignnone size-large wp-image-5466\" src=\"https:\/\/tudulinnakultuurikants.ee\/wp-content\/uploads\/2023\/09\/Merikese-pildid-46-1024x768.jpg\" alt=\"\" width=\"1024\" height=\"768\" srcset=\"https:\/\/tudulinnakultuurikants.ee\/wp-content\/uploads\/2023\/09\/Merikese-pildid-46-1024x768.jpg 1024w, https:\/\/tudulinnakultuurikants.ee\/wp-content\/uploads\/2023\/09\/Merikese-pildid-46-300x225.jpg 300w, https:\/\/tudulinnakultuurikants.ee\/wp-content\/uploads\/2023\/09\/Merikese-pildid-46-768x576.jpg 768w, https:\/\/tudulinnakultuurikants.ee\/wp-content\/uploads\/2023\/09\/Merikese-pildid-46-1536x1152.jpg 1536w, https:\/\/tudulinnakultuurikants.ee\/wp-content\/uploads\/2023\/09\/Merikese-pildid-46-710x533.jpg 710w, https:\/\/tudulinnakultuurikants.ee\/wp-content\/uploads\/2023\/09\/Merikese-pildid-46.jpg 2040w\" sizes=\"auto, (max-width: 1024px) 100vw, 1024px\" \/> <img loading=\"lazy\" decoding=\"async\" class=\"alignnone size-large wp-image-5467\" src=\"https:\/\/tudulinnakultuurikants.ee\/wp-content\/uploads\/2023\/09\/Merikese-pildid-17-1024x768.jpg\" alt=\"\" width=\"1024\" height=\"768\" srcset=\"https:\/\/tudulinnakultuurikants.ee\/wp-content\/uploads\/2023\/09\/Merikese-pildid-17-1024x768.jpg 1024w, https:\/\/tudulinnakultuurikants.ee\/wp-content\/uploads\/2023\/09\/Merikese-pildid-17-300x225.jpg 300w, https:\/\/tudulinnakultuurikants.ee\/wp-content\/uploads\/2023\/09\/Merikese-pildid-17-768x576.jpg 768w, https:\/\/tudulinnakultuurikants.ee\/wp-content\/uploads\/2023\/09\/Merikese-pildid-17-1536x1152.jpg 1536w, https:\/\/tudulinnakultuurikants.ee\/wp-content\/uploads\/2023\/09\/Merikese-pildid-17-710x533.jpg 710w, https:\/\/tudulinnakultuurikants.ee\/wp-content\/uploads\/2023\/09\/Merikese-pildid-17.jpg 2040w\" sizes=\"auto, (max-width: 1024px) 100vw, 1024px\" \/> <img loading=\"lazy\" decoding=\"async\" class=\"alignnone size-large wp-image-5468\" src=\"https:\/\/tudulinnakultuurikants.ee\/wp-content\/uploads\/2023\/09\/Merikese-pildid-1-1024x768.jpg\" alt=\"\" width=\"1024\" height=\"768\" srcset=\"https:\/\/tudulinnakultuurikants.ee\/wp-content\/uploads\/2023\/09\/Merikese-pildid-1-1024x768.jpg 1024w, https:\/\/tudulinnakultuurikants.ee\/wp-content\/uploads\/2023\/09\/Merikese-pildid-1-300x225.jpg 300w, https:\/\/tudulinnakultuurikants.ee\/wp-content\/uploads\/2023\/09\/Merikese-pildid-1-768x576.jpg 768w, https:\/\/tudulinnakultuurikants.ee\/wp-content\/uploads\/2023\/09\/Merikese-pildid-1-1536x1152.jpg 1536w, https:\/\/tudulinnakultuurikants.ee\/wp-content\/uploads\/2023\/09\/Merikese-pildid-1-710x533.jpg 710w, https:\/\/tudulinnakultuurikants.ee\/wp-content\/uploads\/2023\/09\/Merikese-pildid-1.jpg 2040w\" sizes=\"auto, (max-width: 1024px) 100vw, 1024px\" \/><\/p>\n","protected":false},"excerpt":{"rendered":"<p>\u00a0 24. septembril oli Tudulinnas pidulik p\u00e4ev. Kalmistul t\u00e4histati siinsetele Vabaduss\u00f5ja kangelastele m\u00e4lestussamba p\u00fcstitamise 100. aastap\u00e4eva. Skulptor Voldemar Melliku kavandatud leinava s\u00f5duri kujuga sammast peetakse \u00fcheks ilusamaks Eestis. Esimest korda avati see 16. septembril 1923. aastal. Oktoobris 1940 lasksid kohalikud puna-aktivistid samba \u00f5hku ja matsid t\u00fckid maha. Sammas taastati skulptor&nbsp;[ &hellip; ]<\/p>\n","protected":false},"author":2,"featured_media":0,"parent":0,"menu_order":0,"comment_status":"closed","ping_status":"closed","template":"","meta":{"_bbp_topic_count":0,"_bbp_reply_count":0,"_bbp_total_topic_count":0,"_bbp_total_reply_count":0,"_bbp_voice_count":0,"_bbp_anonymous_reply_count":0,"_bbp_topic_count_hidden":0,"_bbp_reply_count_hidden":0,"_bbp_forum_subforum_count":0,"footnotes":"","_links_to":"","_links_to_target":""},"class_list":["post-5460","page","type-page","status-publish","hentry","list-style-post"],"_links":{"self":[{"href":"https:\/\/tudulinnakultuurikants.ee\/index.php?rest_route=\/wp\/v2\/pages\/5460","targetHints":{"allow":["GET"]}}],"collection":[{"href":"https:\/\/tudulinnakultuurikants.ee\/index.php?rest_route=\/wp\/v2\/pages"}],"about":[{"href":"https:\/\/tudulinnakultuurikants.ee\/index.php?rest_route=\/wp\/v2\/types\/page"}],"author":[{"embeddable":true,"href":"https:\/\/tudulinnakultuurikants.ee\/index.php?rest_route=\/wp\/v2\/users\/2"}],"replies":[{"embeddable":true,"href":"https:\/\/tudulinnakultuurikants.ee\/index.php?rest_route=%2Fwp%2Fv2%2Fcomments&post=5460"}],"version-history":[{"count":5,"href":"https:\/\/tudulinnakultuurikants.ee\/index.php?rest_route=\/wp\/v2\/pages\/5460\/revisions"}],"predecessor-version":[{"id":5475,"href":"https:\/\/tudulinnakultuurikants.ee\/index.php?rest_route=\/wp\/v2\/pages\/5460\/revisions\/5475"}],"wp:attachment":[{"href":"https:\/\/tudulinnakultuurikants.ee\/index.php?rest_route=%2Fwp%2Fv2%2Fmedia&parent=5460"}],"curies":[{"name":"wp","href":"https:\/\/api.w.org\/{rel}","templated":true}]}}