{"id":5686,"date":"2025-02-27T19:39:43","date_gmt":"2025-02-27T17:39:43","guid":{"rendered":"https:\/\/tudulinnakultuurikants.ee\/?page_id=5686"},"modified":"2025-02-27T19:39:43","modified_gmt":"2025-02-27T17:39:43","slug":"juri-parijogi-alutaguse-metsades","status":"publish","type":"page","link":"https:\/\/tudulinnakultuurikants.ee\/?page_id=5686","title":{"rendered":"J\u00fcri Parij\u00f5gi  &#8220;Alutaguse metsades&#8221;"},"content":{"rendered":"<p><img loading=\"lazy\" decoding=\"async\" class=\"alignnone  wp-image-5675\" src=\"https:\/\/tudulinnakultuurikants.ee\/wp-content\/uploads\/2025\/01\/images_edited.jpg\" alt=\"\" width=\"128\" height=\"128\" srcset=\"https:\/\/tudulinnakultuurikants.ee\/wp-content\/uploads\/2025\/01\/images_edited.jpg 225w, https:\/\/tudulinnakultuurikants.ee\/wp-content\/uploads\/2025\/01\/images_edited-150x150.jpg 150w\" sizes=\"auto, (max-width: 128px) 100vw, 128px\" \/><\/p>\n<p><em><span style=\"color: #0000ff;\">\u201cTudulinna ei j\u00e4tagi k\u00fcla muljet, pigemini n\u00e4ib ta alevi v\u00f5i v\u00e4ikese linnana. Puhtus ja kord n\u00e4ib valitsevat tudulinlaste kodude \u00fcmber. Ja selgub \u00fcllatavalt, et Tudulinna on Virumaa kultuurseim paik. Rikkaim ta k\u00fcll ei ole, kuid nii k\u00f5rget kodukultuuri pole n\u00e4inud kusagil. Elamud on nelja-viietoalised, puhtad ja lihtsalt, kuid \u2013 tahaks \u00f6elda \u2013 stiilselt sisustatud. Kodukootud vaibad ja kardinad, omatehtud m\u00f6\u00f6bel&#8230;\u201d<\/span><\/em><\/p>\n<p>Need s\u00fctitavad read leiame ligi \u00fcheksa k\u00fcmnendit tagasi ilmunud reisikirjast, mille autoriks kirjamees ja pedagoog <strong>J\u00fcri Parij\u00f5gi<\/strong> (1892-1941).<\/p>\n<p><img loading=\"lazy\" decoding=\"async\" class=\"alignnone  wp-image-5687\" src=\"https:\/\/tudulinnakultuurikants.ee\/wp-content\/uploads\/2025\/02\/EAA.2111.1.10027_edited.jpg\" alt=\"\" width=\"196\" height=\"267\" srcset=\"https:\/\/tudulinnakultuurikants.ee\/wp-content\/uploads\/2025\/02\/EAA.2111.1.10027_edited.jpg 587w, https:\/\/tudulinnakultuurikants.ee\/wp-content\/uploads\/2025\/02\/EAA.2111.1.10027_edited-221x300.jpg 221w\" sizes=\"auto, (max-width: 196px) 100vw, 196px\" \/><\/p>\n<p>Mees, kes s\u00fcndis Virumaa p\u00f5hjarannikul Kunda vallas, kaitses \u00a0kodumaad Vabaduss\u00f5jas ja t\u00f6\u00f6tas enne ja p\u00e4rast seda \u00f5petajana mitmetes Rakvere kandi koolides kuni siirdumiseni Tartusse 1929. aastal. Seal j\u00e4tkus koolipapa t\u00f6\u00f6 kuni Tartu \u00d5petajate Seminari juhtimiseni. 1941. aastal sattus Parij\u00f5gi repressioonide ohvriks ja hukkus 9. juulil 1941 Tartu vanglas NKVD korraldatud massim\u00f5rva tulemusel.<\/p>\n<p>J\u00fcri Parij\u00f5e kirjanduslik p\u00e4rand on mitmekesine. K\u00fcllap teatakse teda k\u00f5ige enam lasteraamatute j\u00e4rgi (\u201d<em>Kui isa kinkis raamatuid<\/em>\u201d jt.). Kuid ta kirjutas palju muudki, sealhulgas mitmeid reisikirju.<\/p>\n<p>Tema matkam\u00e4lestuste kogumik <strong>\u201dAlutaguse metsades\u201d<\/strong> ilmus Looduse Kuldraamatu sarjas 1937. aastal. Just see lugu viibki meid autori reisikaaslasena muu hulgas ka <strong>Tudulinna<\/strong> maile.<\/p>\n<p><img loading=\"lazy\" decoding=\"async\" class=\"alignnone  wp-image-5690\" src=\"https:\/\/tudulinnakultuurikants.ee\/wp-content\/uploads\/2025\/02\/20250227_1911021_edited-619x1024.jpg\" alt=\"\" width=\"230\" height=\"380\" srcset=\"https:\/\/tudulinnakultuurikants.ee\/wp-content\/uploads\/2025\/02\/20250227_1911021_edited-619x1024.jpg 619w, https:\/\/tudulinnakultuurikants.ee\/wp-content\/uploads\/2025\/02\/20250227_1911021_edited-181x300.jpg 181w, https:\/\/tudulinnakultuurikants.ee\/wp-content\/uploads\/2025\/02\/20250227_1911021_edited-768x1271.jpg 768w, https:\/\/tudulinnakultuurikants.ee\/wp-content\/uploads\/2025\/02\/20250227_1911021_edited-928x1536.jpg 928w, https:\/\/tudulinnakultuurikants.ee\/wp-content\/uploads\/2025\/02\/20250227_1911021_edited-1238x2048.jpg 1238w, https:\/\/tudulinnakultuurikants.ee\/wp-content\/uploads\/2025\/02\/20250227_1911021_edited-710x1175.jpg 710w, https:\/\/tudulinnakultuurikants.ee\/wp-content\/uploads\/2025\/02\/20250227_1911021_edited-scaled.jpg 1547w\" sizes=\"auto, (max-width: 230px) 100vw, 230px\" \/><\/p>\n<p>Kui valdav enamus <strong>Tudulinna-teemalist kirjandust<\/strong> on loodud tudulinlaste endi poolt, siis J\u00fcri Parij\u00f5gi annab oma reisikirjas juhusliku r\u00e4nnumehe pilgule avaneva vaate siitkandi eluolust. K\u00e4ime lisaks Tudulinnale ka <strong>Oonurmes<\/strong> ja <strong>Peressaares<\/strong> ning saame teada nii m\u00f5ndagi huvitavat nende paikade kohta. Muu hulgas elame kaasa v\u00e4rvikale kohtumisele salap\u00e4rase Peressaare erakuga, kellest \u00f5ieti keegi ei tea, kes ta on v\u00f5i kust ta tulnud.<\/p>\n<p><img loading=\"lazy\" decoding=\"async\" class=\"alignnone  wp-image-5688\" src=\"https:\/\/tudulinnakultuurikants.ee\/wp-content\/uploads\/2025\/02\/20250227_191234_11-1024x683.jpg\" alt=\"\" width=\"467\" height=\"312\" srcset=\"https:\/\/tudulinnakultuurikants.ee\/wp-content\/uploads\/2025\/02\/20250227_191234_11-1024x683.jpg 1024w, https:\/\/tudulinnakultuurikants.ee\/wp-content\/uploads\/2025\/02\/20250227_191234_11-300x200.jpg 300w, https:\/\/tudulinnakultuurikants.ee\/wp-content\/uploads\/2025\/02\/20250227_191234_11-768x512.jpg 768w, https:\/\/tudulinnakultuurikants.ee\/wp-content\/uploads\/2025\/02\/20250227_191234_11-600x400.jpg 600w, https:\/\/tudulinnakultuurikants.ee\/wp-content\/uploads\/2025\/02\/20250227_191234_11-1536x1024.jpg 1536w, https:\/\/tudulinnakultuurikants.ee\/wp-content\/uploads\/2025\/02\/20250227_191234_11-2048x1365.jpg 2048w, https:\/\/tudulinnakultuurikants.ee\/wp-content\/uploads\/2025\/02\/20250227_191234_11-270x180.jpg 270w, https:\/\/tudulinnakultuurikants.ee\/wp-content\/uploads\/2025\/02\/20250227_191234_11-710x473.jpg 710w, https:\/\/tudulinnakultuurikants.ee\/wp-content\/uploads\/2025\/02\/20250227_191234_11-272x182.jpg 272w\" sizes=\"auto, (max-width: 467px) 100vw, 467px\" \/><\/p>\n<p><span style=\"color: #800000;\"><strong><em>Foto raamatust: Peressaare Suursild<\/em><\/strong><\/span><\/p>\n<p>\u201d<strong>Alutaguse metsades<\/strong>\u201d joonistab v\u00e4ga erilise, pool-ilukirjandusliku pildisarja siinse piirkonna k\u00fclaelust, inimestest ja oludest Eesti Wabariigi p\u00e4evil. Kuigi raamatus r\u00e4ndab autor laialdaselt ringi paljudes Virumaa paikades kuni kaugete meresaarteni v\u00e4lja, on Tudulinna kandi peat\u00fckid kindlasti p\u00f5nevaks lekt\u00fc\u00fcriks ka t\u00e4nap\u00e4eva tudulinlastele ning aitavad elavalt tutvustada kodukandi minevikku \u00fche r\u00e4nnumehe silmade l\u00e4bi.<\/p>\n<p><img loading=\"lazy\" decoding=\"async\" class=\"alignnone  wp-image-5689\" src=\"https:\/\/tudulinnakultuurikants.ee\/wp-content\/uploads\/2025\/02\/20250227_1913281_edited-683x1024.jpg\" alt=\"\" width=\"375\" height=\"562\" srcset=\"https:\/\/tudulinnakultuurikants.ee\/wp-content\/uploads\/2025\/02\/20250227_1913281_edited-683x1024.jpg 683w, https:\/\/tudulinnakultuurikants.ee\/wp-content\/uploads\/2025\/02\/20250227_1913281_edited-200x300.jpg 200w, https:\/\/tudulinnakultuurikants.ee\/wp-content\/uploads\/2025\/02\/20250227_1913281_edited-768x1152.jpg 768w, https:\/\/tudulinnakultuurikants.ee\/wp-content\/uploads\/2025\/02\/20250227_1913281_edited-1024x1536.jpg 1024w, https:\/\/tudulinnakultuurikants.ee\/wp-content\/uploads\/2025\/02\/20250227_1913281_edited-1365x2048.jpg 1365w, https:\/\/tudulinnakultuurikants.ee\/wp-content\/uploads\/2025\/02\/20250227_1913281_edited-710x1065.jpg 710w, https:\/\/tudulinnakultuurikants.ee\/wp-content\/uploads\/2025\/02\/20250227_1913281_edited-scaled.jpg 1707w\" sizes=\"auto, (max-width: 375px) 100vw, 375px\" \/><\/p>\n<p><em><span style=\"color: #800000;\"><strong>Foto raamatust: Adom\u00e4e ja Peressaare vaheline tee<\/strong><\/span><\/em><\/p>\n<p>&nbsp;<\/p>\n","protected":false},"excerpt":{"rendered":"<p>\u201cTudulinna ei j\u00e4tagi k\u00fcla muljet, pigemini n\u00e4ib ta alevi v\u00f5i v\u00e4ikese linnana. Puhtus ja kord n\u00e4ib valitsevat tudulinlaste kodude \u00fcmber. Ja selgub \u00fcllatavalt, et Tudulinna on Virumaa kultuurseim paik. Rikkaim ta k\u00fcll ei ole, kuid nii k\u00f5rget kodukultuuri pole n\u00e4inud kusagil. Elamud on nelja-viietoalised, puhtad ja lihtsalt, kuid \u2013 tahaks&nbsp;[ &hellip; ]<\/p>\n","protected":false},"author":2,"featured_media":0,"parent":0,"menu_order":0,"comment_status":"closed","ping_status":"closed","template":"","meta":{"_bbp_topic_count":0,"_bbp_reply_count":0,"_bbp_total_topic_count":0,"_bbp_total_reply_count":0,"_bbp_voice_count":0,"_bbp_anonymous_reply_count":0,"_bbp_topic_count_hidden":0,"_bbp_reply_count_hidden":0,"_bbp_forum_subforum_count":0,"footnotes":"","_links_to":"","_links_to_target":""},"class_list":["post-5686","page","type-page","status-publish","hentry","list-style-post"],"_links":{"self":[{"href":"https:\/\/tudulinnakultuurikants.ee\/index.php?rest_route=\/wp\/v2\/pages\/5686","targetHints":{"allow":["GET"]}}],"collection":[{"href":"https:\/\/tudulinnakultuurikants.ee\/index.php?rest_route=\/wp\/v2\/pages"}],"about":[{"href":"https:\/\/tudulinnakultuurikants.ee\/index.php?rest_route=\/wp\/v2\/types\/page"}],"author":[{"embeddable":true,"href":"https:\/\/tudulinnakultuurikants.ee\/index.php?rest_route=\/wp\/v2\/users\/2"}],"replies":[{"embeddable":true,"href":"https:\/\/tudulinnakultuurikants.ee\/index.php?rest_route=%2Fwp%2Fv2%2Fcomments&post=5686"}],"version-history":[{"count":1,"href":"https:\/\/tudulinnakultuurikants.ee\/index.php?rest_route=\/wp\/v2\/pages\/5686\/revisions"}],"predecessor-version":[{"id":5691,"href":"https:\/\/tudulinnakultuurikants.ee\/index.php?rest_route=\/wp\/v2\/pages\/5686\/revisions\/5691"}],"wp:attachment":[{"href":"https:\/\/tudulinnakultuurikants.ee\/index.php?rest_route=%2Fwp%2Fv2%2Fmedia&parent=5686"}],"curies":[{"name":"wp","href":"https:\/\/api.w.org\/{rel}","templated":true}]}}