{"id":5718,"date":"2025-04-24T14:41:09","date_gmt":"2025-04-24T12:41:09","guid":{"rendered":"https:\/\/tudulinnakultuurikants.ee\/?page_id=5718"},"modified":"2025-04-24T14:44:34","modified_gmt":"2025-04-24T12:44:34","slug":"evi-ostrak-bruno-uustal-kultuurihuvilised-tudulinlased-labi-sajandi","status":"publish","type":"page","link":"https:\/\/tudulinnakultuurikants.ee\/?page_id=5718","title":{"rendered":"Evi Ostrak, Bruno Uustal. Kultuurihuvilised tudulinlased l\u00e4bi sajandi"},"content":{"rendered":"<header class=\"entry-header\">\n<p class=\"entry-title\">\u00a0<span style=\"color: #993300; font-size: 16px;\">\u201d<\/span><em style=\"color: #993300; font-size: 16px;\">Tudulinlane on l\u00e4bi aegade tahtnud saada harituks, p\u00fc\u00fcelnud ilu loomise poole osaledes tegevustes, mis arendasid ta sellealaseid v\u00f5imeid. Ta m\u00f5istis, et seda ilu- ja r\u00f5\u00f5mus\u00e4det, mis hinge rikastab, tuleb hoida, arendada ja tulevastele p\u00f5lvedele edasi anda.<\/em><span style=\"color: #993300; font-size: 16px;\">\u201c<\/span><\/p>\n<\/header>\n<div class=\"entry-content\">\n<p>Aeg lendab linnutiivul. T\u00e4navu saab juba k\u00fcmme aastat p\u00e4evast, mil tudulinlaste lugemislauale j\u00f5udis \u00fcks t\u00f5eliselt tore ja laia haardeulatusega kultuurilooline raamat: <strong>Evi Ostraki ja Bruno Uustali \u201cKultuurihuvilised tudulinlased l\u00e4bi sajandi\u201d.<\/strong><\/p>\n<p><img loading=\"lazy\" decoding=\"async\" class=\"alignnone wp-image-5719\" src=\"https:\/\/tudulinnakultuurikants.ee\/wp-content\/uploads\/2025\/04\/20250413_0933292-683x1024.jpg\" alt=\"\" width=\"217\" height=\"325\" srcset=\"https:\/\/tudulinnakultuurikants.ee\/wp-content\/uploads\/2025\/04\/20250413_0933292-683x1024.jpg 683w, https:\/\/tudulinnakultuurikants.ee\/wp-content\/uploads\/2025\/04\/20250413_0933292-200x300.jpg 200w, https:\/\/tudulinnakultuurikants.ee\/wp-content\/uploads\/2025\/04\/20250413_0933292-768x1152.jpg 768w, https:\/\/tudulinnakultuurikants.ee\/wp-content\/uploads\/2025\/04\/20250413_0933292-1024x1536.jpg 1024w, https:\/\/tudulinnakultuurikants.ee\/wp-content\/uploads\/2025\/04\/20250413_0933292-1365x2048.jpg 1365w, https:\/\/tudulinnakultuurikants.ee\/wp-content\/uploads\/2025\/04\/20250413_0933292-710x1065.jpg 710w, https:\/\/tudulinnakultuurikants.ee\/wp-content\/uploads\/2025\/04\/20250413_0933292-scaled.jpg 1707w\" sizes=\"auto, (max-width: 217px) 100vw, 217px\" \/><\/p>\n<p>Tudulinlaste muusikahuvil on pikk ajalugu, mis ulatub kaugele sajanditetagustesse aegadesse. T\u00e4psemaid andmeid \u00fchistegevuse kohta on alates <strong>1865. aastast<\/strong>, mil Toomara talus asutati <strong>esimene laulukoor<\/strong>, millele peatselt j\u00e4rgnes <strong>puhkpilliorkester<\/strong>. 1892 oli j\u00e4rg <strong>Laulu ja M\u00e4ngu Seltsi loomise<\/strong> k\u00e4es. 20. sajand t\u00f5i kaasa viiuliansambli ja teised kollektiivid. Nii k\u00fclvati muusika- ja n\u00e4item\u00e4ngu seeme viljakale pinnasele, kus ta kiiresti idanes ja j\u00f5udsalt levis.<\/p>\n<p><img loading=\"lazy\" decoding=\"async\" class=\"alignnone wp-image-5722\" src=\"https:\/\/tudulinnakultuurikants.ee\/wp-content\/uploads\/2025\/04\/20250413_0942361_edited-1024x701.jpg\" alt=\"\" width=\"424\" height=\"290\" srcset=\"https:\/\/tudulinnakultuurikants.ee\/wp-content\/uploads\/2025\/04\/20250413_0942361_edited-1024x701.jpg 1024w, https:\/\/tudulinnakultuurikants.ee\/wp-content\/uploads\/2025\/04\/20250413_0942361_edited-300x206.jpg 300w, https:\/\/tudulinnakultuurikants.ee\/wp-content\/uploads\/2025\/04\/20250413_0942361_edited-768x526.jpg 768w, https:\/\/tudulinnakultuurikants.ee\/wp-content\/uploads\/2025\/04\/20250413_0942361_edited-1536x1052.jpg 1536w, https:\/\/tudulinnakultuurikants.ee\/wp-content\/uploads\/2025\/04\/20250413_0942361_edited-2048x1403.jpg 2048w, https:\/\/tudulinnakultuurikants.ee\/wp-content\/uploads\/2025\/04\/20250413_0942361_edited-710x486.jpg 710w\" sizes=\"auto, (max-width: 424px) 100vw, 424px\" \/><\/p>\n<p><span style=\"color: #0000ff;\"><em>PILDIL: Tudulinna pasunakoor. Keskel Elu talu peremees Diedrich Vaas, h\u00fc\u00fcdnimega &#8220;Vana Huugaja&#8221;. Foto raamatust.<\/em><\/span><\/p>\n<p>Nende kaante vahele on autorid \u2013 <strong>Tudulinna kultuurielu kauaaegne aktiivne eestvedaja, muusika\u00f5petaja ja koorijuht Evi Ostrak ja endine vallavanem Bruno Uustal<\/strong> \u2013 kogunud andmeid ligi saja siitkandi talupere kohta, kus on eri aegadel tegeletud muusikaga, m\u00e4ngitud pilli, lauldud, n\u00e4ideldud, tantsitud. T\u00e4na toimetavad paljud Tudulinna juurtega muusikud maailmalavadel. Kunagi talutarest alguse saanud teekond on j\u00f5udnud kaugele.<\/p>\n<p>\u00dcheks tuntumaks, kuid samas ka kallimaks muusikainstrumendiks oli <strong>klaver<\/strong>. Kaugeltki paljud pered seda endale lubada ei saanud. Aga Tudulinna taludesse tekkisid klaverid juba 20 sajandi algusaastatel nagu sellest raamatust teada saame. Ja neid ei olnud sugugi v\u00e4he.<\/p>\n<p><img loading=\"lazy\" decoding=\"async\" class=\"alignnone wp-image-5721\" src=\"https:\/\/tudulinnakultuurikants.ee\/wp-content\/uploads\/2025\/04\/20250413_0943081_edited-1024x764.jpg\" alt=\"\" width=\"386\" height=\"288\" srcset=\"https:\/\/tudulinnakultuurikants.ee\/wp-content\/uploads\/2025\/04\/20250413_0943081_edited-1024x764.jpg 1024w, https:\/\/tudulinnakultuurikants.ee\/wp-content\/uploads\/2025\/04\/20250413_0943081_edited-300x224.jpg 300w, https:\/\/tudulinnakultuurikants.ee\/wp-content\/uploads\/2025\/04\/20250413_0943081_edited-768x573.jpg 768w, https:\/\/tudulinnakultuurikants.ee\/wp-content\/uploads\/2025\/04\/20250413_0943081_edited-1536x1147.jpg 1536w, https:\/\/tudulinnakultuurikants.ee\/wp-content\/uploads\/2025\/04\/20250413_0943081_edited-2048x1529.jpg 2048w, https:\/\/tudulinnakultuurikants.ee\/wp-content\/uploads\/2025\/04\/20250413_0943081_edited-710x530.jpg 710w\" sizes=\"auto, (max-width: 386px) 100vw, 386px\" \/><\/p>\n<p><span style=\"color: #0000ff;\"><em>PILDIL: Ajalooline klaver Tudulinnas. Foto raamatust.<\/em><\/span><\/p>\n<p><span style=\"color: #993300;\"><em>\u201eKlaveri ostmine oli oluline t\u00e4his Tudulinna edasise muusikaelu arengule. Klaver ei olnud talus iluasi nagu m\u00f5nigi kord on arvatud. Ei ole teada \u00fchtegi talu, kus klaver oleks kasutamata nurgas seisnud kui talu j\u00f5ukuse n\u00e4itaja. Ikka oli peres keegi v\u00f5i leidus m\u00f5ni l\u00e4hisugulane, kes seda m\u00e4ngis. Kui noodist ei osatud, siis kuulmise j\u00e4rgi otsiti \u00fcles tuttav viis.\u201c<\/em><\/span><\/p>\n<p>Osa neist pillidest on aegade keeristes h\u00e4vinud v\u00f5i kaotsi l\u00e4inud ning mujale viidud, kuid taludes leidub siin-seal v\u00e4ga vanu ajaloolisi klavereid. M\u00f5ni on ehk veel m\u00e4ngukorraski. Muidugi on Tudulinna pille ostetud hilisematelgi aegadel ning muusika k\u00f5lab siin ka 21. sajandil.<\/p>\n<p>Raamat on erakordne veel sellepoolest, et siia juurde kuulub DVD plaat <strong><em>\u201eTudulinna klaverite radadel\u201c<\/em><\/strong>. See sisaldab ilusaid vaateid taludest, kus klaverid olid v\u00f5i on praegugi ning hulga toredaid vestlusi kultuurihuviliste tudulinlastega, kellest mitmed on t\u00e4naseks meie seast juba lahkunud. Nende m\u00f5tted ja meenutused elavad t\u00e4nu unikaalsele plaadile edasi tuues endiste aegade muusika ka t\u00e4naste tudulinlaste ellu.<\/p>\n<p><img loading=\"lazy\" decoding=\"async\" class=\"alignnone wp-image-5724\" src=\"https:\/\/tudulinnakultuurikants.ee\/wp-content\/uploads\/2025\/04\/20250424_1535501_edited-1-1024x1010.jpg\" alt=\"\" width=\"205\" height=\"202\" srcset=\"https:\/\/tudulinnakultuurikants.ee\/wp-content\/uploads\/2025\/04\/20250424_1535501_edited-1-1024x1010.jpg 1024w, https:\/\/tudulinnakultuurikants.ee\/wp-content\/uploads\/2025\/04\/20250424_1535501_edited-1-300x296.jpg 300w, https:\/\/tudulinnakultuurikants.ee\/wp-content\/uploads\/2025\/04\/20250424_1535501_edited-1-768x758.jpg 768w, https:\/\/tudulinnakultuurikants.ee\/wp-content\/uploads\/2025\/04\/20250424_1535501_edited-1-1536x1515.jpg 1536w, https:\/\/tudulinnakultuurikants.ee\/wp-content\/uploads\/2025\/04\/20250424_1535501_edited-1-2048x2021.jpg 2048w, https:\/\/tudulinnakultuurikants.ee\/wp-content\/uploads\/2025\/04\/20250424_1535501_edited-1-710x700.jpg 710w\" sizes=\"auto, (max-width: 205px) 100vw, 205px\" \/><\/p>\n<p><span style=\"color: #993300;\"><em>\u201eOlgu t\u00e4natud k\u00f5ik need, kes on valgustanud k\u00fcla inimeste vaimu, toitnud nende hinge iluga ja kes oma eeskujuga on julgustanud oma v\u00f5imeid proovile panema.\u201c<\/em><\/span><\/p>\n<p>Erilise raamatu v\u00e4\u00e4rikad autorid v\u00e4\u00e4rivad k\u00f5ikide tudulinlaste t\u00e4nu olles ise just sellisteks julgustavateks eeskujudeks!<\/p>\n<\/div>\n","protected":false},"excerpt":{"rendered":"<p>\u00a0\u201dTudulinlane on l\u00e4bi aegade tahtnud saada harituks, p\u00fc\u00fcelnud ilu loomise poole osaledes tegevustes, mis arendasid ta sellealaseid v\u00f5imeid. Ta m\u00f5istis, et seda ilu- ja r\u00f5\u00f5mus\u00e4det, mis hinge rikastab, tuleb hoida, arendada ja tulevastele p\u00f5lvedele edasi anda.\u201c Aeg lendab linnutiivul. T\u00e4navu saab juba k\u00fcmme aastat p\u00e4evast, mil tudulinlaste lugemislauale j\u00f5udis \u00fcks&nbsp;[ &hellip; ]<\/p>\n","protected":false},"author":2,"featured_media":0,"parent":0,"menu_order":0,"comment_status":"closed","ping_status":"closed","template":"","meta":{"_bbp_topic_count":0,"_bbp_reply_count":0,"_bbp_total_topic_count":0,"_bbp_total_reply_count":0,"_bbp_voice_count":0,"_bbp_anonymous_reply_count":0,"_bbp_topic_count_hidden":0,"_bbp_reply_count_hidden":0,"_bbp_forum_subforum_count":0,"footnotes":"","_links_to":"","_links_to_target":""},"class_list":["post-5718","page","type-page","status-publish","hentry","list-style-post"],"_links":{"self":[{"href":"https:\/\/tudulinnakultuurikants.ee\/index.php?rest_route=\/wp\/v2\/pages\/5718","targetHints":{"allow":["GET"]}}],"collection":[{"href":"https:\/\/tudulinnakultuurikants.ee\/index.php?rest_route=\/wp\/v2\/pages"}],"about":[{"href":"https:\/\/tudulinnakultuurikants.ee\/index.php?rest_route=\/wp\/v2\/types\/page"}],"author":[{"embeddable":true,"href":"https:\/\/tudulinnakultuurikants.ee\/index.php?rest_route=\/wp\/v2\/users\/2"}],"replies":[{"embeddable":true,"href":"https:\/\/tudulinnakultuurikants.ee\/index.php?rest_route=%2Fwp%2Fv2%2Fcomments&post=5718"}],"version-history":[{"count":2,"href":"https:\/\/tudulinnakultuurikants.ee\/index.php?rest_route=\/wp\/v2\/pages\/5718\/revisions"}],"predecessor-version":[{"id":5727,"href":"https:\/\/tudulinnakultuurikants.ee\/index.php?rest_route=\/wp\/v2\/pages\/5718\/revisions\/5727"}],"wp:attachment":[{"href":"https:\/\/tudulinnakultuurikants.ee\/index.php?rest_route=%2Fwp%2Fv2%2Fmedia&parent=5718"}],"curies":[{"name":"wp","href":"https:\/\/api.w.org\/{rel}","templated":true}]}}