{"id":5739,"date":"2025-05-24T21:21:31","date_gmt":"2025-05-24T19:21:31","guid":{"rendered":"https:\/\/tudulinnakultuurikants.ee\/?page_id=5739"},"modified":"2025-05-24T21:21:31","modified_gmt":"2025-05-24T19:21:31","slug":"tudulinna-kooli-ajalugu-ja-tanapaev-1845-2015","status":"publish","type":"page","link":"https:\/\/tudulinnakultuurikants.ee\/?page_id=5739","title":{"rendered":"Tudulinna kooli ajalugu ja t\u00e4nap\u00e4ev. 1845-2015"},"content":{"rendered":"<p><strong>Haridus<\/strong> ja <strong>haritus<\/strong>\u00a0\u00a0\u00a0\u2013 need kaks m\u00f5istet on aegade algusest k\u00e4inud k\u00e4sik\u00e4es, teinud meie rahvast kultuurrahva, olgugi arvult v\u00e4ikese, kuid teadmistelt seda suurema. Ka Tudulinnas on l\u00e4bi sajandite osatud teadmiste omandamist v\u00e4\u00e4rtustada ning kooli \u00fcmber on alati kogunenud k\u00f5ige \u00e4rksam ring kogukonna inimestest.<\/p>\n<p>T\u00e4navu on p\u00f5hjust eriliselt t\u00e4histada hariduselu pidup\u00e4eva Tudulinnas. Me ei tea siiamaani t\u00e4pselt, millal tegelikult esimest korda siinmail koolitundi anti. Arhiividokumentides on eri aegadel \u00fcles t\u00e4hendatud aastaarvud 1832, 1842 ja 1845; kui neile lisada veel p\u00fchap\u00e4evakooli tegutsemise kohta k\u00e4iv kirjalik \u00fclest\u00e4hendus 1836. aastast, saame \u00f5ige mitu erinevat daatumit. Milline neist p\u00e4riselt \u00f5ige, seda peab n\u00e4itama edasine uurimine.<\/p>\n<p><img loading=\"lazy\" decoding=\"async\" class=\"alignnone  wp-image-5511\" src=\"https:\/\/tudulinnakultuurikants.ee\/wp-content\/uploads\/2023\/11\/Tudulinna-koolimaja-uhekorruseline-1024x647.jpg\" alt=\"\" width=\"609\" height=\"385\" srcset=\"https:\/\/tudulinnakultuurikants.ee\/wp-content\/uploads\/2023\/11\/Tudulinna-koolimaja-uhekorruseline-1024x647.jpg 1024w, https:\/\/tudulinnakultuurikants.ee\/wp-content\/uploads\/2023\/11\/Tudulinna-koolimaja-uhekorruseline-300x189.jpg 300w, https:\/\/tudulinnakultuurikants.ee\/wp-content\/uploads\/2023\/11\/Tudulinna-koolimaja-uhekorruseline-768x485.jpg 768w, https:\/\/tudulinnakultuurikants.ee\/wp-content\/uploads\/2023\/11\/Tudulinna-koolimaja-uhekorruseline-1536x970.jpg 1536w, https:\/\/tudulinnakultuurikants.ee\/wp-content\/uploads\/2023\/11\/Tudulinna-koolimaja-uhekorruseline-710x448.jpg 710w, https:\/\/tudulinnakultuurikants.ee\/wp-content\/uploads\/2023\/11\/Tudulinna-koolimaja-uhekorruseline.jpg 2003w\" sizes=\"auto, (max-width: 609px) 100vw, 609px\" \/><\/p>\n<p><strong><em>Fotol Tudulinna koolimaja \u00fchekorruselisena, ehitatud eelmise puust kooli kohale 1903-1904.<\/em><\/strong><\/p>\n<p>2025 aastal m\u00f6\u00f6dub 180 aastat ajast, mil Tudulinna m\u00f5isaomanikud <strong>Charlotte<\/strong> ja <strong>Wilhelmine von Tiesenhausenid<\/strong> lasid vana Altru talu elumaja kohandada koolitoaks ja tegid noorele k\u00f6strile <strong>Abel Mathiesenile<\/strong> \u00fclesandeks hakata seal lastele \u00f5petust jagama. Seda s\u00fcndmust t\u00e4histamegi kokkuleppeliselt hariduselu algusena Tudulinnas.<\/p>\n<p><img loading=\"lazy\" decoding=\"async\" class=\" wp-image-391\" src=\"https:\/\/tudulinnakultuurikants.ee\/wp-content\/uploads\/2019\/05\/Tudulinna-koolimaja-kahekorruseline-1024x686.jpg\" alt=\"\" width=\"615\" height=\"412\" srcset=\"https:\/\/tudulinnakultuurikants.ee\/wp-content\/uploads\/2019\/05\/Tudulinna-koolimaja-kahekorruseline-1024x686.jpg 1024w, https:\/\/tudulinnakultuurikants.ee\/wp-content\/uploads\/2019\/05\/Tudulinna-koolimaja-kahekorruseline-300x201.jpg 300w, https:\/\/tudulinnakultuurikants.ee\/wp-content\/uploads\/2019\/05\/Tudulinna-koolimaja-kahekorruseline-768x515.jpg 768w, https:\/\/tudulinnakultuurikants.ee\/wp-content\/uploads\/2019\/05\/Tudulinna-koolimaja-kahekorruseline-270x180.jpg 270w, https:\/\/tudulinnakultuurikants.ee\/wp-content\/uploads\/2019\/05\/Tudulinna-koolimaja-kahekorruseline-710x476.jpg 710w, https:\/\/tudulinnakultuurikants.ee\/wp-content\/uploads\/2019\/05\/Tudulinna-koolimaja-kahekorruseline-272x182.jpg 272w, https:\/\/tudulinnakultuurikants.ee\/wp-content\/uploads\/2019\/05\/Tudulinna-koolimaja-kahekorruseline.jpg 2036w\" sizes=\"auto, (max-width: 615px) 100vw, 615px\" \/><\/p>\n<p><strong><em>Fotol Tudulinna koolimaja kahekorruseline 1930-te keskpaiku; ees n\u00e4ha \u00f5p. Johannes Elken-Aruste poolt rajatud kooliaed.<\/em><\/strong><\/p>\n<p>Maikuu Tudulinna raamat on teemakohane <strong><em>\u201eTudulinna kooli ajalugu ja t\u00e4nap\u00e4ev. 1845-2015\u201c<\/em><\/strong>, koostatud koolijuhataja <strong>Marika Valteri<\/strong> poolt hariduselu eelmiseks \u00fcmmarguseks aastap\u00e4evaks.<\/p>\n<p><strong><em><img loading=\"lazy\" decoding=\"async\" class=\"alignnone  wp-image-5741\" src=\"https:\/\/tudulinnakultuurikants.ee\/wp-content\/uploads\/2025\/05\/20250524_213837-712x1024.jpg\" alt=\"\" width=\"285\" height=\"410\" srcset=\"https:\/\/tudulinnakultuurikants.ee\/wp-content\/uploads\/2025\/05\/20250524_213837-712x1024.jpg 712w, https:\/\/tudulinnakultuurikants.ee\/wp-content\/uploads\/2025\/05\/20250524_213837-209x300.jpg 209w, https:\/\/tudulinnakultuurikants.ee\/wp-content\/uploads\/2025\/05\/20250524_213837-768x1104.jpg 768w, https:\/\/tudulinnakultuurikants.ee\/wp-content\/uploads\/2025\/05\/20250524_213837-1069x1536.jpg 1069w, https:\/\/tudulinnakultuurikants.ee\/wp-content\/uploads\/2025\/05\/20250524_213837-1425x2048.jpg 1425w, https:\/\/tudulinnakultuurikants.ee\/wp-content\/uploads\/2025\/05\/20250524_213837-710x1021.jpg 710w, https:\/\/tudulinnakultuurikants.ee\/wp-content\/uploads\/2025\/05\/20250524_213837-scaled.jpg 1781w\" sizes=\"auto, (max-width: 285px) 100vw, 285px\" \/><\/em><\/strong><\/p>\n<p>Kompaktselt sisutihe tr\u00fckis sisaldab k\u00f5iki olulisi fakte Tudulinna kooli ajaloost koos hulga vanemate ja uuemate fotodega. Kirsina tordil on p\u00f5hjalik tabel Tudulinna kooli pedagoogidest l\u00e4bi aegade, kokku 170 nime. Raamatu ilmumise ajal k\u00e4is siinmail veel koolielu. Viimane koolikell helises 31. mail 2019. Auv\u00e4\u00e4rse ajalooga koolimajja (Tudulinnas j\u00e4rjekorras kolmas omataoline), kus parimatel p\u00e4evadel istus pinkides kaugelt \u00fcle saja \u00f5pilase, oli neid l\u00f5puks j\u00e4\u00e4nud vaid k\u00e4put\u00e4is. Kui kadus oma vald, polnud pikka iga koolilgi. Sellest raamatust j\u00e4id viimased lood siiski (\u00f5nneks) v\u00e4lja.<\/p>\n<p><img loading=\"lazy\" decoding=\"async\" class=\"alignnone  wp-image-5510\" src=\"https:\/\/tudulinnakultuurikants.ee\/wp-content\/uploads\/2023\/11\/Tudulinna-koolimaja-mustvalge.jpg\" alt=\"\" width=\"476\" height=\"215\" srcset=\"https:\/\/tudulinnakultuurikants.ee\/wp-content\/uploads\/2023\/11\/Tudulinna-koolimaja-mustvalge.jpg 334w, https:\/\/tudulinnakultuurikants.ee\/wp-content\/uploads\/2023\/11\/Tudulinna-koolimaja-mustvalge-300x136.jpg 300w\" sizes=\"auto, (max-width: 476px) 100vw, 476px\" \/><\/p>\n<p><strong><em>Fotol Tudulinna koolimaja p\u00e4rast mansardkorruse lisamist keskkooli p\u00e4evil 1960-tel.<\/em><\/strong><\/p>\n<p>Tudulinna kooli ajaloo \u00fclevaade v\u00f5iks olla iga selle maja vilistlase riiulis olemas meenutamaks noorusaja toredaid p\u00e4evi auv\u00e4\u00e4rsete \u00f5petajatega, kes andsid oma parima, et haridust ja haritust tudulinlaste seas v\u00e4\u00e4rtustada. Igal ajal, lehvigu mastis mistahes lipp. K\u00f5iki neid pedagooge on p\u00f5hjust t\u00e4nada ja meenutada <strong>Tudulinna hariduselu 180. aastap\u00e4eval<\/strong>.<\/p>\n<p><img loading=\"lazy\" decoding=\"async\" class=\" wp-image-678\" src=\"https:\/\/tudulinnakultuurikants.ee\/wp-content\/uploads\/2019\/06\/Koolimaja-1024x683.jpg\" alt=\"\" width=\"591\" height=\"394\" srcset=\"https:\/\/tudulinnakultuurikants.ee\/wp-content\/uploads\/2019\/06\/Koolimaja-1024x683.jpg 1024w, https:\/\/tudulinnakultuurikants.ee\/wp-content\/uploads\/2019\/06\/Koolimaja-300x200.jpg 300w, https:\/\/tudulinnakultuurikants.ee\/wp-content\/uploads\/2019\/06\/Koolimaja-768x512.jpg 768w, https:\/\/tudulinnakultuurikants.ee\/wp-content\/uploads\/2019\/06\/Koolimaja-600x400.jpg 600w, https:\/\/tudulinnakultuurikants.ee\/wp-content\/uploads\/2019\/06\/Koolimaja-270x180.jpg 270w, https:\/\/tudulinnakultuurikants.ee\/wp-content\/uploads\/2019\/06\/Koolimaja-710x473.jpg 710w, https:\/\/tudulinnakultuurikants.ee\/wp-content\/uploads\/2019\/06\/Koolimaja-272x182.jpg 272w\" sizes=\"auto, (max-width: 591px) 100vw, 591px\" \/><\/p>\n<p><strong><em>Fotol Tudulinna koolimaja 1 juunil 2019. Eelmisel p\u00e4eval on Tudulinna koolist saanud ajalugu. Foto: Andres Meresmaa<\/em><\/strong><\/p>\n<p><img loading=\"lazy\" decoding=\"async\" class=\"alignnone size-full wp-image-5675\" src=\"https:\/\/tudulinnakultuurikants.ee\/wp-content\/uploads\/2025\/01\/images_edited.jpg\" alt=\"\" width=\"225\" height=\"225\" srcset=\"https:\/\/tudulinnakultuurikants.ee\/wp-content\/uploads\/2025\/01\/images_edited.jpg 225w, https:\/\/tudulinnakultuurikants.ee\/wp-content\/uploads\/2025\/01\/images_edited-150x150.jpg 150w\" sizes=\"auto, (max-width: 225px) 100vw, 225px\" \/><\/p>\n","protected":false},"excerpt":{"rendered":"<p>Haridus ja haritus\u00a0\u00a0\u00a0\u2013 need kaks m\u00f5istet on aegade algusest k\u00e4inud k\u00e4sik\u00e4es, teinud meie rahvast kultuurrahva, olgugi arvult v\u00e4ikese, kuid teadmistelt seda suurema. Ka Tudulinnas on l\u00e4bi sajandite osatud teadmiste omandamist v\u00e4\u00e4rtustada ning kooli \u00fcmber on alati kogunenud k\u00f5ige \u00e4rksam ring kogukonna inimestest. T\u00e4navu on p\u00f5hjust eriliselt t\u00e4histada hariduselu pidup\u00e4eva Tudulinnas.&nbsp;[ &hellip; ]<\/p>\n","protected":false},"author":2,"featured_media":0,"parent":0,"menu_order":0,"comment_status":"closed","ping_status":"closed","template":"","meta":{"_bbp_topic_count":0,"_bbp_reply_count":0,"_bbp_total_topic_count":0,"_bbp_total_reply_count":0,"_bbp_voice_count":0,"_bbp_anonymous_reply_count":0,"_bbp_topic_count_hidden":0,"_bbp_reply_count_hidden":0,"_bbp_forum_subforum_count":0,"footnotes":"","_links_to":"","_links_to_target":""},"class_list":["post-5739","page","type-page","status-publish","hentry","list-style-post"],"_links":{"self":[{"href":"https:\/\/tudulinnakultuurikants.ee\/index.php?rest_route=\/wp\/v2\/pages\/5739","targetHints":{"allow":["GET"]}}],"collection":[{"href":"https:\/\/tudulinnakultuurikants.ee\/index.php?rest_route=\/wp\/v2\/pages"}],"about":[{"href":"https:\/\/tudulinnakultuurikants.ee\/index.php?rest_route=\/wp\/v2\/types\/page"}],"author":[{"embeddable":true,"href":"https:\/\/tudulinnakultuurikants.ee\/index.php?rest_route=\/wp\/v2\/users\/2"}],"replies":[{"embeddable":true,"href":"https:\/\/tudulinnakultuurikants.ee\/index.php?rest_route=%2Fwp%2Fv2%2Fcomments&post=5739"}],"version-history":[{"count":1,"href":"https:\/\/tudulinnakultuurikants.ee\/index.php?rest_route=\/wp\/v2\/pages\/5739\/revisions"}],"predecessor-version":[{"id":5742,"href":"https:\/\/tudulinnakultuurikants.ee\/index.php?rest_route=\/wp\/v2\/pages\/5739\/revisions\/5742"}],"wp:attachment":[{"href":"https:\/\/tudulinnakultuurikants.ee\/index.php?rest_route=%2Fwp%2Fv2%2Fmedia&parent=5739"}],"curies":[{"name":"wp","href":"https:\/\/api.w.org\/{rel}","templated":true}]}}