{"id":5790,"date":"2025-07-10T13:39:48","date_gmt":"2025-07-10T11:39:48","guid":{"rendered":"https:\/\/tudulinnakultuurikants.ee\/?page_id=5790"},"modified":"2025-07-10T14:24:28","modified_gmt":"2025-07-10T12:24:28","slug":"talutarest-laulukaare-alla","status":"publish","type":"page","link":"https:\/\/tudulinnakultuurikants.ee\/?page_id=5790","title":{"rendered":"Talutarest laulukaare alla"},"content":{"rendered":"<p>\u00dcks suur laulupidu, j\u00e4rjekorras juba XXVIII, sai juulikuu esimestel p\u00e4evadel Tallinna lauluv\u00e4ljakul vihmasabinate kiuste edukalt \u00e4ra peetud. K\u00f5las palju uut koorimuusikat, aga ka need k\u00f5ige-k\u00f5ige hingel\u00e4hedasemad laulud, mil juhtub midagi enneolematut \u2013 sada tuhat inimest seisavad tihedalt k\u00fclg k\u00fclje k\u00f5rval ja laulavad. Ikka ja j\u00e4lle.<\/p>\n<p>Ka <strong>Tudulinna rahvas<\/strong> on ammusest ajast lauluarmastajad. Seda tehti juba siis kui mingeid kooridest ega seltsidest keegi unistadagi ei osanud. Ajad muutusid ja peaaegu sama pikk kui on Eesti laulupidude traditsioon, on ka Tudulinna koorilaulu ja pasunam\u00e4ngu lugu. See lugu on paari aasta eest kaante vahele kogutud.<\/p>\n<p>Laulupeo kuu Tudulinna raamat Eesti Raamatu Aasta t\u00e4histamisel on \u201e<strong>Talutarest laulukaare alla<\/strong>\u201c.<\/p>\n<p><img loading=\"lazy\" decoding=\"async\" class=\"alignnone wp-image-5424\" src=\"https:\/\/tudulinnakultuurikants.ee\/wp-content\/uploads\/2023\/08\/Talutarest-laulukaasre-alla-753x1024.jpg\" alt=\"\" width=\"461\" height=\"627\" srcset=\"https:\/\/tudulinnakultuurikants.ee\/wp-content\/uploads\/2023\/08\/Talutarest-laulukaasre-alla-753x1024.jpg 753w, https:\/\/tudulinnakultuurikants.ee\/wp-content\/uploads\/2023\/08\/Talutarest-laulukaasre-alla-221x300.jpg 221w, https:\/\/tudulinnakultuurikants.ee\/wp-content\/uploads\/2023\/08\/Talutarest-laulukaasre-alla-768x1044.jpg 768w, https:\/\/tudulinnakultuurikants.ee\/wp-content\/uploads\/2023\/08\/Talutarest-laulukaasre-alla-1130x1536.jpg 1130w, https:\/\/tudulinnakultuurikants.ee\/wp-content\/uploads\/2023\/08\/Talutarest-laulukaasre-alla-1506x2048.jpg 1506w, https:\/\/tudulinnakultuurikants.ee\/wp-content\/uploads\/2023\/08\/Talutarest-laulukaasre-alla-710x965.jpg 710w, https:\/\/tudulinnakultuurikants.ee\/wp-content\/uploads\/2023\/08\/Talutarest-laulukaasre-alla-scaled.jpg 1883w\" sizes=\"auto, (max-width: 461px) 100vw, 461px\" \/><\/p>\n<p>Nii juhatavad raamatu koostajad teema sisse:<\/p>\n<p>\u201e<em>See on Tudulinna muusikalugu l\u00e4bi mitme sajandi, nii palju kui \u00fchede kaante vahele teda mahub. Siin on laulukoore ja pasunahelisid, suuremaid ja v\u00e4iksemaid kollektiive, edasiminekuid ja tagasil\u00f6\u00f6ke. Oleme p\u00fc\u00fcdnud ajalises j\u00e4rjestuses koondada olulisemad s\u00fcndmused, v\u00e4ljapaistvamad tegijad, t\u00e4htsamad esinemised kuni suurte laulupidudeni v\u00e4lja. Paljud algallikad, nagu n\u00e4iteks v\u00e4ljav\u00f5tted vanast ajakirjandusest leiavad avaldamist esmakordselt.<\/em><\/p>\n<p><em>Lauldud on siin ja siinsetele k\u00fclalistele; lauluga on mindud k\u00fclla naabritele ja kaugemalegi; oma laulu ja pillim\u00e4ngu on tudulinlased viinud ka suure laulukaare alla k\u00fcmnete tuhandete teiste sekka. Veelgi enam \u2013 siit on mindud ka seda suurt ja v\u00f5imsat \u00fchislaulu juhatama.<\/em><\/p>\n<p><em>J\u00e4rgnevad lehek\u00fcljed kutsuvadki, hea lugeja, sind kaasa v\u00e4ikesele muusikateekonnale\u00a0 Alutaguse p\u00f5lismetsade keskelt Tartu ja Tallinna suurtele laulupidudele. See tee on olnud pikk, aga kohe alguses seatud sihilt pole k\u00f5rvale kaldutud. Tudulinlased on oma muusikaarmastuse ja sihikindlusega j\u00f5udnud Eesti muusikataevas k\u00f5rgele ja kaugele.\u201c<\/em><\/p>\n<p><img loading=\"lazy\" decoding=\"async\" class=\"alignnone wp-image-5791\" src=\"https:\/\/tudulinnakultuurikants.ee\/wp-content\/uploads\/2025\/07\/Esimene-pasunakoor.jpg\" alt=\"\" width=\"477\" height=\"676\" srcset=\"https:\/\/tudulinnakultuurikants.ee\/wp-content\/uploads\/2025\/07\/Esimene-pasunakoor.jpg 707w, https:\/\/tudulinnakultuurikants.ee\/wp-content\/uploads\/2025\/07\/Esimene-pasunakoor-212x300.jpg 212w\" sizes=\"auto, (max-width: 477px) 100vw, 477px\" \/><\/p>\n<p><em>PILDIL: VANIM S\u00c4ILINUD FOTO TUDULINNA PASUNAKOORIST. (Eesti Teatri- ja Muusikamuuseumi fotokogu)<\/em><\/p>\n<p>\u201e<strong>Talutarest laulukaare alla<\/strong>\u201c on <strong>Tudulinna muusikalugu l\u00e4bi mitme sajandi<\/strong>. K\u00e4ime \u00fcheskoos l\u00e4bi pika teekonna k\u00fcla esimesest koorist ja orkestrist laulupidudele; saame osa paljude kultuuris\u00fcndmuste vahetutest muljetest algul vanade ajalehtede vahendusel, hiljem juba paljude tudulinlaste isiklike m\u00e4lestuse kaudu.<\/p>\n<p>Tudulinlaste lauluteekonda aitavad ilmestada k\u00fcmned pildimeenutused 19. sajandi l\u00f5pust kuni kaasajani v\u00e4lja; paljud neist avaldatakse esmakordselt.<\/p>\n<p>Raamatu kokkuseadjad <strong>Aili Reiman, Andres Meresmaa<\/strong> ja <strong>Regina Urb<\/strong> t\u00e4navad k\u00f5iki abilisi ja soovivad h\u00e4id muusikalisi lugemiselamusi !<\/p>\n<p><strong><em>Tudulinna lauluraamatut \u201eTalutarest laulukaare alla\u201c on j\u00e4tkuvalt v\u00f5imalik soetada MT\u00dc Tudulinna Kultuurikants kaudu.<\/em><\/strong><\/p>\n<p><img loading=\"lazy\" decoding=\"async\" class=\"alignnone size-full wp-image-5675\" src=\"https:\/\/tudulinnakultuurikants.ee\/wp-content\/uploads\/2025\/01\/images_edited.jpg\" alt=\"\" width=\"225\" height=\"225\" srcset=\"https:\/\/tudulinnakultuurikants.ee\/wp-content\/uploads\/2025\/01\/images_edited.jpg 225w, https:\/\/tudulinnakultuurikants.ee\/wp-content\/uploads\/2025\/01\/images_edited-150x150.jpg 150w\" sizes=\"auto, (max-width: 225px) 100vw, 225px\" \/><\/p>\n","protected":false},"excerpt":{"rendered":"<p>\u00dcks suur laulupidu, j\u00e4rjekorras juba XXVIII, sai juulikuu esimestel p\u00e4evadel Tallinna lauluv\u00e4ljakul vihmasabinate kiuste edukalt \u00e4ra peetud. K\u00f5las palju uut koorimuusikat, aga ka need k\u00f5ige-k\u00f5ige hingel\u00e4hedasemad laulud, mil juhtub midagi enneolematut \u2013 sada tuhat inimest seisavad tihedalt k\u00fclg k\u00fclje k\u00f5rval ja laulavad. Ikka ja j\u00e4lle. Ka Tudulinna rahvas on ammusest&nbsp;[ &hellip; ]<\/p>\n","protected":false},"author":2,"featured_media":0,"parent":0,"menu_order":0,"comment_status":"closed","ping_status":"closed","template":"","meta":{"_bbp_topic_count":0,"_bbp_reply_count":0,"_bbp_total_topic_count":0,"_bbp_total_reply_count":0,"_bbp_voice_count":0,"_bbp_anonymous_reply_count":0,"_bbp_topic_count_hidden":0,"_bbp_reply_count_hidden":0,"_bbp_forum_subforum_count":0,"footnotes":"","_links_to":"","_links_to_target":""},"class_list":["post-5790","page","type-page","status-publish","hentry","list-style-post"],"_links":{"self":[{"href":"https:\/\/tudulinnakultuurikants.ee\/index.php?rest_route=\/wp\/v2\/pages\/5790","targetHints":{"allow":["GET"]}}],"collection":[{"href":"https:\/\/tudulinnakultuurikants.ee\/index.php?rest_route=\/wp\/v2\/pages"}],"about":[{"href":"https:\/\/tudulinnakultuurikants.ee\/index.php?rest_route=\/wp\/v2\/types\/page"}],"author":[{"embeddable":true,"href":"https:\/\/tudulinnakultuurikants.ee\/index.php?rest_route=\/wp\/v2\/users\/2"}],"replies":[{"embeddable":true,"href":"https:\/\/tudulinnakultuurikants.ee\/index.php?rest_route=%2Fwp%2Fv2%2Fcomments&post=5790"}],"version-history":[{"count":4,"href":"https:\/\/tudulinnakultuurikants.ee\/index.php?rest_route=\/wp\/v2\/pages\/5790\/revisions"}],"predecessor-version":[{"id":5799,"href":"https:\/\/tudulinnakultuurikants.ee\/index.php?rest_route=\/wp\/v2\/pages\/5790\/revisions\/5799"}],"wp:attachment":[{"href":"https:\/\/tudulinnakultuurikants.ee\/index.php?rest_route=%2Fwp%2Fv2%2Fmedia&parent=5790"}],"curies":[{"name":"wp","href":"https:\/\/api.w.org\/{rel}","templated":true}]}}