{"id":5817,"date":"2025-08-05T20:17:40","date_gmt":"2025-08-05T18:17:40","guid":{"rendered":"https:\/\/tudulinnakultuurikants.ee\/?page_id=5817"},"modified":"2025-08-05T20:30:59","modified_gmt":"2025-08-05T18:30:59","slug":"tudulinna-talude-raamat","status":"publish","type":"page","link":"https:\/\/tudulinnakultuurikants.ee\/?page_id=5817","title":{"rendered":"Tudulinna Talude Raamat"},"content":{"rendered":"<p><strong>Talu<\/strong> \u2013 mis m\u00f5tted kerkivad p\u00e4he kuuldes seda s\u00f5na? Kas suur, k\u00f5rge katusega elumaja koos paljude k\u00f5rvalhoonetega \u00fcmber \u00f5ue? V\u00f5i ehk talu kui majapidamis\u00fcksus, kus laudad on t\u00e4is lehmi, lambaid, sigu ja hobuseid? On talu hoopis midagi ajaloo kolikambrist, kus vanaemad-vanaisad s\u00fcndisid ja \u00fcles kasvasid, aga mille koha on n\u00fc\u00fcd vallutanud suurfarm? Paljude jaoks seostub talukoht t\u00e4nap\u00e4eval v\u00f5ssakasvanud vundamendikividega, m\u00f5ne vana \u00f5unapuuga kuskil metsaveerel ja l\u00e4bimatu enelapadrikuga nende \u00fcmber.<\/p>\n<p>Ei midagi kutsuvat ega atraktiivset.<\/p>\n<p><img loading=\"lazy\" decoding=\"async\" class=\"alignnone wp-image-5821\" src=\"https:\/\/tudulinnakultuurikants.ee\/wp-content\/uploads\/2025\/08\/Keskkula-talu-vana-rehehoone-1-1024x710.jpg\" alt=\"\" width=\"541\" height=\"375\" srcset=\"https:\/\/tudulinnakultuurikants.ee\/wp-content\/uploads\/2025\/08\/Keskkula-talu-vana-rehehoone-1-1024x710.jpg 1024w, https:\/\/tudulinnakultuurikants.ee\/wp-content\/uploads\/2025\/08\/Keskkula-talu-vana-rehehoone-1-300x208.jpg 300w, https:\/\/tudulinnakultuurikants.ee\/wp-content\/uploads\/2025\/08\/Keskkula-talu-vana-rehehoone-1-768x532.jpg 768w, https:\/\/tudulinnakultuurikants.ee\/wp-content\/uploads\/2025\/08\/Keskkula-talu-vana-rehehoone-1-1536x1065.jpg 1536w, https:\/\/tudulinnakultuurikants.ee\/wp-content\/uploads\/2025\/08\/Keskkula-talu-vana-rehehoone-1-2048x1420.jpg 2048w, https:\/\/tudulinnakultuurikants.ee\/wp-content\/uploads\/2025\/08\/Keskkula-talu-vana-rehehoone-1-100x70.jpg 100w, https:\/\/tudulinnakultuurikants.ee\/wp-content\/uploads\/2025\/08\/Keskkula-talu-vana-rehehoone-1-710x492.jpg 710w\" sizes=\"auto, (max-width: 541px) 100vw, 541px\" \/><\/p>\n<p><span style=\"color: #0000ff;\"><em>PILDIL: KESKK\u00dcLA TALU VANA REHEHOONE. FOTO ELSA KARBI RAAMATUST &#8220;M\u00d5NDA TUDULINNA MINEVIKUST JA INIMESTEST&#8221;<\/em><\/span><\/p>\n<p><strong>\u201eTudulinna Talude Raamat\u201c<\/strong> tutvustab endise Tudulinna valla enamikku talukohti, sealhulgas ka popsitaresid ja k\u00e4sit\u00f6\u00f6liste elamuid. Joon on veetud aastasse 1940 ja esimese Eesti Wabariigi l\u00f5ppu \u2013 k\u00f5ik, mis hiljem tekkis, ei kuulu selle loo hulka.<\/p>\n<p>Raamat koostati keerulisel \u00fcleminekuajal ja valmis just Eesti Vabariigi taass\u00fcnniks 1991. aasta suvel. Abiks olid k\u00fcmned tudulinlased. Suurimad panustajad olid koduloo uurijad <strong><em>Linda Haamer, Alice Vaas, Leili Pikas, Viiva V\u00e4inmaa, Juhan Lepasaar, Otto Oja<\/em><\/strong> jpt. Nagu n\u00e4eme tiitellehelt, oli tegu oli v\u00e4ga v\u00e4\u00e4rika autorite kollektiiviga, kellest enamik on juba meie seast lahkunud.<\/p>\n<p><img loading=\"lazy\" decoding=\"async\" class=\"alignnone wp-image-5820\" src=\"https:\/\/tudulinnakultuurikants.ee\/wp-content\/uploads\/2025\/08\/Talude-raamatu-kaas-1.jpg\" alt=\"\" width=\"499\" height=\"601\" srcset=\"https:\/\/tudulinnakultuurikants.ee\/wp-content\/uploads\/2025\/08\/Talude-raamatu-kaas-1.jpg 736w, https:\/\/tudulinnakultuurikants.ee\/wp-content\/uploads\/2025\/08\/Talude-raamatu-kaas-1-249x300.jpg 249w, https:\/\/tudulinnakultuurikants.ee\/wp-content\/uploads\/2025\/08\/Talude-raamatu-kaas-1-710x855.jpg 710w\" sizes=\"auto, (max-width: 499px) 100vw, 499px\" \/><\/p>\n<p>Talude raamat on koostatud suures osas kirjalike ja suuliste m\u00e4lestuste p\u00f5hjal, sest arhiiviandmetele ligip\u00e4\u00e4s oli N\u00f5ukogude ajal v\u00f5imalik vaid v\u00e4hestele. Kasutada olid vaid <strong><em>Elsa<\/em><\/strong> ja <strong><em>Karp Karbi<\/em><\/strong> poolt Riiklikus Ajaloo Keskarhiivis (n\u00fc\u00fcd Eesti Rahvusarhiiv) 1970-tel ja 1980-tel tehtud v\u00e4ljakirjutused talude loenditest, p\u00e4riseks ostmisest ja teistest dokumentidest.<\/p>\n<p><strong>Raamatu esimene osa<\/strong> kirjeldab 364 talukohta, nende paiknemist, ajalugu, elanikke l\u00e4bi p\u00f5lvkondade ja saatust.<\/p>\n<p><strong>Raamatu teises osas<\/strong> on 57 kaardilehte, mis h\u00f5lmavad praktiliselt terve Tudulinna valla. Kaartide aluseks on 1935-1938 aasta Eesti Katastriameti kaardilehed, kust oli puudu k\u00fcmneid v\u00e4iksemaid kohti. Raamatu koostamise k\u00e4igus p\u00fc\u00fcti neid sinna paigutada, kuid ligi paark\u00fcmmend kohta j\u00e4i siiski kaartidelt v\u00e4lja.<\/p>\n<p><strong>\u201eTudulinna Talude Raamatu\u201c<\/strong> ilmumisest on juba 34 aastat m\u00f6\u00f6das. Palju on muutunud, hulk siis veel alles olnud kohti on praeguseks kahjuks maha j\u00e4etud ja lagunenud. Uus aeg on toonud teistmoodi k\u00fclapildi.<\/p>\n<p>Sellisena tulebki seda omap\u00e4rast kogumikku v\u00f5tta \u2013 ta p\u00fc\u00fcab anda v\u00f5imalikult t\u00e4ieliku \u00fclevaate Tudulinna valla taludest <strong>k\u00fclaelu kuldajal<\/strong> nii h\u00e4sti kui see koostamise ajal v\u00f5imalik oli.<\/p>\n<p><img loading=\"lazy\" decoding=\"async\" class=\"alignnone wp-image-5822\" src=\"https:\/\/tudulinnakultuurikants.ee\/wp-content\/uploads\/2025\/08\/Toomara-vana-ja-uus-maja-1024x692.jpg\" alt=\"\" width=\"527\" height=\"356\" srcset=\"https:\/\/tudulinnakultuurikants.ee\/wp-content\/uploads\/2025\/08\/Toomara-vana-ja-uus-maja-1024x692.jpg 1024w, https:\/\/tudulinnakultuurikants.ee\/wp-content\/uploads\/2025\/08\/Toomara-vana-ja-uus-maja-300x203.jpg 300w, https:\/\/tudulinnakultuurikants.ee\/wp-content\/uploads\/2025\/08\/Toomara-vana-ja-uus-maja-768x519.jpg 768w, https:\/\/tudulinnakultuurikants.ee\/wp-content\/uploads\/2025\/08\/Toomara-vana-ja-uus-maja-1536x1037.jpg 1536w, https:\/\/tudulinnakultuurikants.ee\/wp-content\/uploads\/2025\/08\/Toomara-vana-ja-uus-maja-2048x1383.jpg 2048w, https:\/\/tudulinnakultuurikants.ee\/wp-content\/uploads\/2025\/08\/Toomara-vana-ja-uus-maja-790x535.jpg 790w, https:\/\/tudulinnakultuurikants.ee\/wp-content\/uploads\/2025\/08\/Toomara-vana-ja-uus-maja-710x479.jpg 710w\" sizes=\"auto, (max-width: 527px) 100vw, 527px\" \/><\/p>\n<p><span style=\"color: #0000ff;\"><em>PILDIL: TOOMARA TALU UUS H\u00c4\u00c4RBER KOOS VANA MAJAGA. FOTO ELSA KARBI RAAMATUST &#8220;M\u00d5NDA TUDULINNA MINEVIKUST JA INIMESTEST&#8221;<\/em><\/span><\/p>\n","protected":false},"excerpt":{"rendered":"<p>Talu \u2013 mis m\u00f5tted kerkivad p\u00e4he kuuldes seda s\u00f5na? Kas suur, k\u00f5rge katusega elumaja koos paljude k\u00f5rvalhoonetega \u00fcmber \u00f5ue? V\u00f5i ehk talu kui majapidamis\u00fcksus, kus laudad on t\u00e4is lehmi, lambaid, sigu ja hobuseid? On talu hoopis midagi ajaloo kolikambrist, kus vanaemad-vanaisad s\u00fcndisid ja \u00fcles kasvasid, aga mille koha on n\u00fc\u00fcd&nbsp;[ &hellip; ]<\/p>\n","protected":false},"author":2,"featured_media":0,"parent":0,"menu_order":0,"comment_status":"closed","ping_status":"closed","template":"","meta":{"_bbp_topic_count":0,"_bbp_reply_count":0,"_bbp_total_topic_count":0,"_bbp_total_reply_count":0,"_bbp_voice_count":0,"_bbp_anonymous_reply_count":0,"_bbp_topic_count_hidden":0,"_bbp_reply_count_hidden":0,"_bbp_forum_subforum_count":0,"footnotes":"","_links_to":"","_links_to_target":""},"class_list":["post-5817","page","type-page","status-publish","hentry","list-style-post"],"_links":{"self":[{"href":"https:\/\/tudulinnakultuurikants.ee\/index.php?rest_route=\/wp\/v2\/pages\/5817","targetHints":{"allow":["GET"]}}],"collection":[{"href":"https:\/\/tudulinnakultuurikants.ee\/index.php?rest_route=\/wp\/v2\/pages"}],"about":[{"href":"https:\/\/tudulinnakultuurikants.ee\/index.php?rest_route=\/wp\/v2\/types\/page"}],"author":[{"embeddable":true,"href":"https:\/\/tudulinnakultuurikants.ee\/index.php?rest_route=\/wp\/v2\/users\/2"}],"replies":[{"embeddable":true,"href":"https:\/\/tudulinnakultuurikants.ee\/index.php?rest_route=%2Fwp%2Fv2%2Fcomments&post=5817"}],"version-history":[{"count":2,"href":"https:\/\/tudulinnakultuurikants.ee\/index.php?rest_route=\/wp\/v2\/pages\/5817\/revisions"}],"predecessor-version":[{"id":5826,"href":"https:\/\/tudulinnakultuurikants.ee\/index.php?rest_route=\/wp\/v2\/pages\/5817\/revisions\/5826"}],"wp:attachment":[{"href":"https:\/\/tudulinnakultuurikants.ee\/index.php?rest_route=%2Fwp%2Fv2%2Fmedia&parent=5817"}],"curies":[{"name":"wp","href":"https:\/\/api.w.org\/{rel}","templated":true}]}}