{"id":5832,"date":"2025-08-21T19:12:38","date_gmt":"2025-08-21T17:12:38","guid":{"rendered":"https:\/\/tudulinnakultuurikants.ee\/?page_id=5832"},"modified":"2025-09-29T18:58:47","modified_gmt":"2025-09-29T16:58:47","slug":"tudulinna-tuled-viii","status":"publish","type":"page","link":"https:\/\/tudulinnakultuurikants.ee\/?page_id=5832","title":{"rendered":"Tudulinna Tuled VIII"},"content":{"rendered":"<p>10. augustil sai Tudulinna linnam\u00e4el teoks juba kaheksas suvefestival <strong>Tudulinna Tuled.<\/strong> Ilusal suvisel p\u00e4rastl\u00f5unal kogunes arvukas publik saama osa mitmekesisest kultuuriprogrammist, mille korraldajad olid kokku seadnud. Festivalirahva hulgas oli nii kohalikke tudulinlasi kui ka kaugemalt saabunuid.<\/p>\n<p><img loading=\"lazy\" decoding=\"async\" class=\"alignnone wp-image-5842\" src=\"https:\/\/tudulinnakultuurikants.ee\/wp-content\/uploads\/2025\/08\/IMG_0263-1024x683.jpg\" alt=\"\" width=\"579\" height=\"386\" srcset=\"https:\/\/tudulinnakultuurikants.ee\/wp-content\/uploads\/2025\/08\/IMG_0263-1024x683.jpg 1024w, https:\/\/tudulinnakultuurikants.ee\/wp-content\/uploads\/2025\/08\/IMG_0263-300x200.jpg 300w, https:\/\/tudulinnakultuurikants.ee\/wp-content\/uploads\/2025\/08\/IMG_0263-768x512.jpg 768w, https:\/\/tudulinnakultuurikants.ee\/wp-content\/uploads\/2025\/08\/IMG_0263-600x400.jpg 600w, https:\/\/tudulinnakultuurikants.ee\/wp-content\/uploads\/2025\/08\/IMG_0263-1536x1024.jpg 1536w, https:\/\/tudulinnakultuurikants.ee\/wp-content\/uploads\/2025\/08\/IMG_0263-2048x1365.jpg 2048w, https:\/\/tudulinnakultuurikants.ee\/wp-content\/uploads\/2025\/08\/IMG_0263-270x180.jpg 270w, https:\/\/tudulinnakultuurikants.ee\/wp-content\/uploads\/2025\/08\/IMG_0263-710x473.jpg 710w, https:\/\/tudulinnakultuurikants.ee\/wp-content\/uploads\/2025\/08\/IMG_0263-272x182.jpg 272w\" sizes=\"auto, (max-width: 579px) 100vw, 579px\" \/><\/p>\n<p>Juba mitmendat aastat on festivali kavas kohaliku taustaga <em><strong>muusikasuguv\u00f5sa tutvustus<\/strong><\/em>. T\u00e4navu oli v\u00e4lja valitud <strong>Mathiesen-V\u00e4inmaade suguselts<\/strong>. Selleks oli mitu p\u00f5hjust: tegu on Tudulinna \u00fche vanema suguv\u00f5saga ning kuna sel aastal t\u00e4histati ka Tudulinna hariduselu alguse 180. aastap\u00e4eva, oli n\u00fc\u00fcd muusikalugude k\u00f5rval hea meenutada ka Mathiesenite suguv\u00f5sast p\u00e4rit kolme kohalikku esimest koolmeistrit. Vanemate p\u00f5lvkondade k\u00e4ek\u00e4iku tutvustas <strong>Andres Meresmaa<\/strong>. Edasi v\u00f5ttis jutuj\u00e4rje \u00fcle <strong>Lauri V\u00e4inmaa<\/strong>, kes r\u00e4\u00e4kis oma vanaema, ema ja iseenda muusikuteest. S\u00f5na sai ka Lauri abikaasa <strong>Piret V\u00e4inmaa<\/strong>. Juttude vahele k\u00f5lasid romantilised klaveripalad Piret ja Lauri V\u00e4inmaa esituses. Vestlust juhtis <strong>Tiina T\u00f5nis<\/strong>.<\/p>\n<p><img loading=\"lazy\" decoding=\"async\" class=\"alignnone wp-image-5840\" src=\"https:\/\/tudulinnakultuurikants.ee\/wp-content\/uploads\/2025\/08\/533597220_1549454429362707_4932419379017795688_n-1024x576.jpg\" alt=\"\" width=\"513\" height=\"289\" srcset=\"https:\/\/tudulinnakultuurikants.ee\/wp-content\/uploads\/2025\/08\/533597220_1549454429362707_4932419379017795688_n-1024x576.jpg 1024w, https:\/\/tudulinnakultuurikants.ee\/wp-content\/uploads\/2025\/08\/533597220_1549454429362707_4932419379017795688_n-300x169.jpg 300w, https:\/\/tudulinnakultuurikants.ee\/wp-content\/uploads\/2025\/08\/533597220_1549454429362707_4932419379017795688_n-768x432.jpg 768w, https:\/\/tudulinnakultuurikants.ee\/wp-content\/uploads\/2025\/08\/533597220_1549454429362707_4932419379017795688_n-1536x864.jpg 1536w, https:\/\/tudulinnakultuurikants.ee\/wp-content\/uploads\/2025\/08\/533597220_1549454429362707_4932419379017795688_n-710x399.jpg 710w, https:\/\/tudulinnakultuurikants.ee\/wp-content\/uploads\/2025\/08\/533597220_1549454429362707_4932419379017795688_n.jpg 2016w\" sizes=\"auto, (max-width: 513px) 100vw, 513px\" \/><\/p>\n<p><img loading=\"lazy\" decoding=\"async\" class=\"alignnone wp-image-5841\" src=\"https:\/\/tudulinnakultuurikants.ee\/wp-content\/uploads\/2025\/08\/529259336_648001791137935_1930663030636488066_n-1024x576.jpg\" alt=\"\" width=\"515\" height=\"290\" srcset=\"https:\/\/tudulinnakultuurikants.ee\/wp-content\/uploads\/2025\/08\/529259336_648001791137935_1930663030636488066_n-1024x576.jpg 1024w, https:\/\/tudulinnakultuurikants.ee\/wp-content\/uploads\/2025\/08\/529259336_648001791137935_1930663030636488066_n-300x169.jpg 300w, https:\/\/tudulinnakultuurikants.ee\/wp-content\/uploads\/2025\/08\/529259336_648001791137935_1930663030636488066_n-768x432.jpg 768w, https:\/\/tudulinnakultuurikants.ee\/wp-content\/uploads\/2025\/08\/529259336_648001791137935_1930663030636488066_n-1536x864.jpg 1536w, https:\/\/tudulinnakultuurikants.ee\/wp-content\/uploads\/2025\/08\/529259336_648001791137935_1930663030636488066_n-710x399.jpg 710w, https:\/\/tudulinnakultuurikants.ee\/wp-content\/uploads\/2025\/08\/529259336_648001791137935_1930663030636488066_n.jpg 2016w\" sizes=\"auto, (max-width: 515px) 100vw, 515px\" \/><\/p>\n<p>J\u00e4rgmisena astus lavale armastatud zooloog ja Eesti tuntuim loomaaednik <strong>Mati Kaal<\/strong>, kes pajatas toredaid loomalugusid. Need olid ajendatud juhtm\u00f5ttest &#8220;<strong><em>Mida meil on loomadelt \u00f5ppida?<\/em><\/strong>&#8221;<\/p>\n<p><img loading=\"lazy\" decoding=\"async\" class=\"alignnone wp-image-5833\" src=\"https:\/\/tudulinnakultuurikants.ee\/wp-content\/uploads\/2025\/08\/IMG_0231-1024x683.jpg\" alt=\"\" width=\"477\" height=\"318\" srcset=\"https:\/\/tudulinnakultuurikants.ee\/wp-content\/uploads\/2025\/08\/IMG_0231-1024x683.jpg 1024w, https:\/\/tudulinnakultuurikants.ee\/wp-content\/uploads\/2025\/08\/IMG_0231-300x200.jpg 300w, https:\/\/tudulinnakultuurikants.ee\/wp-content\/uploads\/2025\/08\/IMG_0231-768x512.jpg 768w, https:\/\/tudulinnakultuurikants.ee\/wp-content\/uploads\/2025\/08\/IMG_0231-600x400.jpg 600w, https:\/\/tudulinnakultuurikants.ee\/wp-content\/uploads\/2025\/08\/IMG_0231-1536x1024.jpg 1536w, https:\/\/tudulinnakultuurikants.ee\/wp-content\/uploads\/2025\/08\/IMG_0231-2048x1365.jpg 2048w, https:\/\/tudulinnakultuurikants.ee\/wp-content\/uploads\/2025\/08\/IMG_0231-270x180.jpg 270w, https:\/\/tudulinnakultuurikants.ee\/wp-content\/uploads\/2025\/08\/IMG_0231-710x473.jpg 710w, https:\/\/tudulinnakultuurikants.ee\/wp-content\/uploads\/2025\/08\/IMG_0231-272x182.jpg 272w\" sizes=\"auto, (max-width: 477px) 100vw, 477px\" \/><\/p>\n<p>Innustatuna Eesti Raamatu Aastast on MT\u00dc Tudulinna Kultuurikants l\u00e4bi kogu aasta t\u00e4histanud paralleelselt ka <strong>Tudulinna raamatu aastat<\/strong>. Selle kulminatsiooniks oli festivalile v\u00e4lja pandud esinduslik <strong>n\u00e4itus<\/strong> eri aegadel ilmunud <strong>Tudulinna-teemalisest kirjandusest<\/strong>. Laudadel oli tutvumiseks mituk\u00fcmmend tr\u00fckist, millest m\u00f5ned olid t\u00f5elised rariteedid. <strong>Andres Meresmaa<\/strong> tegi sissejuhatava tutvustuse p\u00f6\u00f6rates erilist t\u00e4helepanu Tudulinna kirjanduse \u00fchele p\u00f5hiteosele &#8211; <strong>Elsa Karbi<\/strong> raamatule &#8220;<strong><em>M\u00f5nda Tudulinna minevikust ja inimestest<\/em><\/strong>&#8220;, mis ilmus 1978 aastal ja millest on plaanis l\u00e4hiajal v\u00e4lja anda uustr\u00fckk. Paljud kohalolijad avaldasid soovi seda raamatut tellida lisades \u00fchtlasi, et ollakse huvitatud ka mitmest teisest ammuilmunud raamatust. <span style=\"color: #339966;\"><em><strong>E.Karbi raamatu ettetellimine on avatud MT\u00dc Tudulinna Kultuurikants kaudu ja ka koha peal Tudulinnas kuni septembri l\u00f5puni!<\/strong><\/em><\/span><\/p>\n<p>Festivali peaesineja oli armastatud lauljanna <strong>Maarja-Liis Ilus<\/strong>, keda klaveril saatis <strong>Joel-Rasmus Remmel<\/strong>. V\u00f5rratult kaunid laulud k\u00f5lasid Tudulinna suve\u00f5htus erakordselt kaunilt ning p\u00e4lvisid arvuks publiku v\u00e4ga sooja vastuv\u00f5tu. Kontserdi l\u00f5ppedes said k\u00f5ik (p\u00e4rast lisalugusid) imetleda kaunist p\u00e4ikeseloojangut.<\/p>\n<p><img loading=\"lazy\" decoding=\"async\" class=\"alignnone wp-image-5836\" src=\"https:\/\/tudulinnakultuurikants.ee\/wp-content\/uploads\/2025\/08\/IMG_0264-1024x683.jpg\" alt=\"\" width=\"348\" height=\"232\" srcset=\"https:\/\/tudulinnakultuurikants.ee\/wp-content\/uploads\/2025\/08\/IMG_0264-1024x683.jpg 1024w, https:\/\/tudulinnakultuurikants.ee\/wp-content\/uploads\/2025\/08\/IMG_0264-300x200.jpg 300w, https:\/\/tudulinnakultuurikants.ee\/wp-content\/uploads\/2025\/08\/IMG_0264-768x512.jpg 768w, https:\/\/tudulinnakultuurikants.ee\/wp-content\/uploads\/2025\/08\/IMG_0264-600x400.jpg 600w, https:\/\/tudulinnakultuurikants.ee\/wp-content\/uploads\/2025\/08\/IMG_0264-1536x1024.jpg 1536w, https:\/\/tudulinnakultuurikants.ee\/wp-content\/uploads\/2025\/08\/IMG_0264-2048x1365.jpg 2048w, https:\/\/tudulinnakultuurikants.ee\/wp-content\/uploads\/2025\/08\/IMG_0264-270x180.jpg 270w, https:\/\/tudulinnakultuurikants.ee\/wp-content\/uploads\/2025\/08\/IMG_0264-710x473.jpg 710w, https:\/\/tudulinnakultuurikants.ee\/wp-content\/uploads\/2025\/08\/IMG_0264-272x182.jpg 272w\" sizes=\"auto, (max-width: 348px) 100vw, 348px\" \/> <img loading=\"lazy\" decoding=\"async\" class=\"alignnone wp-image-5838\" src=\"https:\/\/tudulinnakultuurikants.ee\/wp-content\/uploads\/2025\/08\/IMG_0256-1024x683.jpg\" alt=\"\" width=\"351\" height=\"234\" srcset=\"https:\/\/tudulinnakultuurikants.ee\/wp-content\/uploads\/2025\/08\/IMG_0256-1024x683.jpg 1024w, https:\/\/tudulinnakultuurikants.ee\/wp-content\/uploads\/2025\/08\/IMG_0256-300x200.jpg 300w, https:\/\/tudulinnakultuurikants.ee\/wp-content\/uploads\/2025\/08\/IMG_0256-768x512.jpg 768w, https:\/\/tudulinnakultuurikants.ee\/wp-content\/uploads\/2025\/08\/IMG_0256-600x400.jpg 600w, https:\/\/tudulinnakultuurikants.ee\/wp-content\/uploads\/2025\/08\/IMG_0256-1536x1024.jpg 1536w, https:\/\/tudulinnakultuurikants.ee\/wp-content\/uploads\/2025\/08\/IMG_0256-2048x1365.jpg 2048w, https:\/\/tudulinnakultuurikants.ee\/wp-content\/uploads\/2025\/08\/IMG_0256-270x180.jpg 270w, https:\/\/tudulinnakultuurikants.ee\/wp-content\/uploads\/2025\/08\/IMG_0256-710x473.jpg 710w, https:\/\/tudulinnakultuurikants.ee\/wp-content\/uploads\/2025\/08\/IMG_0256-272x182.jpg 272w\" sizes=\"auto, (max-width: 351px) 100vw, 351px\" \/><\/p>\n<p>Nagu ikka, oli publiku kosutamiseks tegutsemas <strong>Tornikuke restoran<\/strong> kohalike pagarite h\u00f5rgutistega.<\/p>\n<p><img loading=\"lazy\" decoding=\"async\" class=\"alignnone wp-image-5834\" src=\"https:\/\/tudulinnakultuurikants.ee\/wp-content\/uploads\/2025\/08\/20250810_173309-1024x683.jpg\" alt=\"\" width=\"332\" height=\"221\" srcset=\"https:\/\/tudulinnakultuurikants.ee\/wp-content\/uploads\/2025\/08\/20250810_173309-1024x683.jpg 1024w, https:\/\/tudulinnakultuurikants.ee\/wp-content\/uploads\/2025\/08\/20250810_173309-300x200.jpg 300w, https:\/\/tudulinnakultuurikants.ee\/wp-content\/uploads\/2025\/08\/20250810_173309-768x512.jpg 768w, https:\/\/tudulinnakultuurikants.ee\/wp-content\/uploads\/2025\/08\/20250810_173309-600x400.jpg 600w, https:\/\/tudulinnakultuurikants.ee\/wp-content\/uploads\/2025\/08\/20250810_173309-1536x1024.jpg 1536w, https:\/\/tudulinnakultuurikants.ee\/wp-content\/uploads\/2025\/08\/20250810_173309-2048x1365.jpg 2048w, https:\/\/tudulinnakultuurikants.ee\/wp-content\/uploads\/2025\/08\/20250810_173309-270x180.jpg 270w, https:\/\/tudulinnakultuurikants.ee\/wp-content\/uploads\/2025\/08\/20250810_173309-710x473.jpg 710w, https:\/\/tudulinnakultuurikants.ee\/wp-content\/uploads\/2025\/08\/20250810_173309-272x182.jpg 272w\" sizes=\"auto, (max-width: 332px) 100vw, 332px\" \/>\u00a0 <img loading=\"lazy\" decoding=\"async\" class=\"alignnone wp-image-5835\" src=\"https:\/\/tudulinnakultuurikants.ee\/wp-content\/uploads\/2025\/08\/20250810_183439-1024x683.jpg\" alt=\"\" width=\"332\" height=\"221\" srcset=\"https:\/\/tudulinnakultuurikants.ee\/wp-content\/uploads\/2025\/08\/20250810_183439-1024x683.jpg 1024w, https:\/\/tudulinnakultuurikants.ee\/wp-content\/uploads\/2025\/08\/20250810_183439-300x200.jpg 300w, https:\/\/tudulinnakultuurikants.ee\/wp-content\/uploads\/2025\/08\/20250810_183439-768x512.jpg 768w, https:\/\/tudulinnakultuurikants.ee\/wp-content\/uploads\/2025\/08\/20250810_183439-600x400.jpg 600w, https:\/\/tudulinnakultuurikants.ee\/wp-content\/uploads\/2025\/08\/20250810_183439-1536x1024.jpg 1536w, https:\/\/tudulinnakultuurikants.ee\/wp-content\/uploads\/2025\/08\/20250810_183439-2048x1365.jpg 2048w, https:\/\/tudulinnakultuurikants.ee\/wp-content\/uploads\/2025\/08\/20250810_183439-270x180.jpg 270w, https:\/\/tudulinnakultuurikants.ee\/wp-content\/uploads\/2025\/08\/20250810_183439-710x473.jpg 710w, https:\/\/tudulinnakultuurikants.ee\/wp-content\/uploads\/2025\/08\/20250810_183439-272x182.jpg 272w\" sizes=\"auto, (max-width: 332px) 100vw, 332px\" \/><\/p>\n<p>Lastealal tegutses<strong> legotelk<\/strong>.<\/p>\n<p><img loading=\"lazy\" decoding=\"async\" class=\"alignnone wp-image-5839\" src=\"https:\/\/tudulinnakultuurikants.ee\/wp-content\/uploads\/2025\/08\/532188507_787527863854537_2187783325644564247_n-1024x576.jpg\" alt=\"\" width=\"338\" height=\"190\" srcset=\"https:\/\/tudulinnakultuurikants.ee\/wp-content\/uploads\/2025\/08\/532188507_787527863854537_2187783325644564247_n-1024x576.jpg 1024w, https:\/\/tudulinnakultuurikants.ee\/wp-content\/uploads\/2025\/08\/532188507_787527863854537_2187783325644564247_n-300x169.jpg 300w, https:\/\/tudulinnakultuurikants.ee\/wp-content\/uploads\/2025\/08\/532188507_787527863854537_2187783325644564247_n-768x432.jpg 768w, https:\/\/tudulinnakultuurikants.ee\/wp-content\/uploads\/2025\/08\/532188507_787527863854537_2187783325644564247_n-1536x864.jpg 1536w, https:\/\/tudulinnakultuurikants.ee\/wp-content\/uploads\/2025\/08\/532188507_787527863854537_2187783325644564247_n-710x399.jpg 710w, https:\/\/tudulinnakultuurikants.ee\/wp-content\/uploads\/2025\/08\/532188507_787527863854537_2187783325644564247_n.jpg 2016w\" sizes=\"auto, (max-width: 338px) 100vw, 338px\" \/><\/p>\n<p>Kohal oli <strong>Tudulinna K\u00e4sit\u00f6\u00f6tsunft<\/strong>\u00a0 &#8211; kohalike k\u00e4sit\u00f6\u00f6meistrite toredate n\u00e4put\u00f6\u00f6de n\u00e4itus-m\u00fc\u00fck.<\/p>\n<p><img loading=\"lazy\" decoding=\"async\" class=\"alignnone wp-image-5843\" src=\"https:\/\/tudulinnakultuurikants.ee\/wp-content\/uploads\/2025\/08\/529646918_1741116443195028_8867938582789038248_n-1024x576.jpg\" alt=\"\" width=\"371\" height=\"209\" srcset=\"https:\/\/tudulinnakultuurikants.ee\/wp-content\/uploads\/2025\/08\/529646918_1741116443195028_8867938582789038248_n-1024x576.jpg 1024w, https:\/\/tudulinnakultuurikants.ee\/wp-content\/uploads\/2025\/08\/529646918_1741116443195028_8867938582789038248_n-300x169.jpg 300w, https:\/\/tudulinnakultuurikants.ee\/wp-content\/uploads\/2025\/08\/529646918_1741116443195028_8867938582789038248_n-768x432.jpg 768w, https:\/\/tudulinnakultuurikants.ee\/wp-content\/uploads\/2025\/08\/529646918_1741116443195028_8867938582789038248_n-1536x864.jpg 1536w, https:\/\/tudulinnakultuurikants.ee\/wp-content\/uploads\/2025\/08\/529646918_1741116443195028_8867938582789038248_n-710x399.jpg 710w, https:\/\/tudulinnakultuurikants.ee\/wp-content\/uploads\/2025\/08\/529646918_1741116443195028_8867938582789038248_n.jpg 2016w\" sizes=\"auto, (max-width: 371px) 100vw, 371px\" \/><\/p>\n<p><strong>Raamatuletist<\/strong> osteti aktiivselt Tudulinna-teemalist kirjandust. Eraldi letiga oli kohal ka Tudulinna-Roostoja piiril \u00fcles kasvanud kirjanik <strong>Leelo Kassik\u00e4pp<\/strong> oma teostega.<\/p>\n<p>Festivali Tudulinna Tuled korraldas \u00a0<strong>MT\u00dc Tudulinna Kultuurikants<\/strong>.<\/p>\n<p>Korraldamist toetasid <strong>Alutaguse vallavalitsus, \u00d5iglase \u00dclemineku Fond<\/strong> ja <strong>Eesti Kultuurkapital<\/strong>. Lisaks neile suur ait\u00e4h k\u00f5ikidele vabatahtlikele abilistele!<\/p>\n<p><span style=\"color: #339966;\"><strong><em>Kohtumiseni juba j\u00e4rgmisel suvefestivalil Tudulinna Tuled IX!<\/em><\/strong><\/span> Ettevalmistused on alanud.<\/p>\n<p><img loading=\"lazy\" decoding=\"async\" class=\"alignnone wp-image-5837\" src=\"https:\/\/tudulinnakultuurikants.ee\/wp-content\/uploads\/2025\/08\/IMG_0271-1024x683.jpg\" alt=\"\" width=\"564\" height=\"376\" srcset=\"https:\/\/tudulinnakultuurikants.ee\/wp-content\/uploads\/2025\/08\/IMG_0271-1024x683.jpg 1024w, https:\/\/tudulinnakultuurikants.ee\/wp-content\/uploads\/2025\/08\/IMG_0271-300x200.jpg 300w, https:\/\/tudulinnakultuurikants.ee\/wp-content\/uploads\/2025\/08\/IMG_0271-768x512.jpg 768w, https:\/\/tudulinnakultuurikants.ee\/wp-content\/uploads\/2025\/08\/IMG_0271-600x400.jpg 600w, https:\/\/tudulinnakultuurikants.ee\/wp-content\/uploads\/2025\/08\/IMG_0271-1536x1024.jpg 1536w, https:\/\/tudulinnakultuurikants.ee\/wp-content\/uploads\/2025\/08\/IMG_0271-2048x1365.jpg 2048w, https:\/\/tudulinnakultuurikants.ee\/wp-content\/uploads\/2025\/08\/IMG_0271-270x180.jpg 270w, https:\/\/tudulinnakultuurikants.ee\/wp-content\/uploads\/2025\/08\/IMG_0271-710x473.jpg 710w, https:\/\/tudulinnakultuurikants.ee\/wp-content\/uploads\/2025\/08\/IMG_0271-272x182.jpg 272w\" sizes=\"auto, (max-width: 564px) 100vw, 564px\" \/>\u00a0 \u00a0 <img loading=\"lazy\" decoding=\"async\" class=\"alignnone  wp-image-5871\" src=\"https:\/\/tudulinnakultuurikants.ee\/wp-content\/uploads\/2025\/09\/Kaasrahastanud_EL_kaksiklogod_EST_hor_color_RGB.jpg\" alt=\"\" width=\"566\" height=\"329\" srcset=\"https:\/\/tudulinnakultuurikants.ee\/wp-content\/uploads\/2025\/09\/Kaasrahastanud_EL_kaksiklogod_EST_hor_color_RGB.jpg 1022w, https:\/\/tudulinnakultuurikants.ee\/wp-content\/uploads\/2025\/09\/Kaasrahastanud_EL_kaksiklogod_EST_hor_color_RGB-300x174.jpg 300w, https:\/\/tudulinnakultuurikants.ee\/wp-content\/uploads\/2025\/09\/Kaasrahastanud_EL_kaksiklogod_EST_hor_color_RGB-768x446.jpg 768w, https:\/\/tudulinnakultuurikants.ee\/wp-content\/uploads\/2025\/09\/Kaasrahastanud_EL_kaksiklogod_EST_hor_color_RGB-710x413.jpg 710w\" sizes=\"auto, (max-width: 566px) 100vw, 566px\" \/><\/p>\n<p><em>Fotode autorid: Aili Reiman ja Andres Meresmaa<\/em><\/p>\n","protected":false},"excerpt":{"rendered":"<p>10. augustil sai Tudulinna linnam\u00e4el teoks juba kaheksas suvefestival Tudulinna Tuled. Ilusal suvisel p\u00e4rastl\u00f5unal kogunes arvukas publik saama osa mitmekesisest kultuuriprogrammist, mille korraldajad olid kokku seadnud. Festivalirahva hulgas oli nii kohalikke tudulinlasi kui ka kaugemalt saabunuid. Juba mitmendat aastat on festivali kavas kohaliku taustaga muusikasuguv\u00f5sa tutvustus. T\u00e4navu oli v\u00e4lja valitud&nbsp;[ &hellip; ]<\/p>\n","protected":false},"author":2,"featured_media":0,"parent":0,"menu_order":0,"comment_status":"closed","ping_status":"closed","template":"","meta":{"_bbp_topic_count":0,"_bbp_reply_count":0,"_bbp_total_topic_count":0,"_bbp_total_reply_count":0,"_bbp_voice_count":0,"_bbp_anonymous_reply_count":0,"_bbp_topic_count_hidden":0,"_bbp_reply_count_hidden":0,"_bbp_forum_subforum_count":0,"footnotes":"","_links_to":"","_links_to_target":""},"class_list":["post-5832","page","type-page","status-publish","hentry","list-style-post"],"_links":{"self":[{"href":"https:\/\/tudulinnakultuurikants.ee\/index.php?rest_route=\/wp\/v2\/pages\/5832","targetHints":{"allow":["GET"]}}],"collection":[{"href":"https:\/\/tudulinnakultuurikants.ee\/index.php?rest_route=\/wp\/v2\/pages"}],"about":[{"href":"https:\/\/tudulinnakultuurikants.ee\/index.php?rest_route=\/wp\/v2\/types\/page"}],"author":[{"embeddable":true,"href":"https:\/\/tudulinnakultuurikants.ee\/index.php?rest_route=\/wp\/v2\/users\/2"}],"replies":[{"embeddable":true,"href":"https:\/\/tudulinnakultuurikants.ee\/index.php?rest_route=%2Fwp%2Fv2%2Fcomments&post=5832"}],"version-history":[{"count":4,"href":"https:\/\/tudulinnakultuurikants.ee\/index.php?rest_route=\/wp\/v2\/pages\/5832\/revisions"}],"predecessor-version":[{"id":5873,"href":"https:\/\/tudulinnakultuurikants.ee\/index.php?rest_route=\/wp\/v2\/pages\/5832\/revisions\/5873"}],"wp:attachment":[{"href":"https:\/\/tudulinnakultuurikants.ee\/index.php?rest_route=%2Fwp%2Fv2%2Fmedia&parent=5832"}],"curies":[{"name":"wp","href":"https:\/\/api.w.org\/{rel}","templated":true}]}}