{"id":5893,"date":"2025-12-07T22:57:50","date_gmt":"2025-12-07T20:57:50","guid":{"rendered":"https:\/\/tudulinnakultuurikants.ee\/?page_id=5893"},"modified":"2025-12-07T22:59:44","modified_gmt":"2025-12-07T20:59:44","slug":"malestuste-killud","status":"publish","type":"page","link":"https:\/\/tudulinnakultuurikants.ee\/?page_id=5893","title":{"rendered":"M\u00e4lestuste killud"},"content":{"rendered":"<h3>6. augustil 2001 aastal s\u00f5lmiti Tudulinnas <span style=\"color: #0000ff;\"><strong>MT\u00dc Haridus\u00fchendus Tudulinlane<\/strong><\/span> asutamisleping, mille p\u00f5hikirjas m\u00e4rgitud tegevussuunaks sai \u201c<em>kultuurilis-haridusliku ajaloo m\u00e4lu rikastamine<\/em>\u201d. Just nii on kirjas ligi veerand sajandit hiljem ilmunud kokkuv\u00f5tlikus \u00fclevaates haridus\u00fchenduse pea 15 aasta pikkuse aktiivse ja v\u00e4ga viljaka tegevuse kohta. Lugematu hulk muusika- ja luule\u00f5htuid, v\u00e4\u00e4rikate tudulinlaste austamised, suvised kokkutulekud nii kohapeal kui ka kaugemal elavatele tudulinlastele, M\u00e4lestuste Paiga loomine kunagise seltsimaja asukohale&#8230; Loetelu haridus\u00fchenduse poolt tehtust kujuneks pikaks \u2013 \u00f5nneks on see k\u00f5ik t\u00e4pselt kirja pandud nimetatud \u00fclevaates, pealegi rikkalikult fotodega illustreeritud.<\/h3>\n<p>Kui aga s\u00fcndmused toimuvad ja j\u00e4\u00e4vad vaid osalejate m\u00e4lestustesse kirgaste hetketena, siis kirjapandu p\u00fcsib ning kandub edasi tulevastele p\u00f5lvedele. Haridus\u00fchenduse rahvas teadis seda v\u00e4ga h\u00e4sti:<\/p>\n<p>\u201d<em>Teadsime, et aina v\u00e4hemaks j\u00e4\u00e4b nii kohapeal kui mujal elavaid tudulinlasi, kes selle paiga varasemast elust ja inimestest midagi teavad ja m\u00e4letavad. Need m\u00e4lestused oli vaja kokku koguda, neist r\u00e4\u00e4kida ja teada anda<\/em>.\u201d<\/p>\n<p>Nii sai lisaks kunagise seltsimaja kohal seisvatele arvukatele m\u00e4lestuskividele ja -pinkidele haridus\u00fchenduse k\u00f5ige p\u00fcsimaj\u00e4\u00e4vamaks saavutuseks kolme raamatu v\u00e4ljaandmine. Kogumikud <strong>\u201dM\u00e4lestuste killud\u201d<\/strong> sisaldavad k\u00fcmneid meenutusi tudulinlastelt, kellest nii m\u00f5nigi on t\u00e4naseks juba meie seast lahkunud (esimese kogumiku autoritest valdav enamus).<\/p>\n<p><img loading=\"lazy\" decoding=\"async\" class=\"alignnone wp-image-5894\" src=\"https:\/\/tudulinnakultuurikants.ee\/wp-content\/uploads\/2025\/12\/Malestuste-killud-scaled-e1765140830388-1024x683.jpg\" alt=\"\" width=\"549\" height=\"366\" srcset=\"https:\/\/tudulinnakultuurikants.ee\/wp-content\/uploads\/2025\/12\/Malestuste-killud-scaled-e1765140830388-1024x683.jpg 1024w, https:\/\/tudulinnakultuurikants.ee\/wp-content\/uploads\/2025\/12\/Malestuste-killud-scaled-e1765140830388-300x200.jpg 300w, https:\/\/tudulinnakultuurikants.ee\/wp-content\/uploads\/2025\/12\/Malestuste-killud-scaled-e1765140830388-768x512.jpg 768w, https:\/\/tudulinnakultuurikants.ee\/wp-content\/uploads\/2025\/12\/Malestuste-killud-scaled-e1765140830388-600x400.jpg 600w, https:\/\/tudulinnakultuurikants.ee\/wp-content\/uploads\/2025\/12\/Malestuste-killud-scaled-e1765140830388-1536x1024.jpg 1536w, https:\/\/tudulinnakultuurikants.ee\/wp-content\/uploads\/2025\/12\/Malestuste-killud-scaled-e1765140830388-2048x1366.jpg 2048w, https:\/\/tudulinnakultuurikants.ee\/wp-content\/uploads\/2025\/12\/Malestuste-killud-scaled-e1765140830388-270x180.jpg 270w, https:\/\/tudulinnakultuurikants.ee\/wp-content\/uploads\/2025\/12\/Malestuste-killud-scaled-e1765140830388-710x473.jpg 710w, https:\/\/tudulinnakultuurikants.ee\/wp-content\/uploads\/2025\/12\/Malestuste-killud-scaled-e1765140830388-272x182.jpg 272w\" sizes=\"auto, (max-width: 549px) 100vw, 549px\" \/><\/p>\n<p><strong>M\u00e4lestuste killud I (2007)<\/strong> \u00a0viib lugejad kaugemasse minevikku, meenutatakse esimese Eesti Wabariigi aegu, taluelu kuldseid p\u00e4evi<\/p>\n<p><strong>M\u00e4lestuste killud II (2009)<\/strong> &#8211; \u00a0oluline osa raamatust teeb tagasivaate Tudulinna kooli ajaloole ning meenutustele endistelt \u00f5petajatelt ja \u00f5pilastelt. Juttu on teistelgi teemadel nagu Tudulinna H\u00fcdroelektrijaama ehitus, meierei tegevus, arstiabist Tudulinnas jms.<\/p>\n<p><strong>M\u00e4lestuste killud III (2010)<\/strong> keskendub Tudulinna kultuuriloole, selle t\u00e4hts\u00fcndmustele l\u00e4bi aegade ning paljudele tublidele kultuurivankri vedajatele. Aegade jooksul on Tudulinna kultuurielu olnud v\u00e4ga mitmepalgeline, rikas ja aktiivne. Ometi pannakse viimastel lehek\u00fclgedel lugejale kaasa \u00fcks t\u00f5sine ja p\u00f5him\u00f5tteline murek\u00fcsimus \u2013 kes k\u00f5ike seda tegevust edasi veab&#8230;<\/p>\n<p>Raamatud \u201dM\u00e4lestuste killud\u201d on kokku seatud p\u00f5hiliselt Regina Urbi ja Evi Ostraki eestvedamisel. Nad suutsid koos mitmete abilistega \u00e4ra teha t\u00f5eliselt suure ja hindmatu v\u00e4\u00e4rtusega t\u00f6\u00f6.<\/p>\n<p><img loading=\"lazy\" decoding=\"async\" class=\"alignnone wp-image-5523\" src=\"https:\/\/tudulinnakultuurikants.ee\/wp-content\/uploads\/2023\/11\/29.05.10-025-1024x683.jpg\" alt=\"\" width=\"711\" height=\"474\" srcset=\"https:\/\/tudulinnakultuurikants.ee\/wp-content\/uploads\/2023\/11\/29.05.10-025-1024x683.jpg 1024w, https:\/\/tudulinnakultuurikants.ee\/wp-content\/uploads\/2023\/11\/29.05.10-025-300x200.jpg 300w, https:\/\/tudulinnakultuurikants.ee\/wp-content\/uploads\/2023\/11\/29.05.10-025-768x512.jpg 768w, https:\/\/tudulinnakultuurikants.ee\/wp-content\/uploads\/2023\/11\/29.05.10-025-600x400.jpg 600w, https:\/\/tudulinnakultuurikants.ee\/wp-content\/uploads\/2023\/11\/29.05.10-025-1536x1024.jpg 1536w, https:\/\/tudulinnakultuurikants.ee\/wp-content\/uploads\/2023\/11\/29.05.10-025-2048x1365.jpg 2048w, https:\/\/tudulinnakultuurikants.ee\/wp-content\/uploads\/2023\/11\/29.05.10-025-270x180.jpg 270w, https:\/\/tudulinnakultuurikants.ee\/wp-content\/uploads\/2023\/11\/29.05.10-025-710x473.jpg 710w, https:\/\/tudulinnakultuurikants.ee\/wp-content\/uploads\/2023\/11\/29.05.10-025-272x182.jpg 272w\" sizes=\"auto, (max-width: 711px) 100vw, 711px\" \/><\/p>\n<p>PILDIL: HARIDUS\u00dcHENDUS TUDULINLANE POOLT KORRALDATUD TUDULINLASTE KOKKUSAAMINE M\u00c4LESTUSTE PAIGAS 29. MAIL 2010.<\/p>\n<p>K\u00f5ik kolm kogumikku omavad Tudulinna kirjandusloos \u00fcliv\u00e4\u00e4rtuslikku kohta pakkudes meile lugejatena seda, mida me ise pole saanud n\u00e4ha, tunda, kogeda. Nagu seisab neist \u00fche raamatu sissejuhatuses:<\/p>\n<p style=\"text-align: center;\"><em>\u201dKeskmise tasemega inimene r\u00e4\u00e4gib.<\/em><\/p>\n<p style=\"text-align: center;\"><em>Hea inimene selgitab.<\/em><\/p>\n<p style=\"text-align: center;\"><em>V\u00e4ga hea inimene n\u00e4itab.<\/em><\/p>\n<p style=\"text-align: center;\"><em>Suurep\u00e4rane inimene innustab.<\/em><\/p>\n<p><em>Inimesed, kes oma olemuse s\u00fcgavuse kirjapanduna teistele p\u00e4randavad, on austusv\u00e4\u00e4rsed inimesed.<\/em><\/p>\n<p><em>Sinu k\u00e4es on raamatuke inimestelt, kes kodukoha armastuse kaudu on avanud oma olemuse ja Sa loed&#8230;\u201d<\/em><\/p>\n<p><img loading=\"lazy\" decoding=\"async\" class=\"alignnone size-full wp-image-5675\" src=\"https:\/\/tudulinnakultuurikants.ee\/wp-content\/uploads\/2025\/01\/images_edited.jpg\" alt=\"\" width=\"225\" height=\"225\" srcset=\"https:\/\/tudulinnakultuurikants.ee\/wp-content\/uploads\/2025\/01\/images_edited.jpg 225w, https:\/\/tudulinnakultuurikants.ee\/wp-content\/uploads\/2025\/01\/images_edited-150x150.jpg 150w\" sizes=\"auto, (max-width: 225px) 100vw, 225px\" \/><\/p>\n","protected":false},"excerpt":{"rendered":"<p>6. augustil 2001 aastal s\u00f5lmiti Tudulinnas MT\u00dc Haridus\u00fchendus Tudulinlane asutamisleping, mille p\u00f5hikirjas m\u00e4rgitud tegevussuunaks sai \u201ckultuurilis-haridusliku ajaloo m\u00e4lu rikastamine\u201d. Just nii on kirjas ligi veerand sajandit hiljem ilmunud kokkuv\u00f5tlikus \u00fclevaates haridus\u00fchenduse pea 15 aasta pikkuse aktiivse ja v\u00e4ga viljaka tegevuse kohta. Lugematu hulk muusika- ja luule\u00f5htuid, v\u00e4\u00e4rikate tudulinlaste austamised, suvised&nbsp;[ &hellip; ]<\/p>\n","protected":false},"author":2,"featured_media":0,"parent":0,"menu_order":0,"comment_status":"closed","ping_status":"closed","template":"","meta":{"_bbp_topic_count":0,"_bbp_reply_count":0,"_bbp_total_topic_count":0,"_bbp_total_reply_count":0,"_bbp_voice_count":0,"_bbp_anonymous_reply_count":0,"_bbp_topic_count_hidden":0,"_bbp_reply_count_hidden":0,"_bbp_forum_subforum_count":0,"footnotes":"","_links_to":"","_links_to_target":""},"class_list":["post-5893","page","type-page","status-publish","hentry","list-style-post"],"_links":{"self":[{"href":"https:\/\/tudulinnakultuurikants.ee\/index.php?rest_route=\/wp\/v2\/pages\/5893","targetHints":{"allow":["GET"]}}],"collection":[{"href":"https:\/\/tudulinnakultuurikants.ee\/index.php?rest_route=\/wp\/v2\/pages"}],"about":[{"href":"https:\/\/tudulinnakultuurikants.ee\/index.php?rest_route=\/wp\/v2\/types\/page"}],"author":[{"embeddable":true,"href":"https:\/\/tudulinnakultuurikants.ee\/index.php?rest_route=\/wp\/v2\/users\/2"}],"replies":[{"embeddable":true,"href":"https:\/\/tudulinnakultuurikants.ee\/index.php?rest_route=%2Fwp%2Fv2%2Fcomments&post=5893"}],"version-history":[{"count":1,"href":"https:\/\/tudulinnakultuurikants.ee\/index.php?rest_route=\/wp\/v2\/pages\/5893\/revisions"}],"predecessor-version":[{"id":5895,"href":"https:\/\/tudulinnakultuurikants.ee\/index.php?rest_route=\/wp\/v2\/pages\/5893\/revisions\/5895"}],"wp:attachment":[{"href":"https:\/\/tudulinnakultuurikants.ee\/index.php?rest_route=%2Fwp%2Fv2%2Fmedia&parent=5893"}],"curies":[{"name":"wp","href":"https:\/\/api.w.org\/{rel}","templated":true}]}}