{"id":771,"date":"2019-06-14T13:54:05","date_gmt":"2019-06-14T11:54:05","guid":{"rendered":"https:\/\/tudulinnakirik.planet.ee\/?page_id=771"},"modified":"2019-06-14T13:55:11","modified_gmt":"2019-06-14T11:55:11","slug":"galeriitest","status":"publish","type":"page","link":"https:\/\/tudulinnakultuurikants.ee\/?page_id=771","title":{"rendered":"Galerii_ajaloolised"},"content":{"rendered":"<div id=\"pl-771\"  class=\"panel-layout\" ><div id=\"pg-771-0\"  class=\"panel-grid panel-has-style\" ><div style=\"padding-top: 30px; padding-bottom: 30px; \" class=\"panel-row-style panel-row-style-for-771-0\" ><div id=\"pgc-771-0-0\"  class=\"panel-grid-cell\" ><div id=\"panel-771-0-0-0\" class=\"so-panel widget widget_text panel-first-child panel-last-child\" data-index=\"0\" ><h3 class=\"widget-title\">Ajaloolised fotod<\/h3>\t\t\t<div class=\"textwidget\"><div id='gallery-1' class='gallery galleryid-0 gallery-columns-3 gallery-size-medium'><figure class='gallery-item'>\n\t\t\t<div class='gallery-icon landscape'>\n\t\t\t\t<a href='https:\/\/tudulinnakultuurikants.ee\/wp-content\/uploads\/2019\/03\/Vana-kiriku-sisevaade-1905.jpg'><img loading=\"lazy\" decoding=\"async\" width=\"300\" height=\"220\" src=\"https:\/\/tudulinnakultuurikants.ee\/wp-content\/uploads\/2019\/03\/Vana-kiriku-sisevaade-1905-300x220.jpg\" class=\"attachment-medium size-medium\" alt=\"\" aria-describedby=\"gallery-1-196\" srcset=\"https:\/\/tudulinnakultuurikants.ee\/wp-content\/uploads\/2019\/03\/Vana-kiriku-sisevaade-1905-300x220.jpg 300w, https:\/\/tudulinnakultuurikants.ee\/wp-content\/uploads\/2019\/03\/Vana-kiriku-sisevaade-1905-768x564.jpg 768w, https:\/\/tudulinnakultuurikants.ee\/wp-content\/uploads\/2019\/03\/Vana-kiriku-sisevaade-1905-1024x753.jpg 1024w, https:\/\/tudulinnakultuurikants.ee\/wp-content\/uploads\/2019\/03\/Vana-kiriku-sisevaade-1905-710x522.jpg 710w\" sizes=\"auto, (max-width: 300px) 100vw, 300px\" \/><\/a>\n\t\t\t<\/div>\n\t\t\t\t<figcaption class='wp-caption-text gallery-caption' id='gallery-1-196'>\n\t\t\t\t Vana kiriku sisevaade 1905. Foto: Paul Johann Eduard Wender\n\t\t\t\t<\/figcaption><\/figure><figure class='gallery-item'>\n\t\t\t<div class='gallery-icon landscape'>\n\t\t\t\t<a href='https:\/\/tudulinnakultuurikants.ee\/wp-content\/uploads\/2019\/05\/Carl-Sarapi-foto-vanast-kirikust-ja-veskist-1.jpg'><img loading=\"lazy\" decoding=\"async\" width=\"300\" height=\"239\" src=\"https:\/\/tudulinnakultuurikants.ee\/wp-content\/uploads\/2019\/05\/Carl-Sarapi-foto-vanast-kirikust-ja-veskist-1-300x239.jpg\" class=\"attachment-medium size-medium\" alt=\"\" aria-describedby=\"gallery-1-358\" srcset=\"https:\/\/tudulinnakultuurikants.ee\/wp-content\/uploads\/2019\/05\/Carl-Sarapi-foto-vanast-kirikust-ja-veskist-1-300x239.jpg 300w, https:\/\/tudulinnakultuurikants.ee\/wp-content\/uploads\/2019\/05\/Carl-Sarapi-foto-vanast-kirikust-ja-veskist-1-768x611.jpg 768w, https:\/\/tudulinnakultuurikants.ee\/wp-content\/uploads\/2019\/05\/Carl-Sarapi-foto-vanast-kirikust-ja-veskist-1-1024x815.jpg 1024w, https:\/\/tudulinnakultuurikants.ee\/wp-content\/uploads\/2019\/05\/Carl-Sarapi-foto-vanast-kirikust-ja-veskist-1-710x565.jpg 710w, https:\/\/tudulinnakultuurikants.ee\/wp-content\/uploads\/2019\/05\/Carl-Sarapi-foto-vanast-kirikust-ja-veskist-1.jpg 1953w\" sizes=\"auto, (max-width: 300px) 100vw, 300px\" \/><\/a>\n\t\t\t<\/div>\n\t\t\t\t<figcaption class='wp-caption-text gallery-caption' id='gallery-1-358'>\n\t\t\t\tVaade Tudulinna vanale kirikule ja M\u00f6ldri tuuleveskile. Foto: Carl Sarap\n\t\t\t\t<\/figcaption><\/figure><figure class='gallery-item'>\n\t\t\t<div class='gallery-icon landscape'>\n\t\t\t\t<a href='https:\/\/tudulinnakultuurikants.ee\/wp-content\/uploads\/2019\/05\/Vana-kirik-p\u00e4rast-1939-a-remonti.jpg'><img loading=\"lazy\" decoding=\"async\" width=\"300\" height=\"196\" src=\"https:\/\/tudulinnakultuurikants.ee\/wp-content\/uploads\/2019\/05\/Vana-kirik-p\u00e4rast-1939-a-remonti-300x196.jpg\" class=\"attachment-medium size-medium\" alt=\"\" aria-describedby=\"gallery-1-359\" srcset=\"https:\/\/tudulinnakultuurikants.ee\/wp-content\/uploads\/2019\/05\/Vana-kirik-p\u00e4rast-1939-a-remonti-300x196.jpg 300w, https:\/\/tudulinnakultuurikants.ee\/wp-content\/uploads\/2019\/05\/Vana-kirik-p\u00e4rast-1939-a-remonti-380x250.jpg 380w, https:\/\/tudulinnakultuurikants.ee\/wp-content\/uploads\/2019\/05\/Vana-kirik-p\u00e4rast-1939-a-remonti.jpg 650w\" sizes=\"auto, (max-width: 300px) 100vw, 300px\" \/><\/a>\n\t\t\t<\/div>\n\t\t\t\t<figcaption class='wp-caption-text gallery-caption' id='gallery-1-359'>\n\t\t\t\tVana kirik p\u00e4rast 1939 a remonti\n\t\t\t\t<\/figcaption><\/figure><figure class='gallery-item'>\n\t\t\t<div class='gallery-icon landscape'>\n\t\t\t\t<a href='https:\/\/tudulinnakultuurikants.ee\/wp-content\/uploads\/2019\/05\/Tudulinna-kirikud-25-juulil-1947-aastal.jpg'><img loading=\"lazy\" decoding=\"async\" width=\"300\" height=\"196\" src=\"https:\/\/tudulinnakultuurikants.ee\/wp-content\/uploads\/2019\/05\/Tudulinna-kirikud-25-juulil-1947-aastal-300x196.jpg\" class=\"attachment-medium size-medium\" alt=\"\" aria-describedby=\"gallery-1-360\" srcset=\"https:\/\/tudulinnakultuurikants.ee\/wp-content\/uploads\/2019\/05\/Tudulinna-kirikud-25-juulil-1947-aastal-300x196.jpg 300w, https:\/\/tudulinnakultuurikants.ee\/wp-content\/uploads\/2019\/05\/Tudulinna-kirikud-25-juulil-1947-aastal-768x501.jpg 768w, https:\/\/tudulinnakultuurikants.ee\/wp-content\/uploads\/2019\/05\/Tudulinna-kirikud-25-juulil-1947-aastal-380x250.jpg 380w, https:\/\/tudulinnakultuurikants.ee\/wp-content\/uploads\/2019\/05\/Tudulinna-kirikud-25-juulil-1947-aastal-710x464.jpg 710w, https:\/\/tudulinnakultuurikants.ee\/wp-content\/uploads\/2019\/05\/Tudulinna-kirikud-25-juulil-1947-aastal.jpg 844w\" sizes=\"auto, (max-width: 300px) 100vw, 300px\" \/><\/a>\n\t\t\t<\/div>\n\t\t\t\t<figcaption class='wp-caption-text gallery-caption' id='gallery-1-360'>\n\t\t\t\tTudulinna kirikud 25 juulil 1947 aastal.  Rahu kiriku tornil on n\u00e4ha s\u00f5japurustused.\n\t\t\t\t<\/figcaption><\/figure><figure class='gallery-item'>\n\t\t\t<div class='gallery-icon landscape'>\n\t\t\t\t<a href='https:\/\/tudulinnakultuurikants.ee\/wp-content\/uploads\/2019\/05\/1956-a-foto-5.jpg'><img loading=\"lazy\" decoding=\"async\" width=\"300\" height=\"225\" src=\"https:\/\/tudulinnakultuurikants.ee\/wp-content\/uploads\/2019\/05\/1956-a-foto-5-300x225.jpg\" class=\"attachment-medium size-medium\" alt=\"\" aria-describedby=\"gallery-1-362\" srcset=\"https:\/\/tudulinnakultuurikants.ee\/wp-content\/uploads\/2019\/05\/1956-a-foto-5-300x225.jpg 300w, https:\/\/tudulinnakultuurikants.ee\/wp-content\/uploads\/2019\/05\/1956-a-foto-5.jpg 440w\" sizes=\"auto, (max-width: 300px) 100vw, 300px\" \/><\/a>\n\t\t\t<\/div>\n\t\t\t\t<figcaption class='wp-caption-text gallery-caption' id='gallery-1-362'>\n\t\t\t\t1956. aastal n\u00e4gi vana kirik veel korralik v\u00e4lja ehkki oli juba sovhoosi viljaait.\n\t\t\t\t<\/figcaption><\/figure><figure class='gallery-item'>\n\t\t\t<div class='gallery-icon portrait'>\n\t\t\t\t<a href='https:\/\/tudulinnakultuurikants.ee\/wp-content\/uploads\/2019\/05\/qzcke525be67136e35P2227491.jpg'><img loading=\"lazy\" decoding=\"async\" width=\"292\" height=\"300\" src=\"https:\/\/tudulinnakultuurikants.ee\/wp-content\/uploads\/2019\/05\/qzcke525be67136e35P2227491-292x300.jpg\" class=\"attachment-medium size-medium\" alt=\"\" aria-describedby=\"gallery-1-363\" srcset=\"https:\/\/tudulinnakultuurikants.ee\/wp-content\/uploads\/2019\/05\/qzcke525be67136e35P2227491-292x300.jpg 292w, https:\/\/tudulinnakultuurikants.ee\/wp-content\/uploads\/2019\/05\/qzcke525be67136e35P2227491.jpg 632w\" sizes=\"auto, (max-width: 292px) 100vw, 292px\" \/><\/a>\n\t\t\t<\/div>\n\t\t\t\t<figcaption class='wp-caption-text gallery-caption' id='gallery-1-363'>\n\t\t\t\tVeski seadmed vanas kirikus\n\t\t\t\t<\/figcaption><\/figure><figure class='gallery-item'>\n\t\t\t<div class='gallery-icon portrait'>\n\t\t\t\t<a href='https:\/\/tudulinnakultuurikants.ee\/wp-content\/uploads\/2019\/05\/swkvm525be672eb415P2227493.jpg'><img loading=\"lazy\" decoding=\"async\" width=\"290\" height=\"300\" src=\"https:\/\/tudulinnakultuurikants.ee\/wp-content\/uploads\/2019\/05\/swkvm525be672eb415P2227493-290x300.jpg\" class=\"attachment-medium size-medium\" alt=\"\" aria-describedby=\"gallery-1-364\" srcset=\"https:\/\/tudulinnakultuurikants.ee\/wp-content\/uploads\/2019\/05\/swkvm525be672eb415P2227493-290x300.jpg 290w, https:\/\/tudulinnakultuurikants.ee\/wp-content\/uploads\/2019\/05\/swkvm525be672eb415P2227493.jpg 629w\" sizes=\"auto, (max-width: 290px) 100vw, 290px\" \/><\/a>\n\t\t\t<\/div>\n\t\t\t\t<figcaption class='wp-caption-text gallery-caption' id='gallery-1-364'>\n\t\t\t\tViljakuhjad ja kolud. Paremal on n\u00e4ha kinnil\u00f6\u00f6dud kirikuaknad\n\t\t\t\t<\/figcaption><\/figure><figure class='gallery-item'>\n\t\t\t<div class='gallery-icon landscape'>\n\t\t\t\t<a href='https:\/\/tudulinnakultuurikants.ee\/wp-content\/uploads\/2019\/05\/Vana-kirik-vaadatud-ilmselt-veskist.jpg'><img loading=\"lazy\" decoding=\"async\" width=\"300\" height=\"185\" src=\"https:\/\/tudulinnakultuurikants.ee\/wp-content\/uploads\/2019\/05\/Vana-kirik-vaadatud-ilmselt-veskist-300x185.jpg\" class=\"attachment-medium size-medium\" alt=\"\" aria-describedby=\"gallery-1-366\" srcset=\"https:\/\/tudulinnakultuurikants.ee\/wp-content\/uploads\/2019\/05\/Vana-kirik-vaadatud-ilmselt-veskist-300x185.jpg 300w, https:\/\/tudulinnakultuurikants.ee\/wp-content\/uploads\/2019\/05\/Vana-kirik-vaadatud-ilmselt-veskist-768x474.jpg 768w, https:\/\/tudulinnakultuurikants.ee\/wp-content\/uploads\/2019\/05\/Vana-kirik-vaadatud-ilmselt-veskist-1024x633.jpg 1024w, https:\/\/tudulinnakultuurikants.ee\/wp-content\/uploads\/2019\/05\/Vana-kirik-vaadatud-ilmselt-veskist-710x439.jpg 710w, https:\/\/tudulinnakultuurikants.ee\/wp-content\/uploads\/2019\/05\/Vana-kirik-vaadatud-ilmselt-veskist.jpg 2020w\" sizes=\"auto, (max-width: 300px) 100vw, 300px\" \/><\/a>\n\t\t\t<\/div>\n\t\t\t\t<figcaption class='wp-caption-text gallery-caption' id='gallery-1-366'>\n\t\t\t\tVana kirik sovhoosi veskina, pildistatud ilmselt M\u00f6ldri tuulikust\n\t\t\t\t<\/figcaption><\/figure><figure class='gallery-item'>\n\t\t\t<div class='gallery-icon landscape'>\n\t\t\t\t<a href='https:\/\/tudulinnakultuurikants.ee\/wp-content\/uploads\/2019\/05\/fjyje525be6629026bP22274811.jpg'><img loading=\"lazy\" decoding=\"async\" width=\"300\" height=\"197\" src=\"https:\/\/tudulinnakultuurikants.ee\/wp-content\/uploads\/2019\/05\/fjyje525be6629026bP22274811-300x197.jpg\" class=\"attachment-medium size-medium\" alt=\"\" aria-describedby=\"gallery-1-373\" srcset=\"https:\/\/tudulinnakultuurikants.ee\/wp-content\/uploads\/2019\/05\/fjyje525be6629026bP22274811-300x197.jpg 300w, https:\/\/tudulinnakultuurikants.ee\/wp-content\/uploads\/2019\/05\/fjyje525be6629026bP22274811-380x250.jpg 380w, https:\/\/tudulinnakultuurikants.ee\/wp-content\/uploads\/2019\/05\/fjyje525be6629026bP22274811.jpg 650w\" sizes=\"auto, (max-width: 300px) 100vw, 300px\" \/><\/a>\n\t\t\t<\/div>\n\t\t\t\t<figcaption class='wp-caption-text gallery-caption' id='gallery-1-373'>\n\t\t\t\tTudulinna vana kirik koos aiam\u00fc\u00fcriga. Foto: Carl Sarap\n\t\t\t\t<\/figcaption><\/figure><figure class='gallery-item'>\n\t\t\t<div class='gallery-icon landscape'>\n\t\t\t\t<a href='https:\/\/tudulinnakultuurikants.ee\/wp-content\/uploads\/2019\/05\/1956-a-foto-2.jpg'><img loading=\"lazy\" decoding=\"async\" width=\"300\" height=\"225\" src=\"https:\/\/tudulinnakultuurikants.ee\/wp-content\/uploads\/2019\/05\/1956-a-foto-2-300x225.jpg\" class=\"attachment-medium size-medium\" alt=\"\" aria-describedby=\"gallery-1-381\" srcset=\"https:\/\/tudulinnakultuurikants.ee\/wp-content\/uploads\/2019\/05\/1956-a-foto-2-300x225.jpg 300w, https:\/\/tudulinnakultuurikants.ee\/wp-content\/uploads\/2019\/05\/1956-a-foto-2.jpg 440w\" sizes=\"auto, (max-width: 300px) 100vw, 300px\" \/><\/a>\n\t\t\t<\/div>\n\t\t\t\t<figcaption class='wp-caption-text gallery-caption' id='gallery-1-381'>\n\t\t\t\tVana kirik 1956 aastal \n\t\t\t\t<\/figcaption><\/figure><figure class='gallery-item'>\n\t\t\t<div class='gallery-icon portrait'>\n\t\t\t\t<a href='https:\/\/tudulinnakultuurikants.ee\/wp-content\/uploads\/2019\/05\/Vana-kiriku-v\u00e4lisvaade-1905.jpg'><img loading=\"lazy\" decoding=\"async\" width=\"221\" height=\"300\" src=\"https:\/\/tudulinnakultuurikants.ee\/wp-content\/uploads\/2019\/05\/Vana-kiriku-v\u00e4lisvaade-1905-221x300.jpg\" class=\"attachment-medium size-medium\" alt=\"\" aria-describedby=\"gallery-1-383\" srcset=\"https:\/\/tudulinnakultuurikants.ee\/wp-content\/uploads\/2019\/05\/Vana-kiriku-v\u00e4lisvaade-1905-221x300.jpg 221w, https:\/\/tudulinnakultuurikants.ee\/wp-content\/uploads\/2019\/05\/Vana-kiriku-v\u00e4lisvaade-1905-768x1044.jpg 768w, https:\/\/tudulinnakultuurikants.ee\/wp-content\/uploads\/2019\/05\/Vana-kiriku-v\u00e4lisvaade-1905-753x1024.jpg 753w, https:\/\/tudulinnakultuurikants.ee\/wp-content\/uploads\/2019\/05\/Vana-kiriku-v\u00e4lisvaade-1905-710x965.jpg 710w\" sizes=\"auto, (max-width: 221px) 100vw, 221px\" \/><\/a>\n\t\t\t<\/div>\n\t\t\t\t<figcaption class='wp-caption-text gallery-caption' id='gallery-1-383'>\n\t\t\t\tVana kiriku v\u00e4lisvaade 1905 aastal. Varaseim s\u00e4ilinud \u00fclesv\u00f5te Tudulinna kirikust. Foto: Paul Johann Eduard Wender\n\t\t\t\t<\/figcaption><\/figure><figure class='gallery-item'>\n\t\t\t<div class='gallery-icon landscape'>\n\t\t\t\t<a href='https:\/\/tudulinnakultuurikants.ee\/wp-content\/uploads\/2019\/05\/vana-kirik-vaade-k\u00fcla-poolt.jpg'><img loading=\"lazy\" decoding=\"async\" width=\"300\" height=\"225\" src=\"https:\/\/tudulinnakultuurikants.ee\/wp-content\/uploads\/2019\/05\/vana-kirik-vaade-k\u00fcla-poolt-300x225.jpg\" class=\"attachment-medium size-medium\" alt=\"\" aria-describedby=\"gallery-1-412\" srcset=\"https:\/\/tudulinnakultuurikants.ee\/wp-content\/uploads\/2019\/05\/vana-kirik-vaade-k\u00fcla-poolt-300x225.jpg 300w, https:\/\/tudulinnakultuurikants.ee\/wp-content\/uploads\/2019\/05\/vana-kirik-vaade-k\u00fcla-poolt.jpg 500w\" sizes=\"auto, (max-width: 300px) 100vw, 300px\" \/><\/a>\n\t\t\t<\/div>\n\t\t\t\t<figcaption class='wp-caption-text gallery-caption' id='gallery-1-412'>\n\t\t\t\tVaade l\u00f5unast\n\t\t\t\t<\/figcaption><\/figure>\n\t\t<\/div>\n\n<\/div>\n\t\t<\/div><\/div><\/div><\/div><\/div>","protected":false},"excerpt":{"rendered":"<p>Ajaloolised fotod Vana kiriku sisevaade 1905. Foto: Paul Johann Eduard Wender Vaade Tudulinna vanale kirikule ja M\u00f6ldri tuuleveskile. Foto: Carl Sarap Vana kirik p\u00e4rast 1939 a remonti Tudulinna kirikud 25 juulil 1947 aastal. Rahu kiriku tornil on n\u00e4ha s\u00f5japurustused. 1956. aastal n\u00e4gi vana kirik veel korralik v\u00e4lja ehkki oli juba&nbsp;[ &hellip; ]<\/p>\n","protected":false},"author":1,"featured_media":0,"parent":0,"menu_order":0,"comment_status":"closed","ping_status":"closed","template":"","meta":{"_bbp_topic_count":0,"_bbp_reply_count":0,"_bbp_total_topic_count":0,"_bbp_total_reply_count":0,"_bbp_voice_count":0,"_bbp_anonymous_reply_count":0,"_bbp_topic_count_hidden":0,"_bbp_reply_count_hidden":0,"_bbp_forum_subforum_count":0,"footnotes":"","_links_to":"","_links_to_target":""},"class_list":["post-771","page","type-page","status-publish","hentry","list-style-post"],"_links":{"self":[{"href":"https:\/\/tudulinnakultuurikants.ee\/index.php?rest_route=\/wp\/v2\/pages\/771","targetHints":{"allow":["GET"]}}],"collection":[{"href":"https:\/\/tudulinnakultuurikants.ee\/index.php?rest_route=\/wp\/v2\/pages"}],"about":[{"href":"https:\/\/tudulinnakultuurikants.ee\/index.php?rest_route=\/wp\/v2\/types\/page"}],"author":[{"embeddable":true,"href":"https:\/\/tudulinnakultuurikants.ee\/index.php?rest_route=\/wp\/v2\/users\/1"}],"replies":[{"embeddable":true,"href":"https:\/\/tudulinnakultuurikants.ee\/index.php?rest_route=%2Fwp%2Fv2%2Fcomments&post=771"}],"version-history":[{"count":5,"href":"https:\/\/tudulinnakultuurikants.ee\/index.php?rest_route=\/wp\/v2\/pages\/771\/revisions"}],"predecessor-version":[{"id":1191,"href":"https:\/\/tudulinnakultuurikants.ee\/index.php?rest_route=\/wp\/v2\/pages\/771\/revisions\/1191"}],"wp:attachment":[{"href":"https:\/\/tudulinnakultuurikants.ee\/index.php?rest_route=%2Fwp%2Fv2%2Fmedia&parent=771"}],"curies":[{"name":"wp","href":"https:\/\/api.w.org\/{rel}","templated":true}]}}