{"id":851,"date":"2019-06-20T19:14:57","date_gmt":"2019-06-20T17:14:57","guid":{"rendered":"https:\/\/tudulinnakirik.planet.ee\/?page_id=851"},"modified":"2019-07-24T13:20:58","modified_gmt":"2019-07-24T11:20:58","slug":"tornikuke-lugu","status":"publish","type":"page","link":"https:\/\/tudulinnakultuurikants.ee\/?page_id=851","title":{"rendered":"Tornikuke lugu"},"content":{"rendered":"<div id=\"pl-851\"  class=\"panel-layout\" ><div id=\"pg-851-0\"  class=\"panel-grid panel-has-style\" ><div style=\"padding-top: 30px; padding-bottom: 30px; \" class=\"panel-row-style panel-row-style-for-851-0\" ><div id=\"pgc-851-0-0\"  class=\"panel-grid-cell\" ><div id=\"panel-851-0-0-0\" class=\"so-panel widget widget_text panel-first-child\" data-index=\"0\" ><h3 class=\"widget-title\">Tornikukk on s\u00fcmbol.<\/h3>\t\t\t<div class=\"textwidget\"><p>&nbsp;<\/p>\n<p>Vana kiriku torni valmides pandi selle tippu kukk, mis kandis aastaarvu 1864. T\u00f5en\u00e4oliselt t\u00e4histas see torni valmimist ning kiriku \u00fcmberehitust\u00f6\u00f6de l\u00f5ppu. Tornikukk seisis oma kohal niikaua kuni p\u00fcsis torn. Kui see maha t\u00f5mmati, kukkus alla ka kukk. M\u00e4lestuste kohaselt olevat ta seej\u00e4rel m\u00f5ne p\u00e4eva s\u00f5itnud ringi \u00fche traktori katusel. Ja kadus siis avalikkuse eest.<\/p>\n<p>\u00d5nneks ei saanud tornikukk hukka. Hoolitsevate tudulinlaste abil j\u00f5udis ta Roiu talu lauda lakka ning oli seal rahulikult peidus \u00fcle poole sajandi. Kui asutati MT\u00dc Tudulinna Kultuurikants eesm\u00e4rgiga vana kirik taastada, oli ka tornikukel p\u00f5hjust taas endast m\u00e4rku anda ja peidust v\u00e4lja tulla. See juhtus 2017 aasta l\u00f5pul.<\/p>\n<p>Esimest korda esitleti vana tornikukke laiemale avalikkusele jaanuaris 2018 toimunud m\u00f5ttetalgute ajal Tudulinna koolimajas. Sealt alates on tornikukest saanud vana kiriku taastamise s\u00fcmbol. Ta on austanud oma kohalolekuga k\u00f5iki MT\u00dc Tudulinna Kultuurikants poolt korraldatud avalikke s\u00fcndmusi.<\/p>\n<p>Hr. Nathan Kuke eestvedamisel on valmistatud tornikukega ja kirjaga &#8220;Tudulinna&#8221; rinnam\u00e4rgid, mis on saamas Tudulinna populaarseks s\u00fcmboliks.<\/p>\n<p>2018 suvel tornikukk restaureeriti KAR Grupp poolt.<\/p>\n<div class=\"mceTemp\"><\/div>\n<\/div>\n\t\t<\/div><div id=\"panel-851-0-0-1\" class=\"so-panel widget widget_media_image panel-last-child\" data-index=\"1\" ><figure style=\"width: 1000px\" class=\"wp-caption alignnone\"><img loading=\"lazy\" decoding=\"async\" width=\"1000\" height=\"654\" src=\"https:\/\/tudulinnakultuurikants.ee\/wp-content\/uploads\/2019\/03\/tudulinna-kirik-tudulinna-kiriku-kukk-80813359-2.jpg\" class=\"image wp-image-12  attachment-full size-full\" alt=\"\" style=\"max-width: 100%; height: auto;\" srcset=\"https:\/\/tudulinnakultuurikants.ee\/wp-content\/uploads\/2019\/03\/tudulinna-kirik-tudulinna-kiriku-kukk-80813359-2.jpg 1000w, https:\/\/tudulinnakultuurikants.ee\/wp-content\/uploads\/2019\/03\/tudulinna-kirik-tudulinna-kiriku-kukk-80813359-2-300x196.jpg 300w, https:\/\/tudulinnakultuurikants.ee\/wp-content\/uploads\/2019\/03\/tudulinna-kirik-tudulinna-kiriku-kukk-80813359-2-768x502.jpg 768w\" sizes=\"auto, (max-width: 1000px) 100vw, 1000px\" \/><figcaption class=\"wp-caption-text\">Tornikukk enne restaureerimist 2018 aasta algul.<\/figcaption><\/figure><\/div><\/div><\/div><\/div><\/div>","protected":false},"excerpt":{"rendered":"<p>&nbsp; Vana kiriku torni valmides pandi selle tippu kukk, mis kandis aastaarvu 1864. T\u00f5en\u00e4oliselt t\u00e4histas see torni valmimist ning kiriku \u00fcmberehitust\u00f6\u00f6de l\u00f5ppu. Tornikukk seisis oma kohal niikaua kuni p\u00fcsis torn. Kui see maha t\u00f5mmati, kukkus alla ka kukk. M\u00e4lestuste kohaselt olevat ta seej\u00e4rel m\u00f5ne p\u00e4eva s\u00f5itnud ringi \u00fche traktori katusel.&nbsp;[ &hellip; ]<\/p>\n","protected":false},"author":2,"featured_media":0,"parent":0,"menu_order":0,"comment_status":"closed","ping_status":"closed","template":"","meta":{"_bbp_topic_count":0,"_bbp_reply_count":0,"_bbp_total_topic_count":0,"_bbp_total_reply_count":0,"_bbp_voice_count":0,"_bbp_anonymous_reply_count":0,"_bbp_topic_count_hidden":0,"_bbp_reply_count_hidden":0,"_bbp_forum_subforum_count":0,"footnotes":"","_links_to":"","_links_to_target":""},"class_list":["post-851","page","type-page","status-publish","hentry","list-style-post"],"_links":{"self":[{"href":"https:\/\/tudulinnakultuurikants.ee\/index.php?rest_route=\/wp\/v2\/pages\/851","targetHints":{"allow":["GET"]}}],"collection":[{"href":"https:\/\/tudulinnakultuurikants.ee\/index.php?rest_route=\/wp\/v2\/pages"}],"about":[{"href":"https:\/\/tudulinnakultuurikants.ee\/index.php?rest_route=\/wp\/v2\/types\/page"}],"author":[{"embeddable":true,"href":"https:\/\/tudulinnakultuurikants.ee\/index.php?rest_route=\/wp\/v2\/users\/2"}],"replies":[{"embeddable":true,"href":"https:\/\/tudulinnakultuurikants.ee\/index.php?rest_route=%2Fwp%2Fv2%2Fcomments&post=851"}],"version-history":[{"count":7,"href":"https:\/\/tudulinnakultuurikants.ee\/index.php?rest_route=\/wp\/v2\/pages\/851\/revisions"}],"predecessor-version":[{"id":1021,"href":"https:\/\/tudulinnakultuurikants.ee\/index.php?rest_route=\/wp\/v2\/pages\/851\/revisions\/1021"}],"wp:attachment":[{"href":"https:\/\/tudulinnakultuurikants.ee\/index.php?rest_route=%2Fwp%2Fv2%2Fmedia&parent=851"}],"curies":[{"name":"wp","href":"https:\/\/api.w.org\/{rel}","templated":true}]}}