{"id":884,"date":"2019-06-21T14:44:07","date_gmt":"2019-06-21T12:44:07","guid":{"rendered":"https:\/\/tudulinnakirik.planet.ee\/?page_id=884"},"modified":"2019-07-11T10:54:52","modified_gmt":"2019-07-11T08:54:52","slug":"museaalide-kogumine","status":"publish","type":"page","link":"https:\/\/tudulinnakultuurikants.ee\/?page_id=884","title":{"rendered":"Museaalide kogumine"},"content":{"rendered":"<p>Esivanemad on p\u00e4randanud meile hindamatu v\u00e4\u00e4rtusega kogu. Selle mahuka p\u00e4randi alleshoidmine ja v\u00e4\u00e4rtustamine on meie k\u00f5igi ees\u00f5igus ja ka \u00fclesanne. Iga\u00fcks saab omalt poolt kaasa aidata.<\/p>\n<p>Vaadakem endi \u00fcmber, sirvigem vanu perekonnaalbumeid ja otsigem tuhmunud fotosid. Nende v\u00e4\u00e4rtus ajas ainult kasvab.<\/p>\n<p>Pidades silmas MT\u00dc Tudulinna Kultuurikants tulevikueesm\u00e4rki talletada taastatavas vanas kirikus vanade tudulinlaste koduloo- ja kultuurip\u00e4randit, kogume erinevaid pilte, m\u00e4lestusi, esemeid Tudulinna kohalikust elust.<\/p>\n<p>Kui sinu kodus leidub midagi p\u00f5nevat, mis v\u00f5iks huvi pakkuda nii kohaliku ajaloo- kui koduloohuvilistele, v\u00f5ta meiega \u00fchendust.<\/p>\n","protected":false},"excerpt":{"rendered":"<p>Esivanemad on p\u00e4randanud meile hindamatu v\u00e4\u00e4rtusega kogu. Selle mahuka p\u00e4randi alleshoidmine ja v\u00e4\u00e4rtustamine on meie k\u00f5igi ees\u00f5igus ja ka \u00fclesanne. Iga\u00fcks saab omalt poolt kaasa aidata. Vaadakem endi \u00fcmber, sirvigem vanu perekonnaalbumeid ja otsigem tuhmunud fotosid. Nende v\u00e4\u00e4rtus ajas ainult kasvab. Pidades silmas MT\u00dc Tudulinna Kultuurikants tulevikueesm\u00e4rki talletada taastatavas vanas&nbsp;[ &hellip; ]<\/p>\n","protected":false},"author":4,"featured_media":0,"parent":0,"menu_order":0,"comment_status":"closed","ping_status":"closed","template":"","meta":{"_bbp_topic_count":0,"_bbp_reply_count":0,"_bbp_total_topic_count":0,"_bbp_total_reply_count":0,"_bbp_voice_count":0,"_bbp_anonymous_reply_count":0,"_bbp_topic_count_hidden":0,"_bbp_reply_count_hidden":0,"_bbp_forum_subforum_count":0,"footnotes":"","_links_to":"","_links_to_target":""},"class_list":["post-884","page","type-page","status-publish","hentry","list-style-post"],"_links":{"self":[{"href":"https:\/\/tudulinnakultuurikants.ee\/index.php?rest_route=\/wp\/v2\/pages\/884","targetHints":{"allow":["GET"]}}],"collection":[{"href":"https:\/\/tudulinnakultuurikants.ee\/index.php?rest_route=\/wp\/v2\/pages"}],"about":[{"href":"https:\/\/tudulinnakultuurikants.ee\/index.php?rest_route=\/wp\/v2\/types\/page"}],"author":[{"embeddable":true,"href":"https:\/\/tudulinnakultuurikants.ee\/index.php?rest_route=\/wp\/v2\/users\/4"}],"replies":[{"embeddable":true,"href":"https:\/\/tudulinnakultuurikants.ee\/index.php?rest_route=%2Fwp%2Fv2%2Fcomments&post=884"}],"version-history":[{"count":6,"href":"https:\/\/tudulinnakultuurikants.ee\/index.php?rest_route=\/wp\/v2\/pages\/884\/revisions"}],"predecessor-version":[{"id":1064,"href":"https:\/\/tudulinnakultuurikants.ee\/index.php?rest_route=\/wp\/v2\/pages\/884\/revisions\/1064"}],"wp:attachment":[{"href":"https:\/\/tudulinnakultuurikants.ee\/index.php?rest_route=%2Fwp%2Fv2%2Fmedia&parent=884"}],"curies":[{"name":"wp","href":"https:\/\/api.w.org\/{rel}","templated":true}]}}