{"id":897,"date":"2019-06-24T12:15:56","date_gmt":"2019-06-24T10:15:56","guid":{"rendered":"https:\/\/tudulinnakirik.planet.ee\/?page_id=897"},"modified":"2019-07-08T12:11:26","modified_gmt":"2019-07-08T10:11:26","slug":"vana-kiriku-koristustalgud","status":"publish","type":"page","link":"https:\/\/tudulinnakultuurikants.ee\/?page_id=897","title":{"rendered":"Vana kiriku koristustalgud"},"content":{"rendered":"<div id=\"pl-897\"  class=\"panel-layout\" ><div id=\"pg-897-0\"  class=\"panel-grid panel-has-style\" ><div style=\"padding-top: 30px; padding-bottom: 30px; \" class=\"panel-row-style panel-row-style-for-897-0\" ><div id=\"pgc-897-0-0\"  class=\"panel-grid-cell panel-grid-cell-empty\" ><\/div><\/div><\/div><div id=\"pg-897-1\"  class=\"panel-grid panel-has-style\" ><div style=\"padding-top: 30px; padding-bottom: 30px; \" class=\"panel-row-style panel-row-style-for-897-1\" ><div id=\"pgc-897-1-0\"  class=\"panel-grid-cell\" ><div id=\"panel-897-1-0-0\" class=\"so-panel widget widget_text panel-first-child panel-last-child\" data-index=\"0\" ><h3 class=\"widget-title\">Koristustalgud<\/h3>\t\t\t<div class=\"textwidget\"><p>Esimese suurema \u00fchistegevusena korraldas MT\u00dc Tudulinna Kultuurikants 2017 aasta hiliss\u00fcgisel vana kiriku koristustalgud. Osales ligi 25 tudulinlast; t\u00f5husa p\u00e4eva jooksul puhastati hoone aastak\u00fcmnete jooksul sinna kogunenud r\u00e4mpsust, raiuti seinte \u00e4\u00e4rde kasvama hakanud v\u00f5sa ning ehitati ajutine, lukustatav uks v\u00e4ltimaks k\u00f5rvaliste isikute vaba sissep\u00e4\u00e4su.<\/p>\n<\/div>\n\t\t<\/div><\/div><div id=\"pgc-897-1-1\"  class=\"panel-grid-cell\" ><div id=\"panel-897-1-1-0\" class=\"so-panel widget widget_media_image panel-first-child panel-last-child\" data-index=\"1\" ><figure style=\"width: 1024px\" class=\"wp-caption alignnone\"><img loading=\"lazy\" decoding=\"async\" width=\"1024\" height=\"683\" src=\"https:\/\/tudulinnakultuurikants.ee\/wp-content\/uploads\/2019\/05\/IMG_7682-1024x683.jpg\" class=\"image wp-image-376  attachment-large size-large\" alt=\"\" style=\"max-width: 100%; height: auto;\" srcset=\"https:\/\/tudulinnakultuurikants.ee\/wp-content\/uploads\/2019\/05\/IMG_7682-1024x683.jpg 1024w, https:\/\/tudulinnakultuurikants.ee\/wp-content\/uploads\/2019\/05\/IMG_7682-300x200.jpg 300w, https:\/\/tudulinnakultuurikants.ee\/wp-content\/uploads\/2019\/05\/IMG_7682-768x512.jpg 768w, https:\/\/tudulinnakultuurikants.ee\/wp-content\/uploads\/2019\/05\/IMG_7682-270x180.jpg 270w, https:\/\/tudulinnakultuurikants.ee\/wp-content\/uploads\/2019\/05\/IMG_7682-710x473.jpg 710w, https:\/\/tudulinnakultuurikants.ee\/wp-content\/uploads\/2019\/05\/IMG_7682-272x182.jpg 272w\" sizes=\"auto, (max-width: 1024px) 100vw, 1024px\" \/><figcaption class=\"wp-caption-text\">Talgulised 2017 aasta hiliss\u00fcgisel.  Foto: Andres Meresmaa<\/figcaption><\/figure><\/div><\/div><\/div><\/div><\/div>","protected":false},"excerpt":{"rendered":"<p>Esimese suurema \u00fchistegevusena korraldas MT\u00dc Tudulinna Kultuurikants 2017 aasta hiliss\u00fcgisel vana kiriku koristustalgud. Osales ligi 25 tudulinlast; t\u00f5husa p\u00e4eva jooksul puhastati hoone aastak\u00fcmnete jooksul sinna kogunenud r\u00e4mpsust, raiuti seinte \u00e4\u00e4rde kasvama hakanud v\u00f5sa ning ehitati ajutine, lukustatav uks v\u00e4ltimaks k\u00f5rvaliste isikute vaba sissep\u00e4\u00e4su.<\/p>\n","protected":false},"author":2,"featured_media":0,"parent":0,"menu_order":0,"comment_status":"closed","ping_status":"closed","template":"","meta":{"_bbp_topic_count":0,"_bbp_reply_count":0,"_bbp_total_topic_count":0,"_bbp_total_reply_count":0,"_bbp_voice_count":0,"_bbp_anonymous_reply_count":0,"_bbp_topic_count_hidden":0,"_bbp_reply_count_hidden":0,"_bbp_forum_subforum_count":0,"footnotes":"","_links_to":"","_links_to_target":""},"class_list":["post-897","page","type-page","status-publish","hentry","list-style-post"],"_links":{"self":[{"href":"https:\/\/tudulinnakultuurikants.ee\/index.php?rest_route=\/wp\/v2\/pages\/897","targetHints":{"allow":["GET"]}}],"collection":[{"href":"https:\/\/tudulinnakultuurikants.ee\/index.php?rest_route=\/wp\/v2\/pages"}],"about":[{"href":"https:\/\/tudulinnakultuurikants.ee\/index.php?rest_route=\/wp\/v2\/types\/page"}],"author":[{"embeddable":true,"href":"https:\/\/tudulinnakultuurikants.ee\/index.php?rest_route=\/wp\/v2\/users\/2"}],"replies":[{"embeddable":true,"href":"https:\/\/tudulinnakultuurikants.ee\/index.php?rest_route=%2Fwp%2Fv2%2Fcomments&post=897"}],"version-history":[{"count":6,"href":"https:\/\/tudulinnakultuurikants.ee\/index.php?rest_route=\/wp\/v2\/pages\/897\/revisions"}],"predecessor-version":[{"id":1039,"href":"https:\/\/tudulinnakultuurikants.ee\/index.php?rest_route=\/wp\/v2\/pages\/897\/revisions\/1039"}],"wp:attachment":[{"href":"https:\/\/tudulinnakultuurikants.ee\/index.php?rest_route=%2Fwp%2Fv2%2Fmedia&parent=897"}],"curies":[{"name":"wp","href":"https:\/\/api.w.org\/{rel}","templated":true}]}}