{"id":904,"date":"2019-06-24T12:26:33","date_gmt":"2019-06-24T10:26:33","guid":{"rendered":"https:\/\/tudulinnakirik.planet.ee\/?page_id=904"},"modified":"2019-07-11T10:43:44","modified_gmt":"2019-07-11T08:43:44","slug":"heade-tegude-paev","status":"publish","type":"page","link":"https:\/\/tudulinnakultuurikants.ee\/?page_id=904","title":{"rendered":"Heade Tegude P\u00e4ev"},"content":{"rendered":"<div id=\"pl-904\"  class=\"panel-layout\" ><div id=\"pg-904-0\"  class=\"panel-grid panel-has-style\" ><div style=\"padding-top: 30px; padding-bottom: 30px; \" class=\"panel-row-style panel-row-style-for-904-0\" ><div id=\"pgc-904-0-0\"  class=\"panel-grid-cell panel-grid-cell-empty\" ><\/div><\/div><\/div><div id=\"pg-904-1\"  class=\"panel-grid panel-has-style\" ><div style=\"padding-top: 30px; padding-bottom: 30px; \" class=\"panel-row-style panel-row-style-for-904-1\" ><div id=\"pgc-904-1-0\"  class=\"panel-grid-cell\" ><div id=\"panel-904-1-0-0\" class=\"so-panel widget widget_text panel-first-child panel-last-child\" data-index=\"0\" ><h3 class=\"widget-title\">10 juuni 2018<\/h3>\t\t\t<div class=\"textwidget\"><p>Tudulinna kultuurip\u00e4randi s\u00e4ilitamine ja v\u00e4\u00e4rtustamine on meie tegevuse \u00fcks p\u00f5hisuundadest. 2018 aasta suve hakul kutsus MT\u00dc Tudulinna Kultuurikants koost\u00f6\u00f6le mitmed Tudulinnaga seotud huvigrupid. \u00dchiselt allkirjastati Heade Tegude P\u00e4eval koost\u00f6\u00f6 alused Hea Tahte Kokkuleppe vormis.<\/p>\n<p>Samal p\u00e4eval avati Tudulinna Linnam\u00e4el asuvaid ehitism\u00e4lestisi tutvustav infostend, mis m\u00f6\u00f6da Rakvere-Rannapungerja maanteed s\u00f5itvatele autoturistidele annab hea \u00fclevaate Tudulinna vanast ja uuest kirikust ning M\u00f6ldri talu tuuleveskist.<\/p>\n<p>Heade Tegude P\u00e4evale kogunes palju rahvast, kelledest paljud n\u00e4gid siis esmakordselt vana kiriku tornikukke, mis oli v\u00e4rskelt restaureeritud ning liikus hobuvankris \u00fcle Linnam\u00e4e vana kiriku ette. J\u00e4rgnes Oonurme koori kontsert &#8211; esmakordselt k\u00f5las muusika vanas kirikus rohkem kui 70 aastase vahe j\u00e4rel.<\/p>\n<p>Kaugemalt saabunud k\u00fclalistele korraldati ekskursioon &#8220;Ajalooline ja ainulaadne Tudulinn&#8221;, kus tutvustati p\u00f5nevamaid vaatamisv\u00e4\u00e4rsusi Tudulinnas ja l\u00e4hi\u00fcmbruses.<\/p>\n<\/div>\n\t\t<\/div><\/div><div id=\"pgc-904-1-1\"  class=\"panel-grid-cell\" ><div id=\"panel-904-1-1-0\" class=\"so-panel widget widget_media_image panel-first-child panel-last-child\" data-index=\"1\" ><figure style=\"width: 1024px\" class=\"wp-caption alignnone\"><img loading=\"lazy\" decoding=\"async\" width=\"1024\" height=\"683\" src=\"https:\/\/tudulinnakultuurikants.ee\/wp-content\/uploads\/2019\/05\/IMG_8112-1024x683.jpg\" class=\"image wp-image-378  attachment-large size-large\" alt=\"\" style=\"max-width: 100%; height: auto;\" srcset=\"https:\/\/tudulinnakultuurikants.ee\/wp-content\/uploads\/2019\/05\/IMG_8112-1024x683.jpg 1024w, https:\/\/tudulinnakultuurikants.ee\/wp-content\/uploads\/2019\/05\/IMG_8112-300x200.jpg 300w, https:\/\/tudulinnakultuurikants.ee\/wp-content\/uploads\/2019\/05\/IMG_8112-768x512.jpg 768w, https:\/\/tudulinnakultuurikants.ee\/wp-content\/uploads\/2019\/05\/IMG_8112-270x180.jpg 270w, https:\/\/tudulinnakultuurikants.ee\/wp-content\/uploads\/2019\/05\/IMG_8112-710x473.jpg 710w, https:\/\/tudulinnakultuurikants.ee\/wp-content\/uploads\/2019\/05\/IMG_8112-272x182.jpg 272w\" sizes=\"auto, (max-width: 1024px) 100vw, 1024px\" \/><figcaption class=\"wp-caption-text\">Hea Tahte Kokkuleppe allkirjastamine juunis 2018. Foto: Andres Meresmaa<\/figcaption><\/figure><\/div><\/div><\/div><\/div><\/div>","protected":false},"excerpt":{"rendered":"<p>Tudulinna kultuurip\u00e4randi s\u00e4ilitamine ja v\u00e4\u00e4rtustamine on meie tegevuse \u00fcks p\u00f5hisuundadest. 2018 aasta suve hakul kutsus MT\u00dc Tudulinna Kultuurikants koost\u00f6\u00f6le mitmed Tudulinnaga seotud huvigrupid. \u00dchiselt allkirjastati Heade Tegude P\u00e4eval koost\u00f6\u00f6 alused Hea Tahte Kokkuleppe vormis. Samal p\u00e4eval avati Tudulinna Linnam\u00e4el asuvaid ehitism\u00e4lestisi tutvustav infostend, mis m\u00f6\u00f6da Rakvere-Rannapungerja maanteed s\u00f5itvatele autoturistidele annab&nbsp;[ &hellip; ]<\/p>\n","protected":false},"author":2,"featured_media":0,"parent":0,"menu_order":0,"comment_status":"closed","ping_status":"closed","template":"","meta":{"_bbp_topic_count":0,"_bbp_reply_count":0,"_bbp_total_topic_count":0,"_bbp_total_reply_count":0,"_bbp_voice_count":0,"_bbp_anonymous_reply_count":0,"_bbp_topic_count_hidden":0,"_bbp_reply_count_hidden":0,"_bbp_forum_subforum_count":0,"footnotes":"","_links_to":"","_links_to_target":""},"class_list":["post-904","page","type-page","status-publish","hentry","list-style-post"],"_links":{"self":[{"href":"https:\/\/tudulinnakultuurikants.ee\/index.php?rest_route=\/wp\/v2\/pages\/904","targetHints":{"allow":["GET"]}}],"collection":[{"href":"https:\/\/tudulinnakultuurikants.ee\/index.php?rest_route=\/wp\/v2\/pages"}],"about":[{"href":"https:\/\/tudulinnakultuurikants.ee\/index.php?rest_route=\/wp\/v2\/types\/page"}],"author":[{"embeddable":true,"href":"https:\/\/tudulinnakultuurikants.ee\/index.php?rest_route=\/wp\/v2\/users\/2"}],"replies":[{"embeddable":true,"href":"https:\/\/tudulinnakultuurikants.ee\/index.php?rest_route=%2Fwp%2Fv2%2Fcomments&post=904"}],"version-history":[{"count":13,"href":"https:\/\/tudulinnakultuurikants.ee\/index.php?rest_route=\/wp\/v2\/pages\/904\/revisions"}],"predecessor-version":[{"id":1057,"href":"https:\/\/tudulinnakultuurikants.ee\/index.php?rest_route=\/wp\/v2\/pages\/904\/revisions\/1057"}],"wp:attachment":[{"href":"https:\/\/tudulinnakultuurikants.ee\/index.php?rest_route=%2Fwp%2Fv2%2Fmedia&parent=904"}],"curies":[{"name":"wp","href":"https:\/\/api.w.org\/{rel}","templated":true}]}}